{"id":19062,"date":"2023-11-24T14:25:55","date_gmt":"2023-11-24T13:25:55","guid":{"rendered":"https:\/\/123helikoptervluchten.nl\/?post_type=product&#038;p=19062"},"modified":"2025-05-01T18:47:25","modified_gmt":"2025-05-01T16:47:25","slug":"helikoptervlucht-bollenstreek","status":"publish","type":"product","link":"https:\/\/123helikoptervluchten.nl\/fr\/helikoptervlucht\/bollenstreek\/","title":{"rendered":"Vol en h\u00e9licopt\u00e8re Bollenstreek"},"excerpt":{"rendered":"<p>Prendre un vol en h\u00e9licopt\u00e8re Bollenstreek pour 1-6 personnes \u00e0 partir de l'a\u00e9roport d'Hilversum ? C'est possible <strong>7 jours<\/strong> dans la semaine et est un <strong>vol priv\u00e9. <\/strong>Depuis Hilversum, vous vous envolerez vers les champs de bulbes avec un vol touristique spacieux au-dessus de Lisse et de ses environs, puis vous reviendrez.<\/p>","protected":false},"featured_media":17504,"template":"","meta":{"_acf_changed":false},"product_brand":[],"product_cat":[28,18],"product_tag":[],"class_list":{"0":"post-19062","1":"product","2":"type-product","3":"status-publish","4":"has-post-thumbnail","6":"product_cat-helikoptervlucht","7":"product_cat-geen-categorie","8":"tm-has-options","10":"first","11":"instock","12":"virtual","13":"taxable","14":"purchasable","15":"product-type-simple"},"acf":[],"gallery_images":[],"_links":{"self":[{"href":"https:\/\/123helikoptervluchten.nl\/fr\/wp-json\/wp\/v2\/product\/19062","targetHints":{"allow":["GET"]}}],"collection":[{"href":"https:\/\/123helikoptervluchten.nl\/fr\/wp-json\/wp\/v2\/product"}],"about":[{"href":"https:\/\/123helikoptervluchten.nl\/fr\/wp-json\/wp\/v2\/types\/product"}],"wp:featuredmedia":[{"embeddable":true,"href":"https:\/\/123helikoptervluchten.nl\/fr\/wp-json\/wp\/v2\/media\/17504"}],"wp:attachment":[{"href":"https:\/\/123helikoptervluchten.nl\/fr\/wp-json\/wp\/v2\/media?parent=19062"}],"wp:term":[{"taxonomy":"product_brand","embeddable":true,"href":"https:\/\/123helikoptervluchten.nl\/fr\/wp-json\/wp\/v2\/product_brand?post=19062"},{"taxonomy":"product_cat","embeddable":true,"href":"https:\/\/123helikoptervluchten.nl\/fr\/wp-json\/wp\/v2\/product_cat?post=19062"},{"taxonomy":"product_tag","embeddable":true,"href":"https:\/\/123helikoptervluchten.nl\/fr\/wp-json\/wp\/v2\/product_tag?post=19062"}],"curies":[{"name":"wp","href":"https:\/\/api.w.org\/{rel}","templated":true}]}}