{"id":18895,"date":"2023-09-13T13:34:26","date_gmt":"2023-09-13T11:34:26","guid":{"rendered":"https:\/\/123helikoptervluchten.nl\/?post_type=product&#038;p=18895"},"modified":"2025-05-02T00:11:26","modified_gmt":"2025-05-01T22:11:26","slug":"waardebon-bepaal-zelf-het-bedrag","status":"publish","type":"product","link":"https:\/\/123helikoptervluchten.nl\/fr\/bons\/choisissez-votre-propre-montant\/","title":{"rendered":"Voucher \ud83c\udf89 - D\u00e9finissez vous-m\u00eame le montant"},"excerpt":{"rendered":"<p>Choisissez ci-dessous la valeur du bon. Apr\u00e8s l'achat, vous recevrez un joli bon d'achat de votre valeur, avec un code de r\u00e9duction et des instructions. Vous pouvez ensuite l'imprimer, \u00e9crire un message personnel si vous le souhaitez et il sera joliment d\u00e9cor\u00e9 avec un certain nombre de photos d'h\u00e9licopt\u00e8res. Un bon est valable 1 an et peut \u00eatre d\u00e9pens\u00e9 dans notre boutique en ligne pour acheter un vol ou une le\u00e7on d'h\u00e9licopt\u00e8re.<\/p>","protected":false},"featured_media":18625,"template":"","meta":{"_acf_changed":false},"product_brand":[],"product_cat":[34],"product_tag":[],"class_list":{"0":"post-18895","1":"product","2":"type-product","3":"status-publish","4":"has-post-thumbnail","6":"product_cat-waardebonnen","7":"tm-no-options","9":"first","10":"instock","11":"virtual","12":"sold-individually","13":"taxable","14":"purchasable","15":"product-type-simple"},"acf":[],"gallery_images":[],"_links":{"self":[{"href":"https:\/\/123helikoptervluchten.nl\/fr\/wp-json\/wp\/v2\/product\/18895","targetHints":{"allow":["GET"]}}],"collection":[{"href":"https:\/\/123helikoptervluchten.nl\/fr\/wp-json\/wp\/v2\/product"}],"about":[{"href":"https:\/\/123helikoptervluchten.nl\/fr\/wp-json\/wp\/v2\/types\/product"}],"wp:featuredmedia":[{"embeddable":true,"href":"https:\/\/123helikoptervluchten.nl\/fr\/wp-json\/wp\/v2\/media\/18625"}],"wp:attachment":[{"href":"https:\/\/123helikoptervluchten.nl\/fr\/wp-json\/wp\/v2\/media?parent=18895"}],"wp:term":[{"taxonomy":"product_brand","embeddable":true,"href":"https:\/\/123helikoptervluchten.nl\/fr\/wp-json\/wp\/v2\/product_brand?post=18895"},{"taxonomy":"product_cat","embeddable":true,"href":"https:\/\/123helikoptervluchten.nl\/fr\/wp-json\/wp\/v2\/product_cat?post=18895"},{"taxonomy":"product_tag","embeddable":true,"href":"https:\/\/123helikoptervluchten.nl\/fr\/wp-json\/wp\/v2\/product_tag?post=18895"}],"curies":[{"name":"wp","href":"https:\/\/api.w.org\/{rel}","templated":true}]}}