{"id":18494,"date":"2023-04-21T19:30:22","date_gmt":"2023-04-21T17:30:22","guid":{"rendered":"https:\/\/123helikoptervluchten.nl\/?post_type=product&#038;p=18494"},"modified":"2025-05-01T17:08:32","modified_gmt":"2025-05-01T15:08:32","slug":"helikopterles-harskamp","status":"publish","type":"product","link":"https:\/\/123helikoptervluchten.nl\/fr\/helikopterles\/harskamp\/","title":{"rendered":"Cours d'h\u00e9licopt\u00e8re Harskamp"},"excerpt":{"rendered":"<p>R\u00e9servez une le\u00e7on d'essai en h\u00e9licopt\u00e8re \u00e0 l'h\u00e9liport de Harskamp. Vous pouvez le faire seul ou avec des passagers. Mais attention, voler soi-m\u00eame cr\u00e9e une d\u00e9pendance ! C'est aussi un cadeau amusant \u00e0 offrir. Cet endroit est disponible tous les jours sauf le dimanche.<\/p>","protected":false},"featured_media":18495,"template":"","meta":{"_acf_changed":false},"product_brand":[],"product_cat":[18,29],"product_tag":[],"class_list":{"0":"post-18494","1":"product","2":"type-product","3":"status-publish","4":"has-post-thumbnail","6":"product_cat-geen-categorie","7":"product_cat-helikopterles","8":"tm-no-options","10":"first","11":"instock","12":"virtual","13":"taxable","14":"purchasable","15":"product-type-simple"},"acf":[],"gallery_images":[18495,18496,18497,13107],"_links":{"self":[{"href":"https:\/\/123helikoptervluchten.nl\/fr\/wp-json\/wp\/v2\/product\/18494","targetHints":{"allow":["GET"]}}],"collection":[{"href":"https:\/\/123helikoptervluchten.nl\/fr\/wp-json\/wp\/v2\/product"}],"about":[{"href":"https:\/\/123helikoptervluchten.nl\/fr\/wp-json\/wp\/v2\/types\/product"}],"wp:featuredmedia":[{"embeddable":true,"href":"https:\/\/123helikoptervluchten.nl\/fr\/wp-json\/wp\/v2\/media\/18495"}],"wp:attachment":[{"href":"https:\/\/123helikoptervluchten.nl\/fr\/wp-json\/wp\/v2\/media?parent=18494"}],"wp:term":[{"taxonomy":"product_brand","embeddable":true,"href":"https:\/\/123helikoptervluchten.nl\/fr\/wp-json\/wp\/v2\/product_brand?post=18494"},{"taxonomy":"product_cat","embeddable":true,"href":"https:\/\/123helikoptervluchten.nl\/fr\/wp-json\/wp\/v2\/product_cat?post=18494"},{"taxonomy":"product_tag","embeddable":true,"href":"https:\/\/123helikoptervluchten.nl\/fr\/wp-json\/wp\/v2\/product_tag?post=18494"}],"curies":[{"name":"wp","href":"https:\/\/api.w.org\/{rel}","templated":true}]}}