{"id":18298,"date":"2023-02-10T16:08:00","date_gmt":"2023-02-10T15:08:00","guid":{"rendered":"https:\/\/123helikoptervluchten.nl\/?post_type=product&#038;p=18298"},"modified":"2023-02-20T15:47:00","modified_gmt":"2023-02-20T14:47:00","slug":"le-hold-up-de-knokke-est-survole-par-un-helicoptere","status":"publish","type":"product","link":"https:\/\/123helikoptervluchten.nl\/fr\/tournee\/le-hold-up-de-knokke-est-survole-par-un-helicoptere\/","title":{"rendered":"Golf Knokke-Heist en h\u00e9licopt\u00e8re"},"excerpt":{"rendered":"<p>Par VIP de luxe <strong>h\u00e9licopt\u00e8re<\/strong> pour 1-6 personnes \u00e0 la <strong>Knokke-Heist<\/strong> en Belgique pour jouer au golf ? Nous volons 7 jours par semaine. Un transport efficace, un gain de temps pour les d\u00e9placements et <strong>venir repos\u00e9<\/strong> au golf.<\/p>","protected":false},"featured_media":17582,"template":"","meta":{"_acf_changed":false},"product_brand":[],"product_cat":[43],"product_tag":[],"class_list":{"0":"post-18298","1":"product","2":"type-product","3":"status-publish","4":"has-post-thumbnail","6":"product_cat-tour","7":"tm-no-options","9":"first","10":"instock","11":"virtual","12":"taxable","13":"purchasable","14":"product-type-simple"},"acf":[],"gallery_images":[18306,18300,17578,18304,18308,18303,18307,18299,18309],"_links":{"self":[{"href":"https:\/\/123helikoptervluchten.nl\/fr\/wp-json\/wp\/v2\/product\/18298","targetHints":{"allow":["GET"]}}],"collection":[{"href":"https:\/\/123helikoptervluchten.nl\/fr\/wp-json\/wp\/v2\/product"}],"about":[{"href":"https:\/\/123helikoptervluchten.nl\/fr\/wp-json\/wp\/v2\/types\/product"}],"wp:featuredmedia":[{"embeddable":true,"href":"https:\/\/123helikoptervluchten.nl\/fr\/wp-json\/wp\/v2\/media\/17582"}],"wp:attachment":[{"href":"https:\/\/123helikoptervluchten.nl\/fr\/wp-json\/wp\/v2\/media?parent=18298"}],"wp:term":[{"taxonomy":"product_brand","embeddable":true,"href":"https:\/\/123helikoptervluchten.nl\/fr\/wp-json\/wp\/v2\/product_brand?post=18298"},{"taxonomy":"product_cat","embeddable":true,"href":"https:\/\/123helikoptervluchten.nl\/fr\/wp-json\/wp\/v2\/product_cat?post=18298"},{"taxonomy":"product_tag","embeddable":true,"href":"https:\/\/123helikoptervluchten.nl\/fr\/wp-json\/wp\/v2\/product_tag?post=18298"}],"curies":[{"name":"wp","href":"https:\/\/api.w.org\/{rel}","templated":true}]}}