{"id":18287,"date":"2023-02-09T01:20:58","date_gmt":"2023-02-09T00:20:58","guid":{"rendered":"https:\/\/123helikoptervluchten.nl\/?post_type=product&#038;p=18287"},"modified":"2023-02-20T15:48:55","modified_gmt":"2023-02-20T14:48:55","slug":"les-hollandais-en-helicoptere","status":"publish","type":"product","link":"https:\/\/123helikoptervluchten.nl\/fr\/tournee\/le-golf-neerlandais-en-helicoptere\/","title":{"rendered":"Les N\u00e9erlandais jouent au golf en h\u00e9licopt\u00e8re"},"excerpt":{"rendered":"<p>Par VIP de luxe <strong>h\u00e9licopt\u00e8re<\/strong> pour 1-6 personnes \u00e0 la <strong>Le golf n\u00e9erlandais<\/strong> \u00e0 Spijk ? Nous volons 7 jours par semaine. Un transport efficace, qui permet d'\u00e9conomiser du temps et de l'argent. <strong>venir repos\u00e9<\/strong> au golf.<\/p>","protected":false},"featured_media":17582,"template":"","meta":{"_acf_changed":false},"product_brand":[],"product_cat":[43],"product_tag":[],"class_list":{"0":"post-18287","1":"product","2":"type-product","3":"status-publish","4":"has-post-thumbnail","6":"product_cat-tour","7":"tm-no-options","9":"first","10":"instock","11":"virtual","12":"taxable","13":"purchasable","14":"product-type-simple"},"acf":[],"gallery_images":[18292,17578,18293,18295],"_links":{"self":[{"href":"https:\/\/123helikoptervluchten.nl\/fr\/wp-json\/wp\/v2\/product\/18287","targetHints":{"allow":["GET"]}}],"collection":[{"href":"https:\/\/123helikoptervluchten.nl\/fr\/wp-json\/wp\/v2\/product"}],"about":[{"href":"https:\/\/123helikoptervluchten.nl\/fr\/wp-json\/wp\/v2\/types\/product"}],"wp:featuredmedia":[{"embeddable":true,"href":"https:\/\/123helikoptervluchten.nl\/fr\/wp-json\/wp\/v2\/media\/17582"}],"wp:attachment":[{"href":"https:\/\/123helikoptervluchten.nl\/fr\/wp-json\/wp\/v2\/media?parent=18287"}],"wp:term":[{"taxonomy":"product_brand","embeddable":true,"href":"https:\/\/123helikoptervluchten.nl\/fr\/wp-json\/wp\/v2\/product_brand?post=18287"},{"taxonomy":"product_cat","embeddable":true,"href":"https:\/\/123helikoptervluchten.nl\/fr\/wp-json\/wp\/v2\/product_cat?post=18287"},{"taxonomy":"product_tag","embeddable":true,"href":"https:\/\/123helikoptervluchten.nl\/fr\/wp-json\/wp\/v2\/product_tag?post=18287"}],"curies":[{"name":"wp","href":"https:\/\/api.w.org\/{rel}","templated":true}]}}