{"id":18273,"date":"2023-02-05T18:39:06","date_gmt":"2023-02-05T17:39:06","guid":{"rendered":"https:\/\/123helikoptervluchten.nl\/?post_type=product&#038;p=18273"},"modified":"2023-12-10T13:23:08","modified_gmt":"2023-12-10T12:23:08","slug":"en-helicoptere-jusquau-golf-de-bernard","status":"publish","type":"product","link":"https:\/\/123helikoptervluchten.nl\/fr\/tournee\/terrain-de-golf-bernardus\/","title":{"rendered":"Bernardus Golf en h\u00e9licopt\u00e8re"},"excerpt":{"rendered":"<p>Par VIP de luxe <strong>h\u00e9licopt\u00e8re<\/strong> pour 1-6 personnes \u00e0 la <strong>Bernardus Golf<\/strong> \u00e0 Cromvoirt ? Nous volons 7 jours par semaine. Un transport efficace, qui permet de gagner du temps et d'\u00e9conomiser de l'argent. <strong>venir repos\u00e9<\/strong> au golf.<\/p>","protected":false},"featured_media":17582,"template":"","meta":{"_acf_changed":false},"product_brand":[],"product_cat":[43],"product_tag":[],"class_list":{"0":"post-18273","1":"product","2":"type-product","3":"status-publish","4":"has-post-thumbnail","6":"product_cat-tour","7":"tm-no-options","9":"first","10":"instock","11":"virtual","12":"taxable","13":"purchasable","14":"product-type-simple"},"acf":[],"gallery_images":[17578,19119],"_links":{"self":[{"href":"https:\/\/123helikoptervluchten.nl\/fr\/wp-json\/wp\/v2\/product\/18273","targetHints":{"allow":["GET"]}}],"collection":[{"href":"https:\/\/123helikoptervluchten.nl\/fr\/wp-json\/wp\/v2\/product"}],"about":[{"href":"https:\/\/123helikoptervluchten.nl\/fr\/wp-json\/wp\/v2\/types\/product"}],"wp:featuredmedia":[{"embeddable":true,"href":"https:\/\/123helikoptervluchten.nl\/fr\/wp-json\/wp\/v2\/media\/17582"}],"wp:attachment":[{"href":"https:\/\/123helikoptervluchten.nl\/fr\/wp-json\/wp\/v2\/media?parent=18273"}],"wp:term":[{"taxonomy":"product_brand","embeddable":true,"href":"https:\/\/123helikoptervluchten.nl\/fr\/wp-json\/wp\/v2\/product_brand?post=18273"},{"taxonomy":"product_cat","embeddable":true,"href":"https:\/\/123helikoptervluchten.nl\/fr\/wp-json\/wp\/v2\/product_cat?post=18273"},{"taxonomy":"product_tag","embeddable":true,"href":"https:\/\/123helikoptervluchten.nl\/fr\/wp-json\/wp\/v2\/product_tag?post=18273"}],"curies":[{"name":"wp","href":"https:\/\/api.w.org\/{rel}","templated":true}]}}