{"id":17927,"date":"2022-07-08T13:04:49","date_gmt":"2022-07-08T11:04:49","guid":{"rendered":"https:\/\/123helikoptervluchten.nl\/?post_type=product&#038;p=17927"},"modified":"2025-05-01T17:08:53","modified_gmt":"2025-05-01T15:08:53","slug":"lecon-dhelicoptere-emmen","status":"publish","type":"product","link":"https:\/\/123helikoptervluchten.nl\/fr\/helikopterles\/emmen\/","title":{"rendered":"Cours d'h\u00e9licopt\u00e8re Emmen"},"excerpt":{"rendered":"<p>Prenez une le\u00e7on d'essai d'h\u00e9licopt\u00e8re au d\u00e9part d'Emmen. Vous aurez d'abord 30 minutes de th\u00e9orie, les bases du pilotage d'un h\u00e9licopt\u00e8re, puis, en compagnie d'un instructeur, vous ferez vous-m\u00eame un vol en h\u00e9licopt\u00e8re pendant 30 ou 45 minutes !<\/p>","protected":false},"featured_media":14756,"template":"","meta":{"_acf_changed":false},"product_brand":[],"product_cat":[18,29],"product_tag":[],"class_list":{"0":"post-17927","1":"product","2":"type-product","3":"status-publish","4":"has-post-thumbnail","6":"product_cat-geen-categorie","7":"product_cat-helikopterles","8":"tm-no-options","10":"first","11":"instock","12":"virtual","13":"taxable","14":"purchasable","15":"product-type-simple"},"acf":[],"gallery_images":[],"_links":{"self":[{"href":"https:\/\/123helikoptervluchten.nl\/fr\/wp-json\/wp\/v2\/product\/17927","targetHints":{"allow":["GET"]}}],"collection":[{"href":"https:\/\/123helikoptervluchten.nl\/fr\/wp-json\/wp\/v2\/product"}],"about":[{"href":"https:\/\/123helikoptervluchten.nl\/fr\/wp-json\/wp\/v2\/types\/product"}],"wp:featuredmedia":[{"embeddable":true,"href":"https:\/\/123helikoptervluchten.nl\/fr\/wp-json\/wp\/v2\/media\/14756"}],"wp:attachment":[{"href":"https:\/\/123helikoptervluchten.nl\/fr\/wp-json\/wp\/v2\/media?parent=17927"}],"wp:term":[{"taxonomy":"product_brand","embeddable":true,"href":"https:\/\/123helikoptervluchten.nl\/fr\/wp-json\/wp\/v2\/product_brand?post=17927"},{"taxonomy":"product_cat","embeddable":true,"href":"https:\/\/123helikoptervluchten.nl\/fr\/wp-json\/wp\/v2\/product_cat?post=17927"},{"taxonomy":"product_tag","embeddable":true,"href":"https:\/\/123helikoptervluchten.nl\/fr\/wp-json\/wp\/v2\/product_tag?post=17927"}],"curies":[{"name":"wp","href":"https:\/\/api.w.org\/{rel}","templated":true}]}}