{"id":17907,"date":"2022-07-04T14:42:10","date_gmt":"2022-07-04T12:42:10","guid":{"rendered":"https:\/\/123helikoptervluchten.nl\/?post_type=product&#038;p=17907"},"modified":"2023-02-08T22:30:08","modified_gmt":"2023-02-08T21:30:08","slug":"formule-1-spa-francorchamps","status":"publish","type":"product","link":"https:\/\/123helikoptervluchten.nl\/fr\/evenement\/formule-1-spa-francorchamps-par-helicoptere\/","title":{"rendered":"Formule 1 - Spa Francorchamps"},"excerpt":{"rendered":"<p>Volez avec style en tant que VIP vers la Formule 1 \u00e0 Spa Francorchamps en h\u00e9licopt\u00e8re. Vous partirez de l'a\u00e9roport de Budel ou de l'a\u00e9roport de Theux et serez d\u00e9pos\u00e9 sur le circuit de Spa. R\u00e9servez d\u00e8s maintenant vos places dans un h\u00e9licopt\u00e8re de luxe partag\u00e9. D\u00e9part le matin, retour le soir.<\/p>","protected":false},"featured_media":17904,"template":"","meta":{"_acf_changed":false},"product_brand":[],"product_cat":[45],"product_tag":[],"class_list":{"0":"post-17907","1":"product","2":"type-product","3":"status-publish","4":"has-post-thumbnail","6":"product_cat-evenement","7":"tm-has-options","9":"first","10":"instock","11":"virtual","12":"taxable","13":"product-type-simple"},"acf":[],"gallery_images":[],"_links":{"self":[{"href":"https:\/\/123helikoptervluchten.nl\/fr\/wp-json\/wp\/v2\/product\/17907","targetHints":{"allow":["GET"]}}],"collection":[{"href":"https:\/\/123helikoptervluchten.nl\/fr\/wp-json\/wp\/v2\/product"}],"about":[{"href":"https:\/\/123helikoptervluchten.nl\/fr\/wp-json\/wp\/v2\/types\/product"}],"wp:featuredmedia":[{"embeddable":true,"href":"https:\/\/123helikoptervluchten.nl\/fr\/wp-json\/wp\/v2\/media\/17904"}],"wp:attachment":[{"href":"https:\/\/123helikoptervluchten.nl\/fr\/wp-json\/wp\/v2\/media?parent=17907"}],"wp:term":[{"taxonomy":"product_brand","embeddable":true,"href":"https:\/\/123helikoptervluchten.nl\/fr\/wp-json\/wp\/v2\/product_brand?post=17907"},{"taxonomy":"product_cat","embeddable":true,"href":"https:\/\/123helikoptervluchten.nl\/fr\/wp-json\/wp\/v2\/product_cat?post=17907"},{"taxonomy":"product_tag","embeddable":true,"href":"https:\/\/123helikoptervluchten.nl\/fr\/wp-json\/wp\/v2\/product_tag?post=17907"}],"curies":[{"name":"wp","href":"https:\/\/api.w.org\/{rel}","templated":true}]}}