{"id":17906,"date":"2022-07-04T13:58:36","date_gmt":"2022-07-04T11:58:36","guid":{"rendered":"https:\/\/123helikoptervluchten.nl\/?post_type=product&#038;p=17906"},"modified":"2025-06-10T18:45:06","modified_gmt":"2025-06-10T16:45:06","slug":"formule-1-sandvoort","status":"publish","type":"product","link":"https:\/\/123helikoptervluchten.nl\/fr\/evenement\/formule-1-sandvoort-en-helicoptere\/","title":{"rendered":"Formule 1 Zandvoort en h\u00e9licopt\u00e8re | Dutch GP"},"excerpt":{"rendered":"<p>Volez avec style en tant que VIP vers la Formule 1 \u00e0 Zandvoort en h\u00e9licopt\u00e8re. Vous partirez de l'h\u00e9liport d'Amsterdam et serez d\u00e9pos\u00e9 sur le circuit de Zandvoort. R\u00e9servez d\u00e8s maintenant vos places dans un h\u00e9licopt\u00e8re de luxe partag\u00e9. Vous partirez le matin et reviendrez le soir.<\/p>","protected":false},"featured_media":17904,"template":"","meta":{"_acf_changed":false},"product_brand":[],"product_cat":[45],"product_tag":[],"class_list":{"0":"post-17906","1":"product","2":"type-product","3":"status-publish","4":"has-post-thumbnail","6":"product_cat-evenement","7":"tm-has-options","9":"first","10":"instock","11":"virtual","12":"taxable","13":"purchasable","14":"product-type-simple"},"acf":[],"gallery_images":[],"_links":{"self":[{"href":"https:\/\/123helikoptervluchten.nl\/fr\/wp-json\/wp\/v2\/product\/17906","targetHints":{"allow":["GET"]}}],"collection":[{"href":"https:\/\/123helikoptervluchten.nl\/fr\/wp-json\/wp\/v2\/product"}],"about":[{"href":"https:\/\/123helikoptervluchten.nl\/fr\/wp-json\/wp\/v2\/types\/product"}],"wp:featuredmedia":[{"embeddable":true,"href":"https:\/\/123helikoptervluchten.nl\/fr\/wp-json\/wp\/v2\/media\/17904"}],"wp:attachment":[{"href":"https:\/\/123helikoptervluchten.nl\/fr\/wp-json\/wp\/v2\/media?parent=17906"}],"wp:term":[{"taxonomy":"product_brand","embeddable":true,"href":"https:\/\/123helikoptervluchten.nl\/fr\/wp-json\/wp\/v2\/product_brand?post=17906"},{"taxonomy":"product_cat","embeddable":true,"href":"https:\/\/123helikoptervluchten.nl\/fr\/wp-json\/wp\/v2\/product_cat?post=17906"},{"taxonomy":"product_tag","embeddable":true,"href":"https:\/\/123helikoptervluchten.nl\/fr\/wp-json\/wp\/v2\/product_tag?post=17906"}],"curies":[{"name":"wp","href":"https:\/\/api.w.org\/{rel}","templated":true}]}}