{"id":17361,"date":"2022-02-04T19:00:42","date_gmt":"2022-02-04T18:00:42","guid":{"rendered":"https:\/\/123helikoptervluchten.nl\/product\/niet-gecategoriseerd\/helikoptervlucht-zutphen\/"},"modified":"2025-02-11T21:20:39","modified_gmt":"2025-02-11T20:20:39","slug":"vol-en-helicoptere-zutphen","status":"publish","type":"product","link":"https:\/\/123helikoptervluchten.nl\/fr\/helikoptervlucht\/zutphen\/","title":{"rendered":"Vol en h\u00e9licopt\u00e8re Zutphen"},"excerpt":{"rendered":"<p>Faire un <strong>vol en h\u00e9licopt\u00e8re\u00a0<\/strong><b>Zutphen<\/b> pour 1 \u00e0 6 personnes. Les lieux d'embarquement les plus proches sont priv\u00e9s <strong>h\u00e9liport Harskamp<\/strong> pour 3-4 passagers, ou <strong>A\u00e9roport d'Hilversum<\/strong> pour 1-2 et 5-6 passagers. Pour effectuer un vol aller-retour de l'a\u00e9roport \u00e0 ce lieu, avec un vol touristique agr\u00e9able et les environs, et retour.<\/p>","protected":false},"featured_media":17504,"template":"","meta":{"_acf_changed":false},"product_brand":[],"product_cat":[28],"product_tag":[],"class_list":{"0":"post-17361","1":"product","2":"type-product","3":"status-publish","4":"has-post-thumbnail","6":"product_cat-helikoptervlucht","7":"tm-no-options","9":"first","10":"instock","11":"virtual","12":"purchasable","13":"product-type-simple"},"acf":[],"gallery_images":[],"_links":{"self":[{"href":"https:\/\/123helikoptervluchten.nl\/fr\/wp-json\/wp\/v2\/product\/17361","targetHints":{"allow":["GET"]}}],"collection":[{"href":"https:\/\/123helikoptervluchten.nl\/fr\/wp-json\/wp\/v2\/product"}],"about":[{"href":"https:\/\/123helikoptervluchten.nl\/fr\/wp-json\/wp\/v2\/types\/product"}],"wp:featuredmedia":[{"embeddable":true,"href":"https:\/\/123helikoptervluchten.nl\/fr\/wp-json\/wp\/v2\/media\/17504"}],"wp:attachment":[{"href":"https:\/\/123helikoptervluchten.nl\/fr\/wp-json\/wp\/v2\/media?parent=17361"}],"wp:term":[{"taxonomy":"product_brand","embeddable":true,"href":"https:\/\/123helikoptervluchten.nl\/fr\/wp-json\/wp\/v2\/product_brand?post=17361"},{"taxonomy":"product_cat","embeddable":true,"href":"https:\/\/123helikoptervluchten.nl\/fr\/wp-json\/wp\/v2\/product_cat?post=17361"},{"taxonomy":"product_tag","embeddable":true,"href":"https:\/\/123helikoptervluchten.nl\/fr\/wp-json\/wp\/v2\/product_tag?post=17361"}],"curies":[{"name":"wp","href":"https:\/\/api.w.org\/{rel}","templated":true}]}}