{"id":16990,"date":"2022-02-04T18:34:48","date_gmt":"2022-02-04T17:34:48","guid":{"rendered":"https:\/\/123helikoptervluchten.nl\/product\/niet-gecategoriseerd\/helikoptervlucht-utrecht-2\/"},"modified":"2025-05-01T18:49:17","modified_gmt":"2025-05-01T16:49:17","slug":"vol-en-helicoptere-utrecht-2","status":"publish","type":"product","link":"https:\/\/123helikoptervluchten.nl\/fr\/helikoptervlucht\/utrecht\/","title":{"rendered":"Vol en h\u00e9licopt\u00e8re Utrecht"},"excerpt":{"rendered":"<p>Prendre un vol en h\u00e9licopt\u00e8re Utrecht pour 1-6 personnes \u00e0 partir de l'a\u00e9roport d'Hilversum ? C'est possible <strong>7 jours<\/strong> dans la semaine. Il est situ\u00e9 au centre de la ville, <strong>les plus vendus,<\/strong>\u00a0le plus \u00e9conomique et le plus flexible. Il s'agit d'un <strong>vol priv\u00e9. <\/strong>De Hilversum, vous vous rendez \u00e0 Utrecht pour un vol touristique, puis vous revenez.<\/p>","protected":false},"featured_media":17504,"template":"","meta":{"_acf_changed":false},"product_brand":[],"product_cat":[28],"product_tag":[],"class_list":{"0":"post-16990","1":"product","2":"type-product","3":"status-publish","4":"has-post-thumbnail","6":"product_cat-helikoptervlucht","7":"tm-no-options","9":"first","10":"instock","11":"virtual","12":"taxable","13":"purchasable","14":"product-type-simple"},"acf":[],"gallery_images":[],"_links":{"self":[{"href":"https:\/\/123helikoptervluchten.nl\/fr\/wp-json\/wp\/v2\/product\/16990","targetHints":{"allow":["GET"]}}],"collection":[{"href":"https:\/\/123helikoptervluchten.nl\/fr\/wp-json\/wp\/v2\/product"}],"about":[{"href":"https:\/\/123helikoptervluchten.nl\/fr\/wp-json\/wp\/v2\/types\/product"}],"wp:featuredmedia":[{"embeddable":true,"href":"https:\/\/123helikoptervluchten.nl\/fr\/wp-json\/wp\/v2\/media\/17504"}],"wp:attachment":[{"href":"https:\/\/123helikoptervluchten.nl\/fr\/wp-json\/wp\/v2\/media?parent=16990"}],"wp:term":[{"taxonomy":"product_brand","embeddable":true,"href":"https:\/\/123helikoptervluchten.nl\/fr\/wp-json\/wp\/v2\/product_brand?post=16990"},{"taxonomy":"product_cat","embeddable":true,"href":"https:\/\/123helikoptervluchten.nl\/fr\/wp-json\/wp\/v2\/product_cat?post=16990"},{"taxonomy":"product_tag","embeddable":true,"href":"https:\/\/123helikoptervluchten.nl\/fr\/wp-json\/wp\/v2\/product_tag?post=16990"}],"curies":[{"name":"wp","href":"https:\/\/api.w.org\/{rel}","templated":true}]}}