{"id":14011,"date":"2021-11-10T15:03:20","date_gmt":"2021-11-10T14:03:20","guid":{"rendered":"https:\/\/dev.surv.nl\/123h\/?post_type=product&#038;p=14011"},"modified":"2025-12-01T16:38:42","modified_gmt":"2025-12-01T15:38:42","slug":"cadeau-geven","status":"publish","type":"product","link":"https:\/\/123helikoptervluchten.nl\/fr\/cadeau\/cadeau-geven\/","title":{"rendered":"Cadeaux"},"excerpt":{"rendered":"<p>Vous \u00eates \u00e0 la recherche d'une exp\u00e9rience extraordinaire et <strong>cadeau aventureux<\/strong> Vous voulez vraiment surprendre quelqu'un ? Ne cherchez pas plus loin ! Un vol en h\u00e9licopt\u00e8re est le cadeau id\u00e9al pour ceux qui aiment l'excitation, l'aventure et une exp\u00e9rience unique. Contenu du bon <strong>24 heures<\/strong> dans votre bo\u00eete aux lettres ! (nous n'avons pas de paquet cadeau physique par la poste)<\/p>\n<p>Choisir un <strong>le\u00e7on d'h\u00e9licopt\u00e8re<\/strong> ou <strong>vol en h\u00e9licopt\u00e8re<\/strong> et quel lieu ou a <strong>bon<\/strong>.<\/p>","protected":false},"featured_media":18610,"template":"","meta":{"_acf_changed":false},"product_brand":[],"product_cat":[40],"product_tag":[],"class_list":{"0":"post-14011","1":"product","2":"type-product","3":"status-publish","4":"has-post-thumbnail","6":"product_cat-cadeau","7":"tm-has-options","9":"first","10":"instock","11":"virtual","12":"taxable","13":"purchasable","14":"product-type-simple"},"acf":[],"gallery_images":[17504,17583,17582,17578,17445,13789,17505,18495,14710,14758,18496],"_links":{"self":[{"href":"https:\/\/123helikoptervluchten.nl\/fr\/wp-json\/wp\/v2\/product\/14011","targetHints":{"allow":["GET"]}}],"collection":[{"href":"https:\/\/123helikoptervluchten.nl\/fr\/wp-json\/wp\/v2\/product"}],"about":[{"href":"https:\/\/123helikoptervluchten.nl\/fr\/wp-json\/wp\/v2\/types\/product"}],"wp:featuredmedia":[{"embeddable":true,"href":"https:\/\/123helikoptervluchten.nl\/fr\/wp-json\/wp\/v2\/media\/18610"}],"wp:attachment":[{"href":"https:\/\/123helikoptervluchten.nl\/fr\/wp-json\/wp\/v2\/media?parent=14011"}],"wp:term":[{"taxonomy":"product_brand","embeddable":true,"href":"https:\/\/123helikoptervluchten.nl\/fr\/wp-json\/wp\/v2\/product_brand?post=14011"},{"taxonomy":"product_cat","embeddable":true,"href":"https:\/\/123helikoptervluchten.nl\/fr\/wp-json\/wp\/v2\/product_cat?post=14011"},{"taxonomy":"product_tag","embeddable":true,"href":"https:\/\/123helikoptervluchten.nl\/fr\/wp-json\/wp\/v2\/product_tag?post=14011"}],"curies":[{"name":"wp","href":"https:\/\/api.w.org\/{rel}","templated":true}]}}