{"id":13562,"date":"2021-09-18T14:18:39","date_gmt":"2021-09-18T12:18:39","guid":{"rendered":"https:\/\/dev.surv.nl\/123h\/?post_type=product&#038;p=13562"},"modified":"2025-05-01T17:08:40","modified_gmt":"2025-05-01T15:08:40","slug":"lecon-dhelicoptere-lelystad","status":"publish","type":"product","link":"https:\/\/123helikoptervluchten.nl\/fr\/helikopterles\/lelystad\/","title":{"rendered":"Cours d'h\u00e9licopt\u00e8re Lelystad"},"excerpt":{"rendered":"<p>R\u00e9servez une le\u00e7on d'essai en h\u00e9licopt\u00e8re \u00e0 l'a\u00e9roport de Lelystad. Vous pouvez le faire seul ou avec des passagers. Mais attention, voler soi-m\u00eame cr\u00e9e une d\u00e9pendance ! C'est aussi un cadeau amusant \u00e0 offrir.<\/p>","protected":false},"featured_media":13107,"template":"","meta":{"_acf_changed":false},"product_brand":[],"product_cat":[18,29],"product_tag":[],"class_list":{"0":"post-13562","1":"product","2":"type-product","3":"status-publish","4":"has-post-thumbnail","6":"product_cat-geen-categorie","7":"product_cat-helikopterles","8":"tm-no-options","10":"first","11":"instock","12":"virtual","13":"taxable","14":"purchasable","15":"product-type-simple"},"acf":[],"gallery_images":[13333,12901,13109,13107],"_links":{"self":[{"href":"https:\/\/123helikoptervluchten.nl\/fr\/wp-json\/wp\/v2\/product\/13562","targetHints":{"allow":["GET"]}}],"collection":[{"href":"https:\/\/123helikoptervluchten.nl\/fr\/wp-json\/wp\/v2\/product"}],"about":[{"href":"https:\/\/123helikoptervluchten.nl\/fr\/wp-json\/wp\/v2\/types\/product"}],"wp:featuredmedia":[{"embeddable":true,"href":"https:\/\/123helikoptervluchten.nl\/fr\/wp-json\/wp\/v2\/media\/13107"}],"wp:attachment":[{"href":"https:\/\/123helikoptervluchten.nl\/fr\/wp-json\/wp\/v2\/media?parent=13562"}],"wp:term":[{"taxonomy":"product_brand","embeddable":true,"href":"https:\/\/123helikoptervluchten.nl\/fr\/wp-json\/wp\/v2\/product_brand?post=13562"},{"taxonomy":"product_cat","embeddable":true,"href":"https:\/\/123helikoptervluchten.nl\/fr\/wp-json\/wp\/v2\/product_cat?post=13562"},{"taxonomy":"product_tag","embeddable":true,"href":"https:\/\/123helikoptervluchten.nl\/fr\/wp-json\/wp\/v2\/product_tag?post=13562"}],"curies":[{"name":"wp","href":"https:\/\/api.w.org\/{rel}","templated":true}]}}