{"id":13554,"date":"2021-09-16T14:54:56","date_gmt":"2021-09-16T12:54:56","guid":{"rendered":"https:\/\/dev.surv.nl\/123h\/?post_type=product&#038;p=13554"},"modified":"2025-10-03T16:43:39","modified_gmt":"2025-10-03T14:43:39","slug":"vol-en-helicoptere-lelystad-2","status":"publish","type":"product","link":"https:\/\/123helikoptervluchten.nl\/fr\/helikoptervlucht\/lelystad\/","title":{"rendered":"Vol en h\u00e9licopt\u00e8re Lelystad"},"excerpt":{"rendered":"<p>Prendre un vol en h\u00e9licopt\u00e8re Lelystad pour 2-6 personnes au d\u00e9part de l'a\u00e9roport de Lelystad ? C'est possible <strong>7 jours<\/strong> dans la semaine pour 3-6 personnes. Pour 2 personnes, 2 jours par mois sont possibles. Ces jours sont <strong>vols priv\u00e9s.<\/strong><\/p>","protected":false},"featured_media":14718,"template":"","meta":{"_acf_changed":false},"product_brand":[],"product_cat":[28],"product_tag":[],"class_list":{"0":"post-13554","1":"product","2":"type-product","3":"status-publish","4":"has-post-thumbnail","6":"product_cat-helikoptervlucht","7":"tm-has-options","9":"first","10":"instock","11":"virtual","12":"taxable","13":"purchasable","14":"product-type-simple"},"acf":[],"gallery_images":[14718,14723,13107,14756,20205,17582],"_links":{"self":[{"href":"https:\/\/123helikoptervluchten.nl\/fr\/wp-json\/wp\/v2\/product\/13554","targetHints":{"allow":["GET"]}}],"collection":[{"href":"https:\/\/123helikoptervluchten.nl\/fr\/wp-json\/wp\/v2\/product"}],"about":[{"href":"https:\/\/123helikoptervluchten.nl\/fr\/wp-json\/wp\/v2\/types\/product"}],"wp:featuredmedia":[{"embeddable":true,"href":"https:\/\/123helikoptervluchten.nl\/fr\/wp-json\/wp\/v2\/media\/14718"}],"wp:attachment":[{"href":"https:\/\/123helikoptervluchten.nl\/fr\/wp-json\/wp\/v2\/media?parent=13554"}],"wp:term":[{"taxonomy":"product_brand","embeddable":true,"href":"https:\/\/123helikoptervluchten.nl\/fr\/wp-json\/wp\/v2\/product_brand?post=13554"},{"taxonomy":"product_cat","embeddable":true,"href":"https:\/\/123helikoptervluchten.nl\/fr\/wp-json\/wp\/v2\/product_cat?post=13554"},{"taxonomy":"product_tag","embeddable":true,"href":"https:\/\/123helikoptervluchten.nl\/fr\/wp-json\/wp\/v2\/product_tag?post=13554"}],"curies":[{"name":"wp","href":"https:\/\/api.w.org\/{rel}","templated":true}]}}