{"id":10730,"date":"2019-05-15T14:08:57","date_gmt":"2019-05-15T12:08:57","guid":{"rendered":"https:\/\/123helikoptervluchten.nl\/product\/helikoptervlucht-zierikzee\/"},"modified":"2025-06-10T15:51:55","modified_gmt":"2025-06-10T13:51:55","slug":"zierikzee","status":"publish","type":"product","link":"https:\/\/123helikoptervluchten.nl\/fr\/helikoptervlucht\/zierikzee\/","title":{"rendered":"Vol en h\u00e9licopt\u00e8re Zierikzee"},"excerpt":{"rendered":"<p>Vous cherchez un vol en h\u00e9licopt\u00e8re pour un maximum de 3 personnes \u00e0 <span style=\"text-decoration: underline;\"><a title=\"Vol en h\u00e9licopt\u00e8re Zeeland\" href=\"https:\/\/123helikoptervluchten.nl\/fr\/helikoptervlucht\/zelande\/\">Z\u00e9lande<\/a><\/span>? Ce vol a lieu au d\u00e9part de Zierikzee, et peut \u00eatre effectu\u00e9 7 jours sur 7 !<\/p>","protected":false},"featured_media":17857,"template":"","meta":{"_acf_changed":false},"product_brand":[],"product_cat":[35],"product_tag":[],"class_list":{"0":"post-10730","1":"product","2":"type-product","3":"status-publish","4":"has-post-thumbnail","6":"product_cat-ghost","7":"tm-no-options","9":"first","10":"outofstock","11":"virtual","12":"taxable","13":"purchasable","14":"product-type-simple"},"acf":[],"gallery_images":[17856,13347,12865,13346,13572,13573,17855,17853,17858,17862,17865,17864,17863,17866],"_links":{"self":[{"href":"https:\/\/123helikoptervluchten.nl\/fr\/wp-json\/wp\/v2\/product\/10730","targetHints":{"allow":["GET"]}}],"collection":[{"href":"https:\/\/123helikoptervluchten.nl\/fr\/wp-json\/wp\/v2\/product"}],"about":[{"href":"https:\/\/123helikoptervluchten.nl\/fr\/wp-json\/wp\/v2\/types\/product"}],"wp:featuredmedia":[{"embeddable":true,"href":"https:\/\/123helikoptervluchten.nl\/fr\/wp-json\/wp\/v2\/media\/17857"}],"wp:attachment":[{"href":"https:\/\/123helikoptervluchten.nl\/fr\/wp-json\/wp\/v2\/media?parent=10730"}],"wp:term":[{"taxonomy":"product_brand","embeddable":true,"href":"https:\/\/123helikoptervluchten.nl\/fr\/wp-json\/wp\/v2\/product_brand?post=10730"},{"taxonomy":"product_cat","embeddable":true,"href":"https:\/\/123helikoptervluchten.nl\/fr\/wp-json\/wp\/v2\/product_cat?post=10730"},{"taxonomy":"product_tag","embeddable":true,"href":"https:\/\/123helikoptervluchten.nl\/fr\/wp-json\/wp\/v2\/product_tag?post=10730"}],"curies":[{"name":"wp","href":"https:\/\/api.w.org\/{rel}","templated":true}]}}