{"id":9,"date":"2021-04-14T12:46:09","date_gmt":"2021-04-14T12:46:09","guid":{"rendered":"https:\/\/dev.surv.nl\/123h\/?page_id=9"},"modified":"2026-03-30T13:05:26","modified_gmt":"2026-03-30T11:05:26","slug":"home","status":"publish","type":"page","link":"https:\/\/123helikoptervluchten.nl\/fr\/","title":{"rendered":"Accueil"},"content":{"rendered":"<h2>Tour en h\u00e9licopt\u00e8re<\/h2>\n<div class=\"row\">\n<div class=\"col-md-8\">\n<p>R\u00e9servez un vol en h\u00e9licopt\u00e8re. Bien entendu, nous proposons \u00e9galement des services sur mesure. Nous avons plus de 13 ans d'exp\u00e9rience dans ce secteur et nous proposons \u00e9galement des vols touristiques dans tous les Pays-Bas. Discutez avec nous des possibilit\u00e9s d'un vol en h\u00e9licopt\u00e8re ou choisissez un h\u00e9licopt\u00e8re pour <a href=\"https:\/\/123helikoptervluchten.nl\/fr\/blog\/helikopter-huren\/\">embaucher<\/a>.<\/p>\n<p>Vous cherchez une sortie originale lors d'\u00e9v\u00e9nements, de foires, de salons, de f\u00eates d'entreprise ou de journ\u00e9es d'entreprise ? Pensez alors aux vols touristiques en h\u00e9licopt\u00e8re, par exemple de 6 ou 10 minutes. Nous proposons \u00e9galement des vols VIP sur mesure avec des h\u00e9licopt\u00e8res bimoteurs. Il s'agit du m\u00eame type que le c\u00e9l\u00e8bre h\u00e9licopt\u00e8re ANWB trauma n\u00e9erlandais.<\/p>\n<p>Vous pouvez \u00e9galement nous contacter pour des missions sur mesure, telles qu'un vol \u00e0 destination de l'Union europ\u00e9enne. <a href=\"https:\/\/123helikoptervluchten.nl\/fr\/evenement\/formule-1-sandvoort-en-helicoptere\/\" target=\"_blank\" rel=\"noopener noreferrer nofollow\"><u>Circuit de Zandvoort<\/u><\/a> o\u00f9 se d\u00e9roule chaque ann\u00e9e le cirque de la Formule 1. En ce qui concerne les vols en h\u00e9licopt\u00e8re sur place, vous \u00eates \u00e9galement au bon endroit.<\/p>\n<\/div>\n<div class=\"col-md-4\"><img decoding=\"async\" class=\"alignnone wp-image-14686 size-full\" src=\"https:\/\/123helikoptervluchten.nl\/wp-content\/uploads\/2021\/12\/helikoptervlucht-boeken.jpg\" alt=\"R\u00e9servation de vols en h\u00e9licopt\u00e8re\" width=\"400\" height=\"226\" title=\"\" srcset=\"https:\/\/123helikoptervluchten.nl\/wp-content\/uploads\/2021\/12\/helikoptervlucht-boeken.jpg 400w, https:\/\/123helikoptervluchten.nl\/wp-content\/uploads\/2021\/12\/helikoptervlucht-boeken-300x170.jpg 300w, https:\/\/123helikoptervluchten.nl\/wp-content\/uploads\/2021\/12\/helikoptervlucht-boeken-60x34.jpg 60w, https:\/\/123helikoptervluchten.nl\/wp-content\/uploads\/2021\/12\/helikoptervlucht-boeken-110x62.jpg 110w\" sizes=\"(max-width: 400px) 100vw, 400px\" \/><\/div>\n<\/div>\n<h2>Cadeau pour un vol en h\u00e9licopt\u00e8re<\/h2>\n<p>D\u00e9couvrez une nouvelle dimension avec un vol en h\u00e9licopt\u00e8re \u00e0 couper le souffle ! Faites-vous plaisir ou offrez \u00e0 vos proches le cadeau ultime et offrez-leur un vol en h\u00e9licopt\u00e8re passionnant. <strong>vol en h\u00e9licopt\u00e8re comme cadeau<\/strong> qui fait battre leur c\u0153ur plus vite. Cette ann\u00e9e, surprenez vos amis et votre famille en leur offrant cette exp\u00e9rience unique en h\u00e9licopt\u00e8re, un cadeau qui suscitera \u00e0 coup s\u00fbr beaucoup d'enthousiasme. Le vol en h\u00e9licopt\u00e8re le plus vendu est celui d'une dur\u00e9e de 45 minutes. Commandez rapidement votre cadeau de vol en h\u00e9licopt\u00e8re et partez voler en h\u00e9licopt\u00e8re. Choisir le vol en h\u00e9licopt\u00e8re comme cadeau, c'est l'assurance de faire bonne impression !<\/p>\n<h2>H\u00e9licopt\u00e8re survolant les Pays-Bas<\/h2>\n<p>Que vous souhaitiez profiter des vues a\u00e9riennes \u00e9poustouflantes de votre ville pr\u00e9f\u00e9r\u00e9e ou d\u00e9couvrir si vous avez l'\u00e9toffe d'un pilote d'h\u00e9licopt\u00e8re, cet incroyable vol en h\u00e9licopt\u00e8re au-dessus des Pays-Bas offre des possibilit\u00e9s spectaculaires. Des monuments c\u00e9l\u00e8bres aux champs de tulipes color\u00e9s au printemps, prenez des photos inoubliables en vous \u00e9levant dans le ciel. Les vols les plus vendus sont offerts en cadeau. Offrez donc d\u00e8s maintenant un vol en h\u00e9licopt\u00e8re unique en son genre ! Voler en h\u00e9licopt\u00e8re est une exp\u00e9rience inoubliable. A <a title=\"Vol en h\u00e9licopt\u00e8re 2 personnes\" href=\"https:\/\/123helikoptervluchten.nl\/fr\/helikoptervlucht\/2-personnes\/\" target=\"_blank\" rel=\"noopener\">vol en h\u00e9licopt\u00e8re pour 2 personnes<\/a> est l'un de nos vols en h\u00e9licopt\u00e8re les plus r\u00e9serv\u00e9s. R\u00e9servez d\u00e8s aujourd'hui votre tour d'h\u00e9licopt\u00e8re aux Pays-Bas.<\/p>","protected":false},"excerpt":{"rendered":"<p>Helikopter rondvlucht Boek een helikoptervlucht. Uiteraard leveren wij ook maatwerk. Wij hebben ruim 13 jaar ervaring in deze branche, en leveren door heel Nederland ook rondvluchten op locatie. Bespreek met ons de mogelijkheden voor een helikopter rit of kies ervoor om een helikopter te huren. Zoek je een origineel uitje tijdens evenementen, jaarmarkt, braderie, bedrijfsfeest [&hellip;]<\/p>","protected":false},"author":10,"featured_media":0,"parent":0,"menu_order":0,"comment_status":"closed","ping_status":"closed","template":"template-homepage.php","meta":{"_acf_changed":false,"footnotes":""},"class_list":["post-9","page","type-page","status-publish","hentry"],"acf":[],"_links":{"self":[{"href":"https:\/\/123helikoptervluchten.nl\/fr\/wp-json\/wp\/v2\/pages\/9","targetHints":{"allow":["GET"]}}],"collection":[{"href":"https:\/\/123helikoptervluchten.nl\/fr\/wp-json\/wp\/v2\/pages"}],"about":[{"href":"https:\/\/123helikoptervluchten.nl\/fr\/wp-json\/wp\/v2\/types\/page"}],"author":[{"embeddable":true,"href":"https:\/\/123helikoptervluchten.nl\/fr\/wp-json\/wp\/v2\/users\/10"}],"replies":[{"embeddable":true,"href":"https:\/\/123helikoptervluchten.nl\/fr\/wp-json\/wp\/v2\/comments?post=9"}],"version-history":[{"count":0,"href":"https:\/\/123helikoptervluchten.nl\/fr\/wp-json\/wp\/v2\/pages\/9\/revisions"}],"wp:attachment":[{"href":"https:\/\/123helikoptervluchten.nl\/fr\/wp-json\/wp\/v2\/media?parent=9"}],"curies":[{"name":"wp","href":"https:\/\/api.w.org\/{rel}","templated":true}]}}