{"id":3,"date":"2021-04-12T10:08:40","date_gmt":"2021-04-12T10:08:40","guid":{"rendered":"https:\/\/dev.surv.nl\/123h\/?page_id=3"},"modified":"2024-10-10T11:15:43","modified_gmt":"2024-10-10T09:15:43","slug":"privacy-policy","status":"publish","type":"page","link":"https:\/\/123helikoptervluchten.nl\/fr\/privacy-policy\/","title":{"rendered":"Politique de confidentialit\u00e9"},"content":{"rendered":"<div class=\"gap\">\n<h3>Politique de confidentialit\u00e9<\/h3>\n<p>HeliQopter Services, situ\u00e9 \u00e0 Vliersingel 30, 8082 CH Elburg, Pays-Bas, est responsable du traitement des donn\u00e9es personnelles tel qu'il est d\u00e9crit dans la pr\u00e9sente d\u00e9claration de confidentialit\u00e9.<\/p>\n<p>Coordonn\u00e9es de la personne \u00e0 contacter :<br \/>\nHeliQopter Services<br \/>\nwww.123helikoptervluchten.nl<br \/>\nOder 20 - PO Box E7710<br \/>\n2491 DC La Haye<br \/>\nLes Pays-Bas<br \/>\n+31707007878<\/p>\n<p>W. Boerendans est le d\u00e9l\u00e9gu\u00e9 \u00e0 la protection des donn\u00e9es de HeliQopter Services et peut \u00eatre contact\u00e9 \u00e0 l'adresse info@123helikoptervluchten.nl.<\/p>\n<p><strong>Donn\u00e9es personnelles que nous traitons<\/strong><br \/>\nHeliQopter Services traite vos donn\u00e9es personnelles parce que vous utilisez nos services et\/ou parce que vous nous les fournissez vous-m\u00eame.<\/p>\n<p>Vous trouverez ci-dessous un aper\u00e7u des donn\u00e9es personnelles que nous traitons :<br \/>\n- Pr\u00e9nom et nom<br \/>\n- Genre<br \/>\n- Date de naissance<br \/>\n- Lieu de naissance<br \/>\n- Coordonn\u00e9es<br \/>\n- Num\u00e9ro de t\u00e9l\u00e9phone<br \/>\n- Adresse \u00e9lectronique<br \/>\n- Adresse IP<br \/>\n- Autres donn\u00e9es \u00e0 caract\u00e8re personnel que vous fournissez activement, par exemple en cr\u00e9ant un profil sur ce site web, par correspondance ou par t\u00e9l\u00e9phone.<br \/>\n- D\u00e9tails de l'emplacement<br \/>\n- Donn\u00e9es relatives \u00e0 vos activit\u00e9s sur notre site web<br \/>\n- Donn\u00e9es relatives \u00e0 votre comportement de navigation sur diff\u00e9rents sites web (par exemple, parce que cette soci\u00e9t\u00e9 fait partie d'un r\u00e9seau publicitaire)<br \/>\n- Liste des coordonn\u00e9es des clients via une application<br \/>\n- Navigateur Internet et type d'appareil<br \/>\n- Num\u00e9ro de compte bancaire<\/p>\n<p><strong>Donn\u00e9es personnelles sp\u00e9ciales et\/ou sensibles que nous traitons<\/strong><br \/>\nHeliQopter Services traite les donn\u00e9es personnelles sp\u00e9ciales et\/ou sensibles suivantes vous concernant :<br \/>\n- les donn\u00e9es des personnes de moins de 16 ans lorsqu'elles effectuent une r\u00e9servation ou nous contactent par t\u00e9l\u00e9phone, par courrier \u00e9lectronique ou par chat.<\/p>\n<p>Notre site web et\/ou service n'a pas l'intention de collecter des donn\u00e9es sur les visiteurs du site web \u00e2g\u00e9s de moins de 16 ans. \u00c0 moins qu'ils ne disposent d'une autorisation parentale ou d'un tuteur. Toutefois, nous ne pouvons pas v\u00e9rifier si un visiteur a plus de 16 ans. Nous conseillons donc aux parents de s'impliquer dans les activit\u00e9s en ligne de leurs enfants afin d'\u00e9viter de collecter des donn\u00e9es sur les enfants sans leur consentement. Si vous \u00eates convaincu que nous avons collect\u00e9 des donn\u00e9es personnelles sur un mineur sans ce consentement, veuillez nous contacter \u00e0 l'adresse info@123helikoptervluchten.nl et nous supprimerons ces informations.<\/p>\n<p><strong>Dans quel but et sur quelle base nous traitons les donn\u00e9es \u00e0 caract\u00e8re personnel<\/strong><br \/>\nHeliQopter Services traite vos donn\u00e9es personnelles aux fins suivantes :<br \/>\n- Traitement de votre paiement<br \/>\n- Envoi de notre lettre d'information et\/ou de notre d\u00e9pliant publicitaire<br \/>\n- vous appeler ou vous envoyer un courrier \u00e9lectronique si cela s'av\u00e8re n\u00e9cessaire pour la prestation de nos services<br \/>\n- vous informer des modifications apport\u00e9es \u00e0 nos services et produits<br \/>\n- Vous permettre de cr\u00e9er un compte<br \/>\n- Pour vous fournir des biens et des services<br \/>\n- HeliQopter Services analyse votre comportement sur le site Internet afin de l'am\u00e9liorer et d'adapter l'offre de produits et de services \u00e0 vos pr\u00e9f\u00e9rences.<br \/>\n- HeliQopter Services traite \u00e9galement des donn\u00e9es personnelles si nous sommes l\u00e9galement oblig\u00e9s de le faire, comme les donn\u00e9es dont nous avons besoin pour notre d\u00e9claration d'imp\u00f4ts.<\/p>\n<p><strong>Dur\u00e9e de conservation des donn\u00e9es personnelles<br \/>\n<\/strong>HeliQopter Services ne conserve pas vos donn\u00e9es \u00e0 caract\u00e8re personnel plus longtemps que ce qui est strictement n\u00e9cessaire pour atteindre les objectifs pour lesquels vos donn\u00e9es ont \u00e9t\u00e9 collect\u00e9es. Nous utilisons les p\u00e9riodes de conservation suivantes pour les (cat\u00e9gories de) donn\u00e9es personnelles suivantes :<\/p>\n<p>Donn\u00e9es personnelles &gt; 7 ans &gt; obligatoire pour les autorit\u00e9s fiscales<br \/>\nDonn\u00e9es relatives aux commandes &gt; 7 ans &gt; obligatoire pour les autorit\u00e9s fiscales<br \/>\nChats &gt; 3 ans &gt; Pour bien vous servir sur la base des conversations pr\u00e9c\u00e9dentes<br \/>\nNum\u00e9ros de t\u00e9l\u00e9phone &gt; 3 ans &gt; Pour vous offrir un bon service sur la base des conversations pr\u00e9c\u00e9dentes. Les conversations t\u00e9l\u00e9phoniques ne sont pas enregistr\u00e9es.<br \/>\nE-mails &gt; 3 ans &gt; Pour vous servir au mieux sur la base de conversations ant\u00e9rieures<\/p>\n<p><strong>Partage des donn\u00e9es personnelles avec des tiers<\/strong><br \/>\nHeliQopter Services partage vos donn\u00e9es personnelles avec divers tiers si cela est n\u00e9cessaire pour l'ex\u00e9cution du contrat et pour se conformer \u00e0 toute obligation l\u00e9gale. Avec les entreprises qui traitent vos donn\u00e9es en notre nom, nous concluons un accord de traitement afin de garantir le m\u00eame niveau de s\u00e9curit\u00e9 et de confidentialit\u00e9 de vos donn\u00e9es. HeliQopter Services reste responsable de ce traitement. En outre, HeliQopter Services fournit vos donn\u00e9es personnelles \u00e0 d'autres tiers. Nous ne le faisons qu'avec votre consentement explicite.<\/p>\n<p>Livechat &gt; Nous utilisons leur outil pour dialoguer avec vous sur notre site web. Nous avons conclu un accord de traitement avec Livechat. Celui-ci contient des accords stricts sur ce qu'ils sont autoris\u00e9s \u00e0 suivre.<br \/>\nGoogle Analytics &gt; Nous utilisons Google Analytics pour suivre l'utilisation de notre site web par les visiteurs. Nous avons conclu un accord de traitement avec Google. Celui-ci contient des accords stricts sur ce qu'ils sont autoris\u00e9s \u00e0 suivre.<br \/>\nMicrosoft Clarity &gt; Nous utilisons Microsoft Clarity pour savoir comment les visiteurs utilisent notre site web. Nous avons conclu un accord de traitement avec Microsoft Clarity. Celui-ci contient des accords stricts sur ce qu'ils sont autoris\u00e9s \u00e0 suivre.<\/p>\n<p><strong>Cookies, ou techniques similaires, que nous utilisons<\/strong><\/p>\n<p>HeliQopter Services utilise des cookies fonctionnels, analytiques et de suivi. Un cookie est un petit fichier texte qui est stock\u00e9 dans le navigateur de votre ordinateur, tablette ou smartphone lors de votre premi\u00e8re visite sur ce site web. HeliQopter Services utilise des cookies ayant une fonctionnalit\u00e9 purement technique. Ceux-ci garantissent que le site web fonctionne correctement et que, par exemple, vos pr\u00e9f\u00e9rences sont m\u00e9moris\u00e9es. Ces cookies sont \u00e9galement utilis\u00e9s pour assurer le bon fonctionnement et l'optimisation du site web. En outre, nous pla\u00e7ons des cookies qui suivent votre comportement de navigation afin de pouvoir vous proposer un contenu et des publicit\u00e9s sur mesure.<\/p>\n<p>Lors de votre premi\u00e8re visite sur notre site web, nous vous avons d\u00e9j\u00e0 inform\u00e9 de l'existence de ces cookies et nous vous avons demand\u00e9 la permission de les installer.<\/p>\n<p><a href=\"#\" data-cc=\"c-settings\">Afficher vos pr\u00e9f\u00e9rences en mati\u00e8re de cookies<\/a><\/p>\n<p>Vous pouvez refuser les cookies en param\u00e9trant votre navigateur Internet de mani\u00e8re \u00e0 ce qu'il ne les stocke plus. En outre, vous pouvez \u00e9galement supprimer toute information pr\u00e9c\u00e9demment stock\u00e9e via les param\u00e8tres de votre navigateur.<\/p>\n<p><strong>Des cookies sont \u00e9galement install\u00e9s sur ce site web par des tiers. Il s'agit, par exemple, d'annonceurs et\/ou de soci\u00e9t\u00e9s de m\u00e9dias sociaux. En voici un aper\u00e7u :<br \/>\n<\/strong>Notre site web utilise des cookies. Les cookies sont de petits fichiers dans lesquels nous pouvons stocker des informations afin que vous n'ayez pas \u00e0 les remplir \u00e0 chaque fois. Ils nous permettent \u00e9galement de savoir si vous revenez sur notre site. Lorsque vous visitez notre site web pour la premi\u00e8re fois, nous affichons un message expliquant les cookies. Si vous continuez ensuite \u00e0 utiliser notre site web, nous supposerons que vous ne vous opposez pas aux cookies. Vous pouvez d\u00e9sactiver les cookies via votre navigateur, mais certaines fonctionnalit\u00e9s de notre site web ne fonctionneront alors plus correctement. Nous avons conclu des accords avec d'autres entreprises qui placent des cookies. Toutefois, nous n'avons pas le contr\u00f4le total de ce qu'elles font elles-m\u00eames avec les cookies. Nous vous invitons donc \u00e0 lire leurs d\u00e9clarations de confidentialit\u00e9.<\/p>\n<p><strong>Visualiser, modifier ou supprimer des donn\u00e9es<\/strong><br \/>\nVous avez le droit d'acc\u00e9der \u00e0 vos donn\u00e9es personnelles, de les corriger ou de les supprimer. Vous avez \u00e9galement le droit de retirer votre \u00e9ventuel consentement au traitement des donn\u00e9es ou de vous opposer au traitement de vos donn\u00e9es personnelles par HeliQopter Services, et vous avez le droit \u00e0 la portabilit\u00e9 des donn\u00e9es. Cela signifie que vous pouvez nous demander d'envoyer les donn\u00e9es personnelles que nous d\u00e9tenons sur vous dans un fichier informatique \u00e0 vous-m\u00eame ou \u00e0 une autre organisation que vous aurez d\u00e9sign\u00e9e.<\/p>\n<p>Vous pouvez envoyer une demande d'acc\u00e8s, de correction, de suppression, de transfert de vos donn\u00e9es personnelles ou demander la r\u00e9vocation de votre consentement ou de votre objection au traitement de vos donn\u00e9es personnelles \u00e0 info@123helikoptervluchten.nl.<\/p>\n<p>Afin de s'assurer que la demande de contr\u00f4le \u00e9mane bien de vous, nous vous demandons d'accompagner votre demande d'une copie de votre preuve d'identit\u00e9. Sur cette copie, noircissez votre photo de passeport, la MRZ (zone de lecture automatique, la bande de chiffres au bas du passeport), le num\u00e9ro de passeport et le num\u00e9ro de service du citoyen (BSN). Ceci afin de prot\u00e9ger votre vie priv\u00e9e. Nous r\u00e9pondrons \u00e0 votre demande d\u00e8s que possible, mais dans un d\u00e9lai de quatre semaines.<\/p>\n<p>HeliQopter Services souhaite \u00e9galement vous informer que vous avez la possibilit\u00e9 de d\u00e9poser une plainte aupr\u00e8s de l'autorit\u00e9 de contr\u00f4le nationale, l'Autorit\u00e9 des donn\u00e9es personnelles. Vous pouvez le faire via le lien suivant : https:\/\/autoriteitpersoonsgegevens.nl\/nl\/contact-met-de-autoriteit-persoonsgegevens\/tip-ons<\/p>\n<p><strong>Comment nous s\u00e9curisons les donn\u00e9es personnelles<\/strong><br \/>\nHeliQopter Services prend au s\u00e9rieux la protection de vos donn\u00e9es et prend des mesures appropri\u00e9es pour emp\u00eacher toute utilisation abusive, perte, acc\u00e8s non autoris\u00e9, divulgation non d\u00e9sir\u00e9e et modification non autoris\u00e9e. Si vous avez l'impression que vos donn\u00e9es ne sont pas correctement s\u00e9curis\u00e9es ou qu'il y a des indications d'abus, veuillez contacter notre service client\u00e8le ou via info@123helikoptervluchten.nl.<\/p>\n<\/div>\n<div class=\"gap\"><\/div>","protected":false},"excerpt":{"rendered":"<p>Privacy Policy HeliQopter Services, gevestigd aan Vliersingel 30, 8082 CH Elburg The Netherlands, is verantwoordelijk voor de verwerking van persoonsgegevens zoals weergegeven in deze privacyverklaring. Contactgegevens: HeliQopter Services www.123helikoptervluchten.nl Oder 20 &#8211; Postbus E7710 2491 DC Den Haag The Netherlands +31707007878 W. Boerendans is de Functionaris Gegevensbescherming van HeliQopter Services hij is te bereiken via [&hellip;]<\/p>","protected":false},"author":10,"featured_media":0,"parent":0,"menu_order":0,"comment_status":"closed","ping_status":"closed","template":"","meta":{"_acf_changed":false,"footnotes":""},"class_list":["post-3","page","type-page","status-publish","hentry"],"acf":[],"_links":{"self":[{"href":"https:\/\/123helikoptervluchten.nl\/fr\/wp-json\/wp\/v2\/pages\/3","targetHints":{"allow":["GET"]}}],"collection":[{"href":"https:\/\/123helikoptervluchten.nl\/fr\/wp-json\/wp\/v2\/pages"}],"about":[{"href":"https:\/\/123helikoptervluchten.nl\/fr\/wp-json\/wp\/v2\/types\/page"}],"author":[{"embeddable":true,"href":"https:\/\/123helikoptervluchten.nl\/fr\/wp-json\/wp\/v2\/users\/10"}],"replies":[{"embeddable":true,"href":"https:\/\/123helikoptervluchten.nl\/fr\/wp-json\/wp\/v2\/comments?post=3"}],"version-history":[{"count":0,"href":"https:\/\/123helikoptervluchten.nl\/fr\/wp-json\/wp\/v2\/pages\/3\/revisions"}],"wp:attachment":[{"href":"https:\/\/123helikoptervluchten.nl\/fr\/wp-json\/wp\/v2\/media?parent=3"}],"curies":[{"name":"wp","href":"https:\/\/api.w.org\/{rel}","templated":true}]}}