{"id":20158,"date":"2025-03-21T11:46:38","date_gmt":"2025-03-21T10:46:38","guid":{"rendered":"https:\/\/123helikoptervluchten.nl\/?page_id=20158"},"modified":"2025-03-21T11:46:38","modified_gmt":"2025-03-21T10:46:38","slug":"merci-pour-votre-paiement","status":"publish","type":"page","link":"https:\/\/123helikoptervluchten.nl\/fr\/merci-pour-votre-paiement\/","title":{"rendered":"Merci pour votre paiement !"},"content":{"rendered":"<p data-start=\"49\" data-end=\"78\"><strong data-start=\"49\" data-end=\"78\">Merci pour votre paiement !<\/strong><\/p>\n<p data-start=\"80\" data-end=\"255\">Nous vous contacterons par e-mail dans les 24 heures. Dans l'intervalle, surveillez \u00e9galement votre dossier de courrier ind\u00e9sirable ou de spam - il se peut que notre r\u00e9ponse s'y retrouve.<\/p>\n<p data-start=\"257\" data-end=\"292\">Je vous souhaite une excellente journ\u00e9e ! \ud83d\ude81<\/p>","protected":false},"excerpt":{"rendered":"<p>Bedankt voor je betaling! We nemen binnen 24 uur per e-mail contact met je op. Houd in de tussentijd ook je ongewenste e-mail of spamfolder in de gaten \u2014 het kan zijn dat onze reactie daar terechtkomt. We wensen je een heli fijne dag! \ud83d\ude81<\/p>","protected":false},"author":3,"featured_media":0,"parent":0,"menu_order":0,"comment_status":"closed","ping_status":"closed","template":"","meta":{"_acf_changed":false,"footnotes":""},"class_list":["post-20158","page","type-page","status-publish","hentry"],"acf":[],"_links":{"self":[{"href":"https:\/\/123helikoptervluchten.nl\/fr\/wp-json\/wp\/v2\/pages\/20158","targetHints":{"allow":["GET"]}}],"collection":[{"href":"https:\/\/123helikoptervluchten.nl\/fr\/wp-json\/wp\/v2\/pages"}],"about":[{"href":"https:\/\/123helikoptervluchten.nl\/fr\/wp-json\/wp\/v2\/types\/page"}],"author":[{"embeddable":true,"href":"https:\/\/123helikoptervluchten.nl\/fr\/wp-json\/wp\/v2\/users\/3"}],"replies":[{"embeddable":true,"href":"https:\/\/123helikoptervluchten.nl\/fr\/wp-json\/wp\/v2\/comments?post=20158"}],"version-history":[{"count":0,"href":"https:\/\/123helikoptervluchten.nl\/fr\/wp-json\/wp\/v2\/pages\/20158\/revisions"}],"wp:attachment":[{"href":"https:\/\/123helikoptervluchten.nl\/fr\/wp-json\/wp\/v2\/media?parent=20158"}],"curies":[{"name":"wp","href":"https:\/\/api.w.org\/{rel}","templated":true}]}}