{"id":19962,"date":"2024-12-22T17:53:30","date_gmt":"2024-12-22T16:53:30","guid":{"rendered":"https:\/\/123helikoptervluchten.nl\/?page_id=19962"},"modified":"2024-12-22T17:53:30","modified_gmt":"2024-12-22T16:53:30","slug":"erreur-de-bon","status":"publish","type":"page","link":"https:\/\/123helikoptervluchten.nl\/fr\/erreur-de-bon\/","title":{"rendered":"Erreur de bon"},"content":{"rendered":"<p><strong>Oups, il y a eu un probl\u00e8me !<\/strong><br \/>\nIl semble que l'envoi des d\u00e9tails de votre bon ne se soit pas d\u00e9roul\u00e9 correctement. Ne vous inqui\u00e9tez pas, vous pouvez r\u00e9essayer ou nous contacter via notre site web. <a href=\"\/fr\/contact\/\">page de contact<\/a>.<\/p>\n<p>Pour vous aider le plus rapidement possible, nous vous demandons de nous fournir les informations suivantes :<\/p>\n<ul>\n<li>Votre <strong>nom complet<\/strong><\/li>\n<li>Votre <strong>adresse \u00e9lectronique<\/strong><\/li>\n<li><strong>Num\u00e9ro de t\u00e9l\u00e9phone mobile<\/strong> (accessible le jour m\u00eame du vol)<\/li>\n<li>Le <strong>num\u00e9ro de commande<\/strong> sur le bon<\/li>\n<li>Les <strong>code du billet<\/strong> sur le bon<\/li>\n<li>Deux possibilit\u00e9s <strong>dates pr\u00e9f\u00e9r\u00e9es<\/strong> sur lequel vous souhaitez voler<\/li>\n<\/ul>\n<p>Nous sommes pr\u00eats \u00e0 vous aider et \u00e0 faire en sorte que vous soyez rapidement op\u00e9rationnel !<\/p>","protected":false},"excerpt":{"rendered":"<p>Oups, quelque chose n'a pas fonctionn\u00e9 ! Il semble que l'envoi des d\u00e9tails de votre bon ne se soit pas d\u00e9roul\u00e9 correctement. Ne vous inqui\u00e9tez pas, vous pouvez r\u00e9essayer ou nous contacter via notre page de contact. Pour vous aider le plus rapidement possible, veuillez fournir les informations suivantes : Votre nom et pr\u00e9nom Votre [...]<\/p>","protected":false},"author":3,"featured_media":0,"parent":0,"menu_order":0,"comment_status":"closed","ping_status":"closed","template":"","meta":{"_acf_changed":false,"footnotes":""},"class_list":["post-19962","page","type-page","status-publish","hentry"],"acf":[],"_links":{"self":[{"href":"https:\/\/123helikoptervluchten.nl\/fr\/wp-json\/wp\/v2\/pages\/19962","targetHints":{"allow":["GET"]}}],"collection":[{"href":"https:\/\/123helikoptervluchten.nl\/fr\/wp-json\/wp\/v2\/pages"}],"about":[{"href":"https:\/\/123helikoptervluchten.nl\/fr\/wp-json\/wp\/v2\/types\/page"}],"author":[{"embeddable":true,"href":"https:\/\/123helikoptervluchten.nl\/fr\/wp-json\/wp\/v2\/users\/3"}],"replies":[{"embeddable":true,"href":"https:\/\/123helikoptervluchten.nl\/fr\/wp-json\/wp\/v2\/comments?post=19962"}],"version-history":[{"count":0,"href":"https:\/\/123helikoptervluchten.nl\/fr\/wp-json\/wp\/v2\/pages\/19962\/revisions"}],"wp:attachment":[{"href":"https:\/\/123helikoptervluchten.nl\/fr\/wp-json\/wp\/v2\/media?parent=19962"}],"curies":[{"name":"wp","href":"https:\/\/api.w.org\/{rel}","templated":true}]}}