{"id":19958,"date":"2024-12-22T17:45:28","date_gmt":"2024-12-22T16:45:28","guid":{"rendered":"https:\/\/123helikoptervluchten.nl\/?page_id=19958"},"modified":"2025-08-01T16:53:23","modified_gmt":"2025-08-01T14:53:23","slug":"bon-dachat-merci","status":"publish","type":"page","link":"https:\/\/123helikoptervluchten.nl\/fr\/bon-dachat-merci\/","title":{"rendered":"Merci de votre attention !"},"content":{"rendered":"<p><strong>Merci d'avoir envoy\u00e9 les d\u00e9tails de votre bon !<\/strong><br \/>\nNous vous contacterons par e-mail dans les 24 heures. Surveillez \u00e9galement votre dossier de courrier ind\u00e9sirable ou de spam au cours des prochaines 24 heures. Notre r\u00e9ponse pourrait s'y retrouver.<\/p>\n<p>\ud83d\udca1 <strong>Vous avez encore des modifications \u00e0 apporter apr\u00e8s avoir envoy\u00e9 ce bon ?<\/strong><br \/>\nAssurez-vous de ne pas \u00eatre pris au d\u00e9pourvu si vos plans changent de mani\u00e8re inattendue. L'assurance annulation vous permet de reprogrammer gratuitement votre vol jusqu'\u00e0 48 heures \u00e0 l'avance.<\/p>\n<div class=\"col-12 d-flex justify-content-center justify-content-xl-start mt-3\">\n  <a class=\"order px-4 py-3 d-inline-flex align-items-center\"\n     href=\"https:\/\/123helikoptervluchten.nl\/fr\/annuleringsverzekering\/\"\n     target=\"_blank\" rel=\"noopener\"\n     style=\"min-width: 320px; text-decoration: none;\"><br \/>\n    <span class=\"me-3 wobble-icon\" style=\"font-size: 1.2rem;\">\ud83d\ude81<\/span><br \/>\n    <span style=\"font-weight: 600;\">Ajouter une assurance annulation<\/span><br \/>\n  <\/a>\n<\/div>\n<div style=\"margin-top: 2rem;\"><\/div>\n<p>Nous vous souhaitons une <em>h\u00e9li<\/em> Bonne journ\u00e9e ! \ud83d\ude81<\/p>","protected":false},"excerpt":{"rendered":"<p>Bedankt voor het insturen van je voucher gegevens! We nemen binnen 24 uur per e-mail contact met je op. Houd de komende 24 uur ook je ongewenste e-mail of spamfolder in de gaten. Het kan zijn dat onze reactie daar terechtkomt. \ud83d\udca1 Toch nog iets wijzigen na het insturen van deze voucher? Zorg dat je [&hellip;]<\/p>","protected":false},"author":3,"featured_media":0,"parent":0,"menu_order":0,"comment_status":"closed","ping_status":"closed","template":"","meta":{"_acf_changed":false,"footnotes":""},"class_list":["post-19958","page","type-page","status-publish","hentry"],"acf":[],"_links":{"self":[{"href":"https:\/\/123helikoptervluchten.nl\/fr\/wp-json\/wp\/v2\/pages\/19958","targetHints":{"allow":["GET"]}}],"collection":[{"href":"https:\/\/123helikoptervluchten.nl\/fr\/wp-json\/wp\/v2\/pages"}],"about":[{"href":"https:\/\/123helikoptervluchten.nl\/fr\/wp-json\/wp\/v2\/types\/page"}],"author":[{"embeddable":true,"href":"https:\/\/123helikoptervluchten.nl\/fr\/wp-json\/wp\/v2\/users\/3"}],"replies":[{"embeddable":true,"href":"https:\/\/123helikoptervluchten.nl\/fr\/wp-json\/wp\/v2\/comments?post=19958"}],"version-history":[{"count":0,"href":"https:\/\/123helikoptervluchten.nl\/fr\/wp-json\/wp\/v2\/pages\/19958\/revisions"}],"wp:attachment":[{"href":"https:\/\/123helikoptervluchten.nl\/fr\/wp-json\/wp\/v2\/media?parent=19958"}],"curies":[{"name":"wp","href":"https:\/\/api.w.org\/{rel}","templated":true}]}}