{"id":18902,"date":"2023-09-14T19:39:11","date_gmt":"2023-09-14T17:39:11","guid":{"rendered":"https:\/\/123helikoptervluchten.nl\/?page_id=18902"},"modified":"2025-05-01T17:04:23","modified_gmt":"2025-05-01T15:04:23","slug":"ervaringen","status":"publish","type":"page","link":"https:\/\/123helikoptervluchten.nl\/fr\/ervaringen\/","title":{"rendered":"Exp\u00e9riences des clients"},"content":{"rendered":"<section class=\"container-fluid comments\">\n<div class=\"row\">\n<div class=\"d-flex flex-column flex-lg-row justify-content-between align-items-center max-content title-section px-4\">\n<h2>Exp\u00e9riences des clients<\/h2>\n<p><a class=\"leavereview\" href=\"https:\/\/g.page\/helikoptervlucht\/review?rc\" target=\"_blank\" rel=\"noopener nofollow\"><br \/>\n<img decoding=\"async\" src=\"https:\/\/123helikoptervluchten.nl\/wp-content\/themes\/123h\/img\/button-arrow-orange.svg\" alt=\"Fl\u00e8che\" width=\"16\" height=\"17\" title=\"\"><span class=\"ms-2\">Laissez \u00e9galement un commentaire<\/span><br \/>\n<\/a><\/p>\n<\/div>\n<div class=\"row max-content\">Nous souhaitons la bienvenue \u00e0 nos clients. Apr\u00e8s une exp\u00e9rience sp\u00e9ciale d'un vol en h\u00e9licopt\u00e8re ou d'une le\u00e7on d'initiation \u00e0 l'h\u00e9licopt\u00e8re, nous demandons \u00e0 nos clients de prendre une minute pour nous envoyer un commentaire sur leur exp\u00e9rience unique. Vous trouverez ci-dessous les 30 exp\u00e9riences et recommandations les plus r\u00e9centes pour vous faire une id\u00e9e. Souvent, les clients ajoutent des photos et des vid\u00e9os, que vous pouvez trouver sur Google Maps.<\/div>\n<\/div>\n<\/section>\n<p>&nbsp;<\/p>\n<div data-src=\"https:\/\/cdn.trustindex.io\/loader.js?94d21111999f829bf186b15d76c\"><\/div>","protected":false},"excerpt":{"rendered":"<p>Exp\u00e9riences des clients Laissez un commentaire aussi Nous souhaitons la bienvenue \u00e0 nos clients. Apr\u00e8s une exp\u00e9rience sp\u00e9ciale d'un vol en h\u00e9licopt\u00e8re ou d'une le\u00e7on d'initiation \u00e0 l'h\u00e9licopt\u00e8re, nous demandons \u00e0 nos clients de prendre une minute pour nous envoyer un commentaire sur leur exp\u00e9rience unique. Vous trouverez ci-dessous les 30 exp\u00e9riences les plus r\u00e9centes et les recommandations pour [...]<\/p>","protected":false},"author":3,"featured_media":0,"parent":0,"menu_order":0,"comment_status":"closed","ping_status":"closed","template":"","meta":{"_acf_changed":false,"footnotes":""},"class_list":["post-18902","page","type-page","status-publish","hentry"],"acf":[],"_links":{"self":[{"href":"https:\/\/123helikoptervluchten.nl\/fr\/wp-json\/wp\/v2\/pages\/18902","targetHints":{"allow":["GET"]}}],"collection":[{"href":"https:\/\/123helikoptervluchten.nl\/fr\/wp-json\/wp\/v2\/pages"}],"about":[{"href":"https:\/\/123helikoptervluchten.nl\/fr\/wp-json\/wp\/v2\/types\/page"}],"author":[{"embeddable":true,"href":"https:\/\/123helikoptervluchten.nl\/fr\/wp-json\/wp\/v2\/users\/3"}],"replies":[{"embeddable":true,"href":"https:\/\/123helikoptervluchten.nl\/fr\/wp-json\/wp\/v2\/comments?post=18902"}],"version-history":[{"count":0,"href":"https:\/\/123helikoptervluchten.nl\/fr\/wp-json\/wp\/v2\/pages\/18902\/revisions"}],"wp:attachment":[{"href":"https:\/\/123helikoptervluchten.nl\/fr\/wp-json\/wp\/v2\/media?parent=18902"}],"curies":[{"name":"wp","href":"https:\/\/api.w.org\/{rel}","templated":true}]}}