{"id":17912,"date":"2022-11-01T14:46:07","date_gmt":"2022-11-01T13:46:07","guid":{"rendered":"https:\/\/123helikoptervluchten.nl\/?page_id=17912"},"modified":"2022-12-09T13:42:15","modified_gmt":"2022-12-09T12:42:15","slug":"helikopter-tours","status":"publish","type":"page","link":"https:\/\/123helikoptervluchten.nl\/fr\/tournee\/","title":{"rendered":"Excursions en h\u00e9licopt\u00e8re"},"content":{"rendered":"<h2>Surprendre des amis ou des associ\u00e9s avec un tour en h\u00e9licopt\u00e8re<\/h2>\n<p>Vous voulez donner plus d'\u00e9clat \u00e0 votre escapade en ville avec votre famille ou \u00e0 une sortie entre amis ? R\u00e9servez un vol en h\u00e9licopt\u00e8re. Vous pouvez le faire \u00e0 partir des Pays-Bas. Vous recevrez la confirmation du vol bien avant votre d\u00e9part. Bien entendu, nous ne volons que si les conditions m\u00e9t\u00e9orologiques le permettent, la s\u00e9curit\u00e9 \u00e9tant toujours la priorit\u00e9. Vous volerez avec un pilote exp\u00e9riment\u00e9 et aurez l'occasion de voir l'endroit de tous les c\u00f4t\u00e9s.<\/p>\n<h2>Vols touristiques spectaculaires dans les plus beaux endroits<\/h2>\n<p>Souhaitez-vous, par exemple, que votre visite <a href=\"https:\/\/123helikoptervluchten.nl\/fr\/tournee\/new-york\/\">New York (en anglais)<\/a> ou <a title=\"Vol en h\u00e9licopt\u00e8re Grand Canyon\" href=\"https:\/\/123helikoptervluchten.nl\/fr\/tournee\/grand-canyon\/\">Le Grand Canyon<\/a> aux \u00c9tats-Unis ? R\u00e9servez un vol en h\u00e9licopt\u00e8re. Vous verrez New York sous un angle compl\u00e8tement diff\u00e9rent de celui du sol. Vous verrez la statue de la Libert\u00e9 et l'emplacement des tours jumelles qui ont \u00e9t\u00e9 d\u00e9truites par les rumeurs d'attentats du 11 septembre 2001. Aujourd'hui, un m\u00e9morial avec deux projecteurs lumineux a \u00e9t\u00e9 construit sur ce site. Une visite du Grand Canyon en Arizona est \u00e9galement possible. Au cours de votre vol, vous verrez \u00e0 la fois la rive nord et la rive sud, avec des vues \u00e0 couper le souffle sur les centaines de m\u00e8tres de profondeur du canyon. Il est m\u00eame possible de voler \u00e0 travers le Grand Canyon.<\/p>\n<h2>R\u00e9server un tour en h\u00e9licopt\u00e8re<\/h2>\n<p>Vous trouverez ci-dessus un aper\u00e7u complet des possibilit\u00e9s d'excursion en h\u00e9licopt\u00e8re. Que vous souhaitiez voir les Pays-Bas d'en haut ou que vous recherchiez un vol \u00e0 l'\u00e9tranger. Vous pouvez \u00e9galement vous renseigner sur les vols sur mesure si le lieu de votre choix ne figure pas sur le site web. Il est \u00e9galement possible de r\u00e9server un transport suppl\u00e9mentaire depuis et vers l'a\u00e9roport.<\/p>","protected":false},"excerpt":{"rendered":"<p>Verras vrienden of zakenrelaties met een helikopter tour Wil je jouw stedentrip met jouw gezin of een uitstapje met vrienden extra glans geven? Boek dan een helikoptervlucht. Dat kan gewoon vanuit Nederland. Ruim voor jouw vertrek heb je de bevestiging van de vlucht al ontvangen. Uiteraard wordt er alleen gevlogen als de weersomstandigheden dit toelaten, [&hellip;]<\/p>","protected":false},"author":8,"featured_media":0,"parent":0,"menu_order":0,"comment_status":"closed","ping_status":"closed","template":"template-tours.php","meta":{"_acf_changed":false,"footnotes":""},"class_list":["post-17912","page","type-page","status-publish","hentry"],"acf":[],"_links":{"self":[{"href":"https:\/\/123helikoptervluchten.nl\/fr\/wp-json\/wp\/v2\/pages\/17912","targetHints":{"allow":["GET"]}}],"collection":[{"href":"https:\/\/123helikoptervluchten.nl\/fr\/wp-json\/wp\/v2\/pages"}],"about":[{"href":"https:\/\/123helikoptervluchten.nl\/fr\/wp-json\/wp\/v2\/types\/page"}],"author":[{"embeddable":true,"href":"https:\/\/123helikoptervluchten.nl\/fr\/wp-json\/wp\/v2\/users\/8"}],"replies":[{"embeddable":true,"href":"https:\/\/123helikoptervluchten.nl\/fr\/wp-json\/wp\/v2\/comments?post=17912"}],"version-history":[{"count":0,"href":"https:\/\/123helikoptervluchten.nl\/fr\/wp-json\/wp\/v2\/pages\/17912\/revisions"}],"wp:attachment":[{"href":"https:\/\/123helikoptervluchten.nl\/fr\/wp-json\/wp\/v2\/media?parent=17912"}],"curies":[{"name":"wp","href":"https:\/\/api.w.org\/{rel}","templated":true}]}}