{"id":17608,"date":"2022-05-16T09:11:59","date_gmt":"2022-05-16T07:11:59","guid":{"rendered":"https:\/\/123helikoptervluchten.nl\/?page_id=17608"},"modified":"2024-12-24T15:03:17","modified_gmt":"2024-12-24T14:03:17","slug":"voucher-inwisselen","status":"publish","type":"page","link":"https:\/\/123helikoptervluchten.nl\/fr\/bon-ancien\/","title":{"rendered":"Utiliser le bon d'achat"},"content":{"rendered":"<h2>\u00c9changer un bon ou une carte-cadeau<\/h2>\n<div class=\"row\">\n<div class=\"col-sm-7\"><style id=\"wpforms-css-vars-17611\">\n\t\t\t\t#wpforms-17611 {\n\t\t\t\t\n\t\t\t}\n\t\t\t<\/style><div class=\"wpforms-container wpforms-container-full wpforms-render-modern\" id=\"wpforms-17611\"><form id=\"wpforms-form-17611\" class=\"wpforms-validate wpforms-form wpforms-ajax-form\" data-formid=\"17611\" method=\"post\" enctype=\"multipart\/form-data\" action=\"\/fr\/wp-json\/wp\/v2\/pages\/17608\" data-token=\"1bb62ced2fe74e1425a63ff53ada31fd\" data-token-time=\"1776603681\" data-trp-original-action=\"\/fr\/wp-json\/wp\/v2\/pages\/17608\"><noscript class=\"wpforms-error-noscript\">Veuillez activer JavaScript dans votre navigateur pour remplir ce formulaire.<\/noscript><div id=\"wpforms-error-noscript\" style=\"display: none;\">Veuillez activer JavaScript dans votre navigateur pour remplir ce formulaire.<\/div><div class=\"wpforms-field-container\"><div id=\"wpforms-17611-field_48-container\" class=\"wpforms-field wpforms-field-text wpforms-one-half wpforms-first\" data-field-id=\"48\"><label class=\"wpforms-field-label\" for=\"wpforms-17611-field_48\">Num\u00e9ro de commande <span class=\"wpforms-required-label\" aria-hidden=\"true\">*<\/span><\/label><input type=\"text\" id=\"wpforms-17611-field_48\" class=\"wpforms-field-large wpforms-field-required wpforms-masked-input\" data-rule-inputmask-incomplete=\"1\" data-inputmask-mask=\"999999999999[9]\" name=\"wpforms[fields][48]\" placeholder=\"exemple : 202406170955\" aria-errormessage=\"wpforms-17611-field_48-error\" aria-describedby=\"wpforms-17611-field_48-description\" required><div id=\"wpforms-17611-field_48-description\" class=\"wpforms-field-description\">Saisir uniquement des chiffres<\/div><\/div><div id=\"wpforms-17611-field_75-container\" class=\"wpforms-field wpforms-field-text wpforms-one-half wpforms-conditional-trigger\" data-field-id=\"75\"><label class=\"wpforms-field-label\" for=\"wpforms-17611-field_75\">Code du billet <span class=\"wpforms-required-label\" aria-hidden=\"true\">*<\/span><\/label><input type=\"text\" id=\"wpforms-17611-field_75\" class=\"wpforms-field-large wpforms-field-required wpforms-masked-input\" data-rule-inputmask-incomplete=\"1\" data-inputmask-mask=\"aaaaa999[9]\" name=\"wpforms[fields][75]\" placeholder=\"exemple : HVRVL452\" aria-errormessage=\"wpforms-17611-field_75-error\" required><\/div><div id=\"wpforms-17611-field_32-container\" class=\"wpforms-field wpforms-field-name\" data-field-id=\"32\"><fieldset><legend class=\"wpforms-field-label\">Votre nom <span class=\"wpforms-required-label\" aria-hidden=\"true\">*<\/span><\/legend><div class=\"wpforms-field-row wpforms-field-large\"><div class=\"wpforms-field-row-block wpforms-first wpforms-one-half\"><input type=\"text\" id=\"wpforms-17611-field_32\" class=\"wpforms-field-name-first wpforms-field-required\" name=\"wpforms[fields][32][first]\" aria-errormessage=\"wpforms-17611-field_32-error\" required><label for=\"wpforms-17611-field_32\" class=\"wpforms-field-sublabel after\">Pr\u00e9nom<\/label><\/div><div class=\"wpforms-field-row-block wpforms-one-half\"><input type=\"text\" id=\"wpforms-17611-field_32-last\" class=\"wpforms-field-name-last wpforms-field-required\" name=\"wpforms[fields][32][last]\" aria-errormessage=\"wpforms-17611-field_32-last-error\" required><label for=\"wpforms-17611-field_32-last\" class=\"wpforms-field-sublabel after\">Nom<\/label><\/div><\/div><\/fieldset><\/div><div id=\"wpforms-17611-field_33-container\" class=\"wpforms-field wpforms-field-email\" data-field-id=\"33\"><label class=\"wpforms-field-label\" for=\"wpforms-17611-field_33\">Votre e-mail <span class=\"wpforms-required-label\" aria-hidden=\"true\">*<\/span><\/label><input type=\"email\" id=\"wpforms-17611-field_33\" class=\"wpforms-field-large wpforms-field-required\" name=\"wpforms[fields][33]\" spellcheck=\"false\" aria-errormessage=\"wpforms-17611-field_33-error\" required><\/div><div id=\"wpforms-17611-field_64-container\" class=\"wpforms-field wpforms-field-html wpforms-conditional-field wpforms-conditional-show\" data-field-id=\"64\" style=\"display:none;\"><div id=\"wpforms-17611-field_64\" aria-errormessage=\"wpforms-17611-field_64-error\"><a href=\"https:\/\/123helikoptervluchten.nl\/fr\/helikoptervlucht\/hilversum\/\" target=\"blank\"><b> Lisez d'abord ceci !<\/b> Choisissez d'abord une date dans le calendrier en ligne. Sur une page suivante, s\u00e9lectionnez <strong>Choisissez maintenant une date<\/strong> et ensuite \u00e0 <strong>Date de pr\u00e9f\u00e9rence<\/strong> ouvrez votre calendrier. M\u00e9morisez la ou les date(s) disponible(s) et inscrivez-la(les) ci-dessous. <strong>Cliquez maintenant ici pour ouvrir la page suivante.<\/strong><\/a><br \/><br \/>Les vols de 15 ou 30 minutes ne sont possibles que le week-end. Les vols de 45 minutes et plus sont possibles 7 jours sur 7. Vous souhaitez surclasser votre vol pour pouvoir voler en semaine ? Remplissez le formulaire <strong>Commentaires<\/strong><\/div><\/div><div id=\"wpforms-17611-field_72-container\" class=\"wpforms-field wpforms-field-html wpforms-conditional-field wpforms-conditional-show\" data-field-id=\"72\" style=\"display:none;\"><div id=\"wpforms-17611-field_72\" aria-errormessage=\"wpforms-17611-field_72-error\"><a href=\"https:\/\/123helikoptervluchten.nl\/fr\/helikoptervlucht\/emmen\/\" target=\"blank\"><b> Lisez d'abord ceci !<\/b> Choisissez d'abord une date dans le calendrier en ligne. Sur une page suivante, s\u00e9lectionnez <b>Choisissez maintenant une date<\/b> et ensuite \u00e0 <b>S\u00e9lectionner la date<\/b> ouvrez votre calendrier. M\u00e9morisez la ou les date(s) disponible(s) et inscrivez-la(les) ci-dessous. <b>Cliquez maintenant ici pour ouvrir la page suivante.<\/b><\/a><br \/><br \/>Surclassez votre vol pour pouvoir voler plus longtemps ? Remplissez le formulaire <strong>Commentaires<\/strong><\/div><\/div><div id=\"wpforms-17611-field_70-container\" class=\"wpforms-field wpforms-field-html wpforms-conditional-field wpforms-conditional-show\" data-field-id=\"70\" style=\"display:none;\"><div id=\"wpforms-17611-field_70\" aria-errormessage=\"wpforms-17611-field_70-error\"><a href=\"https:\/\/123helikoptervluchten.nl\/fr\/helikoptervlucht\/lelystad\/\" target=\"blank\"><b> Lisez d'abord ceci !<\/b> Vous voyagez avec 1 ou 2 personnes ? Dans ce cas, vous devez d'abord choisir une date dans l'agenda en ligne. Sur cette page, s\u00e9lectionnez d'abord <strong>Nombre<\/strong> -> <strong>2 personnes.<\/strong> Dans ce cas <strong>Choisir une date<\/strong> et ensuite \u00e0 <strong>S\u00e9lectionner la date<\/strong> ouvrir le calendrier. Pour 3 ou 4 personnes, il n'est pas n\u00e9cessaire de cocher une date et vous pouvez entrer les dates directement en dessous. <b>Cliquez ici pour acc\u00e9der \u00e0 cette page.<\/b><\/a><br \/><br \/>Surclassez votre vol pour pouvoir voler plus longtemps ? Remplissez le formulaire <strong>Commentaires<\/strong><\/div><\/div><div id=\"wpforms-17611-field_77-container\" class=\"wpforms-field wpforms-field-html wpforms-conditional-field wpforms-conditional-show\" data-field-id=\"77\" style=\"display:none;\"><div id=\"wpforms-17611-field_77\" aria-errormessage=\"wpforms-17611-field_77-error\"><a href=\"https:\/\/123helikoptervluchten.nl\/fr\/helikoptervlucht\/harskamp\/\" target=\"blank\"><b> Lisez d'abord ceci !<\/b> Choisissez d'abord une date dans le calendrier en ligne. Sur une page suivante, s\u00e9lectionnez <strong>Choisissez maintenant une date<\/strong> et ensuite \u00e0 <strong>Date de pr\u00e9f\u00e9rence<\/strong> ouvrez votre calendrier. M\u00e9morisez la ou les date(s) disponible(s) et inscrivez-la(les) ci-dessous. <strong>Cliquez maintenant ici pour ouvrir la page suivante.<\/strong><\/a><br \/><br \/>Harskamp est ouvert six jours par semaine, ferm\u00e9 le dimanche.<\/div><\/div><div id=\"wpforms-17611-field_35-container\" class=\"wpforms-field wpforms-field-date-time wpforms-one-half wpforms-first\" data-field-id=\"35\"><label class=\"wpforms-field-label\" for=\"wpforms-17611-field_35\">Date 1\u00e8re pr\u00e9f\u00e9rence <span class=\"wpforms-required-label\" aria-hidden=\"true\">*<\/span><\/label><div class=\"wpforms-datepicker-wrap\"><input type=\"text\" id=\"wpforms-17611-field_35\" class=\"wpforms-field-date-time-date wpforms-datepicker wpforms-field-required wpforms-field-large\" data-date-format=\"d\/m\/Y\" data-disable-past-dates=\"1\" data-disable-todays-date=\"0\" data-input=\"true\" name=\"wpforms[fields][35][date]\" aria-errormessage=\"wpforms-17611-field_35-error\" required><a title=\"Effacer la date\" data-clear role=\"button\" tabindex=\"0\" class=\"wpforms-datepicker-clear\" aria-label=\"Effacer la date\" style=\"display:none;\"><\/a><\/div><\/div><div id=\"wpforms-17611-field_36-container\" class=\"wpforms-field wpforms-field-date-time wpforms-one-half\" data-field-id=\"36\"><label class=\"wpforms-field-label\" for=\"wpforms-17611-field_36\">Date 2\u00e8me pr\u00e9f\u00e9rence <span class=\"wpforms-required-label\" aria-hidden=\"true\">*<\/span><\/label><div class=\"wpforms-datepicker-wrap\"><input type=\"text\" id=\"wpforms-17611-field_36\" class=\"wpforms-field-date-time-date wpforms-datepicker wpforms-field-required wpforms-field-large\" data-date-format=\"d\/m\/Y\" data-disable-past-dates=\"1\" data-disable-todays-date=\"0\" data-input=\"true\" name=\"wpforms[fields][36][date]\" aria-errormessage=\"wpforms-17611-field_36-error\" required><a title=\"Effacer la date\" data-clear role=\"button\" tabindex=\"0\" class=\"wpforms-datepicker-clear\" aria-label=\"Effacer la date\" style=\"display:none;\"><\/a><\/div><\/div><div id=\"wpforms-17611-field_34-container\" class=\"wpforms-field wpforms-field-phone\" data-field-id=\"34\"><label class=\"wpforms-field-label\" for=\"wpforms-17611-field_34\">Num\u00e9ro de t\u00e9l\u00e9phone <span class=\"wpforms-required-label\" aria-hidden=\"true\">*<\/span><\/label><input type=\"tel\" id=\"wpforms-17611-field_34\" class=\"wpforms-field-large wpforms-field-required\" data-rule-int-phone-field=\"true\" name=\"wpforms[fields][34]\" placeholder=\"disponible le jour m\u00eame du vol\" aria-label=\"Num\u00e9ro de t\u00e9l\u00e9phone\" aria-errormessage=\"wpforms-17611-field_34-error\" required><\/div><div id=\"wpforms-17611-field_73-container\" class=\"wpforms-field wpforms-field-textarea\" data-field-id=\"73\"><label class=\"wpforms-field-label\" for=\"wpforms-17611-field_73\">Commentaires<\/label><textarea id=\"wpforms-17611-field_73\" class=\"wpforms-field-small wpforms-limit-characters-enabled\" data-form-id=\"17611\" data-field-id=\"73\" data-text-limit=\"100\" name=\"wpforms[fields][73]\" aria-errormessage=\"wpforms-17611-field_73-error\" maxlength=\"100\" ><\/textarea><\/div><div id=\"wpforms-17611-field_55-container\" class=\"wpforms-field wpforms-field-html\" data-field-id=\"55\"><div id=\"wpforms-17611-field_55\" aria-errormessage=\"wpforms-17611-field_55-error\"><hr \/><\/div><\/div><div id=\"wpforms-17611-field_37-container\" class=\"wpforms-field wpforms-field-name wpforms-one-half wpforms-first wpforms-conditional-field wpforms-conditional-show\" data-field-id=\"37\" style=\"display:none;\"><label class=\"wpforms-field-label\" for=\"wpforms-17611-field_37\">Personne 1 <span class=\"wpforms-required-label\" aria-hidden=\"true\">*<\/span><\/label><input type=\"text\" id=\"wpforms-17611-field_37\" class=\"wpforms-field-large wpforms-field-required\" name=\"wpforms[fields][37]\" placeholder=\"Pr\u00e9nom et nom\" aria-errormessage=\"wpforms-17611-field_37-error\" required><\/div><div id=\"wpforms-17611-field_42-container\" class=\"wpforms-field wpforms-field-number-slider wpforms-one-half wpforms-conditional-field wpforms-conditional-show\" data-field-id=\"42\" style=\"display:none;\"><label class=\"wpforms-field-label\" for=\"wpforms-17611-field_42\">Poids<\/label>\n<input\n\ttype=\"range\"\n\tid=\"wpforms-17611-field_42\" class=\"wpforms-field-medium\" name=\"wpforms[fields][42]\" value=\"84\" aria-errormessage=\"wpforms-17611-field_42-error\"\t\tmin=\"15\"\n\tmax=\"130\"\n\tstep=\"2\">\n\n<div class=\"wpforms-field-number-slider-hint\"\n\tdata-hint=\"{value} kilogram\">\n\t<b>84<\/b> kilogramme<\/div>\n<\/div><div id=\"wpforms-17611-field_38-container\" class=\"wpforms-field wpforms-field-name wpforms-one-half wpforms-first wpforms-conditional-field wpforms-conditional-show\" data-field-id=\"38\" style=\"display:none;\"><label class=\"wpforms-field-label\" for=\"wpforms-17611-field_38\">Personne 2<\/label><input type=\"text\" id=\"wpforms-17611-field_38\" class=\"wpforms-field-large\" name=\"wpforms[fields][38]\" placeholder=\"Pr\u00e9nom et nom\" aria-errormessage=\"wpforms-17611-field_38-error\" ><\/div><div id=\"wpforms-17611-field_43-container\" class=\"wpforms-field wpforms-field-number-slider wpforms-one-half wpforms-conditional-field wpforms-conditional-show\" data-field-id=\"43\" style=\"display:none;\"><label class=\"wpforms-field-label\" for=\"wpforms-17611-field_43\">Poids<\/label>\n<input\n\ttype=\"range\"\n\tid=\"wpforms-17611-field_43\" class=\"wpforms-field-medium\" name=\"wpforms[fields][43]\" value=\"84\" aria-errormessage=\"wpforms-17611-field_43-error\"\t\tmin=\"15\"\n\tmax=\"130\"\n\tstep=\"2\">\n\n<div class=\"wpforms-field-number-slider-hint\"\n\tdata-hint=\"{value} kilogram\">\n\t<b>84<\/b> kilogramme<\/div>\n<\/div><div id=\"wpforms-17611-field_39-container\" class=\"wpforms-field wpforms-field-name wpforms-one-half wpforms-first wpforms-conditional-field wpforms-conditional-show\" data-field-id=\"39\" style=\"display:none;\"><label class=\"wpforms-field-label\" for=\"wpforms-17611-field_39\">Personne 3<\/label><input type=\"text\" id=\"wpforms-17611-field_39\" class=\"wpforms-field-large\" name=\"wpforms[fields][39]\" placeholder=\"Pr\u00e9nom et nom\" aria-errormessage=\"wpforms-17611-field_39-error\" ><\/div><div id=\"wpforms-17611-field_44-container\" class=\"wpforms-field wpforms-field-number-slider wpforms-one-half wpforms-conditional-field wpforms-conditional-show\" data-field-id=\"44\" style=\"display:none;\"><label class=\"wpforms-field-label\" for=\"wpforms-17611-field_44\">Poids<\/label>\n<input\n\ttype=\"range\"\n\tid=\"wpforms-17611-field_44\" class=\"wpforms-field-medium\" name=\"wpforms[fields][44]\" value=\"84\" aria-errormessage=\"wpforms-17611-field_44-error\"\t\tmin=\"15\"\n\tmax=\"130\"\n\tstep=\"2\">\n\n<div class=\"wpforms-field-number-slider-hint\"\n\tdata-hint=\"{value} kilogram\">\n\t<b>84<\/b> kilogramme<\/div>\n<\/div><div id=\"wpforms-17611-field_40-container\" class=\"wpforms-field wpforms-field-name wpforms-one-half wpforms-first wpforms-conditional-field wpforms-conditional-show\" data-field-id=\"40\" style=\"display:none;\"><label class=\"wpforms-field-label\" for=\"wpforms-17611-field_40\">Personne 4<\/label><input type=\"text\" id=\"wpforms-17611-field_40\" class=\"wpforms-field-large\" name=\"wpforms[fields][40]\" placeholder=\"Pr\u00e9nom et nom\" aria-errormessage=\"wpforms-17611-field_40-error\" ><\/div><div id=\"wpforms-17611-field_45-container\" class=\"wpforms-field wpforms-field-number-slider wpforms-one-half wpforms-conditional-field wpforms-conditional-show\" data-field-id=\"45\" style=\"display:none;\"><label class=\"wpforms-field-label\" for=\"wpforms-17611-field_45\">Poids<\/label>\n<input\n\ttype=\"range\"\n\tid=\"wpforms-17611-field_45\" class=\"wpforms-field-medium\" name=\"wpforms[fields][45]\" value=\"84\" aria-errormessage=\"wpforms-17611-field_45-error\"\t\tmin=\"15\"\n\tmax=\"130\"\n\tstep=\"2\">\n\n<div class=\"wpforms-field-number-slider-hint\"\n\tdata-hint=\"{value} kilogram\">\n\t<b>84<\/b> kilogramme<\/div>\n<\/div><div id=\"wpforms-17611-field_59-container\" class=\"wpforms-field wpforms-field-name wpforms-one-half wpforms-first wpforms-conditional-field wpforms-conditional-show\" data-field-id=\"59\" style=\"display:none;\"><label class=\"wpforms-field-label\" for=\"wpforms-17611-field_59\">Personne 5<\/label><input type=\"text\" id=\"wpforms-17611-field_59\" class=\"wpforms-field-large\" name=\"wpforms[fields][59]\" placeholder=\"Pr\u00e9nom et nom\" aria-errormessage=\"wpforms-17611-field_59-error\" ><\/div><div id=\"wpforms-17611-field_60-container\" class=\"wpforms-field wpforms-field-number-slider wpforms-one-half wpforms-conditional-field wpforms-conditional-show\" data-field-id=\"60\" style=\"display:none;\"><label class=\"wpforms-field-label\" for=\"wpforms-17611-field_60\">Poids<\/label>\n<input\n\ttype=\"range\"\n\tid=\"wpforms-17611-field_60\" class=\"wpforms-field-medium\" name=\"wpforms[fields][60]\" value=\"84\" aria-errormessage=\"wpforms-17611-field_60-error\"\t\tmin=\"15\"\n\tmax=\"130\"\n\tstep=\"2\">\n\n<div class=\"wpforms-field-number-slider-hint\"\n\tdata-hint=\"{value} kilogram\">\n\t<b>84<\/b> kilogramme<\/div>\n<\/div><div id=\"wpforms-17611-field_61-container\" class=\"wpforms-field wpforms-field-name wpforms-one-half wpforms-first wpforms-conditional-field wpforms-conditional-show\" data-field-id=\"61\" style=\"display:none;\"><label class=\"wpforms-field-label\" for=\"wpforms-17611-field_61\">Personne 6<\/label><input type=\"text\" id=\"wpforms-17611-field_61\" class=\"wpforms-field-large\" name=\"wpforms[fields][61]\" placeholder=\"Pr\u00e9nom et nom\" aria-errormessage=\"wpforms-17611-field_61-error\" ><\/div><div id=\"wpforms-17611-field_62-container\" class=\"wpforms-field wpforms-field-number-slider wpforms-one-half wpforms-conditional-field wpforms-conditional-show\" data-field-id=\"62\" style=\"display:none;\"><label class=\"wpforms-field-label\" for=\"wpforms-17611-field_62\">Poids<\/label>\n<input\n\ttype=\"range\"\n\tid=\"wpforms-17611-field_62\" class=\"wpforms-field-medium\" name=\"wpforms[fields][62]\" value=\"84\" aria-errormessage=\"wpforms-17611-field_62-error\"\t\tmin=\"15\"\n\tmax=\"130\"\n\tstep=\"2\">\n\n<div class=\"wpforms-field-number-slider-hint\"\n\tdata-hint=\"{value} kilogram\">\n\t<b>84<\/b> kilogramme<\/div>\n<\/div><div id=\"wpforms-17611-field_74-container\" class=\"wpforms-field wpforms-field-gdpr-checkbox\" data-field-id=\"74\"><label class=\"wpforms-field-label\">D\u00e9claration d'accord <span class=\"wpforms-required-label\" aria-hidden=\"true\">*<\/span><\/label><ul id=\"wpforms-17611-field_74\" class=\"wpforms-field-required\"><li class=\"choice-1\"><input type=\"checkbox\" id=\"wpforms-17611-field_74_1\" name=\"wpforms[fields][74][]\" value=\"Ik ga akkoord met de verwerking van mijn gegevens.\" aria-errormessage=\"wpforms-17611-field_74_1-error\" required><label class=\"wpforms-field-label-inline\" for=\"wpforms-17611-field_74_1\">J'accepte que mes donn\u00e9es soient trait\u00e9es.<\/label><\/li><\/ul><\/div><\/div><!-- .wpforms-field-container --><div class=\"wpforms-recaptcha-container wpforms-is-recaptcha wpforms-is-recaptcha-type-v2\" ><div class=\"g-recaptcha\" data-sitekey=\"6LfOE_4pAAAAAIz_jZFC0YZWDrzQspr9jbuIPAIL\"><\/div><input type=\"text\" name=\"g-recaptcha-hidden\" class=\"wpforms-recaptcha-hidden\" style=\"position:absolute!important;clip:rect(0,0,0,0)!important;height:1px!important;width:1px!important;border:0!important;overflow:hidden!important;padding:0!important;margin:0!important;\" data-rule-recaptcha=\"1\"><\/div><div class=\"wpforms-submit-container\" ><input type=\"hidden\" name=\"wpforms[id]\" value=\"17611\"><input type=\"hidden\" name=\"page_title\" value=\"\"><input type=\"hidden\" name=\"page_url\" value=\"https:\/\/123helikoptervluchten.nl\/fr\/wp-json\/wp\/v2\/pages\/17608\"><input type=\"hidden\" name=\"url_referer\" value=\"\"><button type=\"submit\" name=\"wpforms[submit]\" id=\"wpforms-submit-17611\" class=\"wpforms-submit\" data-alt-text=\"Versturen..\" data-submit-text=\"Aanvraag versturen\" aria-live=\"assertive\" value=\"wpforms-submit\">Envoyer une demande<\/button><img decoding=\"async\" src=\"https:\/\/123helikoptervluchten.nl\/wp-content\/plugins\/wpforms\/assets\/images\/submit-spin.svg\" class=\"wpforms-submit-spinner\" style=\"display: none;\" width=\"26\" height=\"26\" alt=\"Chargement en cours\" title=\"\"><\/div><input type=\"hidden\" name=\"trp-form-language\" value=\"fr\"\/><\/form><\/div>  <!-- .wpforms-container --><\/div>\n<div class=\"col-sm-5\">\n<p><img decoding=\"async\" src=\"https:\/\/123helikoptervluchten.nl\/wp-content\/uploads\/2021\/12\/helikoptervlucht-maken-1.jpg\" alt=\"utiliser le bon pour un vol en h\u00e9licopt\u00e8re\" title=\"\"><\/p>\n<p><a href=\"\/fr\/cadeau\/cadeau-geven\/\">Vous souhaitez offrir un ch\u00e8que-cadeau ? Cliquez sur ce lien pour le faire !<\/a><\/p>\n<\/div>\n<\/div>","protected":false},"excerpt":{"rendered":"<p>Voucher \/ Gift certificate redemption Vous souhaitez offrir un ch\u00e8que-cadeau ? Cliquez sur ce lien pour le faire !<\/p>","protected":false},"author":3,"featured_media":0,"parent":0,"menu_order":0,"comment_status":"closed","ping_status":"closed","template":"","meta":{"_acf_changed":false,"footnotes":""},"class_list":["post-17608","page","type-page","status-publish","hentry"],"acf":[],"_links":{"self":[{"href":"https:\/\/123helikoptervluchten.nl\/fr\/wp-json\/wp\/v2\/pages\/17608","targetHints":{"allow":["GET"]}}],"collection":[{"href":"https:\/\/123helikoptervluchten.nl\/fr\/wp-json\/wp\/v2\/pages"}],"about":[{"href":"https:\/\/123helikoptervluchten.nl\/fr\/wp-json\/wp\/v2\/types\/page"}],"author":[{"embeddable":true,"href":"https:\/\/123helikoptervluchten.nl\/fr\/wp-json\/wp\/v2\/users\/3"}],"replies":[{"embeddable":true,"href":"https:\/\/123helikoptervluchten.nl\/fr\/wp-json\/wp\/v2\/comments?post=17608"}],"version-history":[{"count":0,"href":"https:\/\/123helikoptervluchten.nl\/fr\/wp-json\/wp\/v2\/pages\/17608\/revisions"}],"wp:attachment":[{"href":"https:\/\/123helikoptervluchten.nl\/fr\/wp-json\/wp\/v2\/media?parent=17608"}],"curies":[{"name":"wp","href":"https:\/\/api.w.org\/{rel}","templated":true}]}}