{"id":17460,"date":"2022-03-12T11:20:41","date_gmt":"2022-03-12T10:20:41","guid":{"rendered":"https:\/\/123helikoptervluchten.nl\/?page_id=17460"},"modified":"2024-04-04T12:14:05","modified_gmt":"2024-04-04T10:14:05","slug":"helikoptervlucht-tulpenvelden","status":"publish","type":"page","link":"https:\/\/123helikoptervluchten.nl\/fr\/helikoptervlucht\/champs-de-tulipes\/","title":{"rendered":"Vol en h\u00e9licopt\u00e8re dans les champs de tulipes"},"content":{"rendered":"<p>Un vol en h\u00e9licopt\u00e8re dans les champs de tulipes est une escapade unique que vous pouvez vous offrir ou offrir \u00e0 quelqu'un d'autre. Quel que soit votre \u00e2ge, un vol en h\u00e9licopt\u00e8re est une exp\u00e9rience sp\u00e9ciale pour tout le monde. Et avec un vol en h\u00e9licopt\u00e8re vers les champs de tulipes, vous pouvez voir un endroit sp\u00e9cial des Pays-Bas depuis les airs. Il y a plusieurs endroits o\u00f9 l'on peut faire de magnifiques vols en h\u00e9licopt\u00e8re et admirer les champs de tulipes d'en haut. Voir ces tulipes d'en haut rend un vol en h\u00e9licopt\u00e8re encore plus sp\u00e9cial.<\/p>\n<h2>Lieux d'embarquement pour un vol en h\u00e9licopt\u00e8re au-dessus des champs de tulipes<\/h2>\n<p><a href=\"https:\/\/123helikoptervluchten.nl\/fr\/helikoptervlucht\/bollenstreek\/\"><strong>Cliquez ici<\/strong> pour les options et les prix de <strong>A\u00e9roport d'Hilversum<\/strong> pour le <strong>champs de bulbes <\/strong>dans l'environnement<strong> Lisse.<\/strong><\/a><\/p>\n<h2>Regarder les tulipes d'en haut<\/h2>\n<p>Un vol en h\u00e9licopt\u00e8re vous permet de voir les Pays-Bas d'en haut. Mais un vol en h\u00e9licopt\u00e8re vers les champs de tulipes vous montrera bien plus que les rues et les eaux de notre pays. En effet, les champs de tulipes sont encore plus beaux vus du ciel. L'ensemble des couleurs et les rang\u00e9es de fleurs sont bien s\u00fbr d\u00e9j\u00e0 agr\u00e9ables \u00e0 voir depuis le sol, mais elles sont encore plus sp\u00e9ciales depuis les airs. Vous pouvez voir l'ensemble des champs d'un seul coup d'\u0153il. Un vol en h\u00e9licopt\u00e8re dans les champs de tulipes est un moment inoubliable.<\/p>\n<h2>Quelle heure<\/h2>\n<p>Les tulipes ne poussent pas toute l'ann\u00e9e, du moins pas \u00e0 l'ext\u00e9rieur. Si vous voulez voir les champs de tulipes au meilleur moment, vous devez donc planifier votre vol en h\u00e9licopt\u00e8re vers les champs de tulipes au bon moment. La p\u00e9riode la plus id\u00e9ale se situe entre la mi-avril et la mi-mai. C'est \u00e0 ce moment-l\u00e0 que les tulipes sont en pleine floraison. D'autres fleurs fleurissent d\u00e8s la mi-mars, et vous pouvez encore profiter des magnifiques couleurs de toutes les fleurs jusqu'\u00e0 l'\u00e9t\u00e9. Mais le pic de floraison le plus important se situe donc en avril et en mai, ce qui en fait la meilleure p\u00e9riode pour votre vol en h\u00e9licopt\u00e8re dans les champs de tulipes.<\/p>\n<h2>Dans plusieurs provinces<\/h2>\n<p>Il existe plusieurs provinces o\u00f9 l'on peut faire un vol en h\u00e9licopt\u00e8re dans les champs de tulipes. En effet, plusieurs provinces poss\u00e8dent des champs de tulipes. Le plus c\u00e9l\u00e8bre est sans doute le Keukenhof, \u00e0 <a href=\"https:\/\/123helikoptervluchten.nl\/fr\/helikoptervlucht\/lisse-noordwijk\/\">Lisse<\/a>. C'est le cas en m\u00eame temps dans la r\u00e9gion des bulbes, une r\u00e9gion o\u00f9 l'on peut admirer de nombreuses fleurs entre Leyde et Haarlem. En Zeeuws-Vlaanderen, en Flevoland et en Frise occidentale, on peut \u00e9galement voir de magnifiques champs de tulipes en fleurs. Il y a donc beaucoup de champs de fleurs et de tulipes \u00e0 voir aux Pays-Bas et depuis l'h\u00e9licopt\u00e8re.<\/p>\n<h2>Pour tous les \u00e2ges<\/h2>\n<p>Un vol en h\u00e9licopt\u00e8re dans les champs de tulipes est vraiment amusant pour tout le monde. M\u00eame si vous n'\u00eates pas un amateur de tulipes ou de fleurs, vous pouvez profiter d'une vue unique depuis l'h\u00e9licopt\u00e8re. Les amateurs de tulipes appr\u00e9cieront de toute fa\u00e7on un vol en h\u00e9licopt\u00e8re vers les champs de tulipes. L'\u00e2ge et le fait d'\u00eatre ou non originaire de la r\u00e9gion n'ont aucune importance. Quoi qu'il en soit, un tel vol en h\u00e9licopt\u00e8re est une exp\u00e9rience unique que vous n'\u00eates pas pr\u00eat d'oublier.<\/p>","protected":false},"excerpt":{"rendered":"<p>Een uniek uitje voor jezelf om cadeau te doen of aan iemand anders te geven is een helikoptervlucht tulpenvelden. Het maakt eigenlijk niet uit hoe oud je bent, een helikoptervlucht is voor iedereen een bijzondere ervaring. En met een helikoptervlucht tulpenvelden bekijk je vanuit de lucht een speciale plek van Nederland. Er zijn verschillende plekken [&hellip;]<\/p>","protected":false},"author":8,"featured_media":0,"parent":0,"menu_order":0,"comment_status":"closed","ping_status":"closed","template":"","meta":{"_acf_changed":false,"footnotes":""},"class_list":["post-17460","page","type-page","status-publish","hentry"],"acf":[],"_links":{"self":[{"href":"https:\/\/123helikoptervluchten.nl\/fr\/wp-json\/wp\/v2\/pages\/17460","targetHints":{"allow":["GET"]}}],"collection":[{"href":"https:\/\/123helikoptervluchten.nl\/fr\/wp-json\/wp\/v2\/pages"}],"about":[{"href":"https:\/\/123helikoptervluchten.nl\/fr\/wp-json\/wp\/v2\/types\/page"}],"author":[{"embeddable":true,"href":"https:\/\/123helikoptervluchten.nl\/fr\/wp-json\/wp\/v2\/users\/8"}],"replies":[{"embeddable":true,"href":"https:\/\/123helikoptervluchten.nl\/fr\/wp-json\/wp\/v2\/comments?post=17460"}],"version-history":[{"count":0,"href":"https:\/\/123helikoptervluchten.nl\/fr\/wp-json\/wp\/v2\/pages\/17460\/revisions"}],"wp:attachment":[{"href":"https:\/\/123helikoptervluchten.nl\/fr\/wp-json\/wp\/v2\/media?parent=17460"}],"curies":[{"name":"wp","href":"https:\/\/api.w.org\/{rel}","templated":true}]}}