{"id":17,"date":"2021-04-14T12:47:36","date_gmt":"2021-04-14T12:47:36","guid":{"rendered":"https:\/\/dev.surv.nl\/123h\/?page_id=17"},"modified":"2025-05-01T18:43:42","modified_gmt":"2025-05-01T16:43:42","slug":"over-ons","status":"publish","type":"page","link":"https:\/\/123helikoptervluchten.nl\/fr\/over-ons\/","title":{"rendered":"A propos de nous"},"content":{"rendered":"<div class=\"row\">\n<div class=\"col-xl-8 col-sm-12\">\n<p class=\"main-text\">\"Lorsque vous prenez un engagement, vous cr\u00e9ez de l'espoir. Quand on le tient, on construit la confiance\".<\/p>\n<p><a class=\"button button-orange video-btn\" href=\"#\" data-bs-toggle=\"modal\" data-src=\"https:\/\/player.vimeo.com\/video\/649600219\" data-bs-target=\"#videoModal\">Voir notre vid\u00e9o d'entreprise<\/a><\/p>\n<p>Sur 123Helicopterflights vous trouverez toutes les <a title=\"vols en h\u00e9licopt\u00e8re\" href=\"\/fr\/\">vols en h\u00e9licopt\u00e8re<\/a> de tous les sites regroup\u00e9s. Il suffit de regarder et de comparer, sur un seul site web. Plus besoin de chercher comme une aiguille dans une botte de foin. Votre site et votre solution ne figurent pas dans la liste ? Contactez-nous, nous proposons \u00e9galement des solutions personnalis\u00e9es.<\/p>\n<h2>Chronologie<\/h2>\n<p><strong>2010<\/strong><br \/>\nC'est l'ann\u00e9e o\u00f9 j'ai d\u00e9cid\u00e9 de passer ma licence d'h\u00e9licopt\u00e8re. En tant que commercial, pour en faire un travail \u00e0 plein temps. Avant cela, j'avais plus de 10 ans d'exp\u00e9rience dans le monde de l'ing\u00e9nierie, en tant que m\u00e9canicien superviseur dans les installations basse tension, audio et t\u00e9l\u00e9com.<\/p>\n<p><strong>2012<\/strong><br \/>\nC'est l\u00e0 que j'ai cr\u00e9\u00e9 RondvluchtHelikopter.nl, pour fournir aux gens des informations et la possibilit\u00e9 de r\u00e9server des vols en ligne. \ud83c\udf89<\/p>\n<p><strong>2014<\/strong><br \/>\nMon premier emploi \u00e0 plein temps en Tha\u00eflande, avec des vols magnifiques au-dessus de Bangkok et de ses environs.<\/p>\n<p><strong>2016<\/strong><br \/>\nLe d\u00e9fi suivant s'est d\u00e9roul\u00e9 en Allemagne, o\u00f9 j'ai pilot\u00e9 l'h\u00e9licopt\u00e8re EC135 dans le secteur des parcs \u00e9oliens offshore.<\/p>\n<p><strong>2017<\/strong><br \/>\nCette ann\u00e9e, 123Helikopterflights a vu le jour car RondvluchtHelikopter.nl \u00e9tait limit\u00e9. L'offre s'est \u00e9toff\u00e9e, et les ventes ont progress\u00e9 avec elle. \ud83c\udf89<\/p>\n<p><strong>2019<\/strong><br \/>\nAu milieu de cette ann\u00e9e, j'ai commenc\u00e9 \u00e0 voler depuis l'Angleterre sur l'AW139, \u00e0 destination des plates-formes p\u00e9troli\u00e8res. Plus tard dans la m\u00eame ann\u00e9e, j'ai commenc\u00e9 \u00e0 voler depuis l'Afrique de l'Ouest, \u00e9galement vers les plates-formes p\u00e9troli\u00e8res. Entre-temps, o\u00f9 que je sois assis, avec une connexion internet et un ordinateur portable, je g\u00e8re 123Helicopter Flights \ud83d\ude42 .<\/p>\n<p><strong>2021<\/strong><br \/>\nExpansion : un d\u00e9veloppeur web et un sp\u00e9cialiste du marketing en ligne ont rejoint 123Helikoptervluchten. Des cr\u00e9ations magnifiques et stimulantes sont \u00e0 venir. D\u00e9but 2022, nous esp\u00e9rons lancer un nouveau site web pour 123Helikoptervluchten. Ensuite, nous esp\u00e9rons lancer d'autres activit\u00e9s en ligne, restez \u00e0 l'\u00e9coute !<\/p>\n<p><strong>2022<br \/>\n<\/strong>Je travaille toujours en Afrique de l'Ouest. 4 semaines l\u00e0-bas et ensuite 4 semaines de cong\u00e9 aux Pays-Bas, \u00e0 la maison avec ma famille.<\/p>\n<p style=\"margin-bottom: 0px; padding-bottom: 0px;\"><strong>Objectifs futurs<\/strong><\/p>\n<ul style=\"font-size: 18px; font-weight: 500;\">\n<li>Passer plus de temps avec ma femme et mes enfants, apr\u00e8s 3 gar\u00e7ons, il y a maintenant une fille en route ! \ud83e\udd73<\/li>\n<li>s'envoler vers la lune, de pr\u00e9f\u00e9rence avec un s\u00e9jour d'une nuit \ud83d\ude80<\/li>\n<li>perdre du poids (poids) et un pack de six (Heineken) \ud83d\udcaa<\/li>\n<li>Lancer d'autres plateformes en ligne en tant qu'entrepreneur, et mon objectif en tant que pilote que je garde encore secret \ud83d\ude09<\/li>\n<\/ul>\n<p><strong>2023<\/strong><br \/>\nSeptembre : Nous nous dirigeons vers une croissance des ventes de &gt;60% par rapport \u00e0 l'ann\u00e9e derni\u00e8re. Cela s'explique en partie par le fait que le site web remani\u00e9 fonctionne comme une maison depuis pr\u00e8s de deux ans maintenant. Nous en sommes tr\u00e8s heureux. Mais nous n'en sommes pas encore l\u00e0. Je vois encore des possibilit\u00e9s et des domaines d'am\u00e9lioration partout, et nous les mettons en \u0153uvre petit \u00e0 petit. Tout pour une meilleure exp\u00e9rience !<\/p>\n<p><strong>2024<\/strong><br \/>\nOctobre : le chiffre d'affaires par rapport \u00e0 l'ensemble de l'ann\u00e9e derni\u00e8re est d\u00e9j\u00e0 d\u00e9pass\u00e9, la belle croissance se poursuit donc. Ce mois-ci, nous avons \u00e9galement pr\u00e9sent\u00e9 notre nouveau logo. L'ancien logo \u00e9tait principalement ax\u00e9 sur le march\u00e9 priv\u00e9. Mais ces derni\u00e8res ann\u00e9es, de plus en plus de missions commerciales ont \u00e9t\u00e9 ajout\u00e9es, de sorte que nous avons maintenant un logo qui s'adresse \u00e0 la fois au march\u00e9 priv\u00e9 et au march\u00e9 commercial. Nous esp\u00e9rons que le logo vous plaira \ud83d\ude42 .<\/p>\n<p>Ancien :<br \/>\n<img decoding=\"async\" class=\"alignnone wp-image-19458\" src=\"https:\/\/123helikoptervluchten.nl\/wp-content\/uploads\/2024\/05\/logo-1200x328.jpg\" alt=\"Logo des vols de 123Helicopter\" width=\"391\" height=\"107\" title=\"\" srcset=\"https:\/\/123helikoptervluchten.nl\/wp-content\/uploads\/2024\/05\/logo-1200x328.jpg 1200w, https:\/\/123helikoptervluchten.nl\/wp-content\/uploads\/2024\/05\/logo-scaled-600x164.jpg 600w, https:\/\/123helikoptervluchten.nl\/wp-content\/uploads\/2024\/05\/logo-300x82.jpg 300w, https:\/\/123helikoptervluchten.nl\/wp-content\/uploads\/2024\/05\/logo-768x210.jpg 768w, https:\/\/123helikoptervluchten.nl\/wp-content\/uploads\/2024\/05\/logo-1536x419.jpg 1536w, https:\/\/123helikoptervluchten.nl\/wp-content\/uploads\/2024\/05\/logo-2048x559.jpg 2048w, https:\/\/123helikoptervluchten.nl\/wp-content\/uploads\/2024\/05\/logo-18x5.jpg 18w, https:\/\/123helikoptervluchten.nl\/wp-content\/uploads\/2024\/05\/logo-60x16.jpg 60w, https:\/\/123helikoptervluchten.nl\/wp-content\/uploads\/2024\/05\/logo-110x30.jpg 110w\" sizes=\"(max-width: 391px) 100vw, 391px\" \/><\/p>\n<p>Nouveau :<br \/>\n<img decoding=\"async\" class=\"alignnone wp-image-19822\" src=\"https:\/\/123helikoptervluchten.nl\/wp-content\/uploads\/2024\/10\/Main-logo-Transperent.png\" alt=\"Nouveau logo 123Helicopterflights\" width=\"396\" height=\"98\" title=\"\" srcset=\"https:\/\/123helikoptervluchten.nl\/wp-content\/uploads\/2024\/10\/Main-logo-Transperent.png 869w, https:\/\/123helikoptervluchten.nl\/wp-content\/uploads\/2024\/10\/Main-logo-Transperent-300x75.png 300w, https:\/\/123helikoptervluchten.nl\/wp-content\/uploads\/2024\/10\/Main-logo-Transperent-768x192.png 768w, https:\/\/123helikoptervluchten.nl\/wp-content\/uploads\/2024\/10\/Main-logo-Transperent-18x4.png 18w, https:\/\/123helikoptervluchten.nl\/wp-content\/uploads\/2024\/10\/Main-logo-Transperent-60x15.png 60w, https:\/\/123helikoptervluchten.nl\/wp-content\/uploads\/2024\/10\/Main-logo-Transperent-110x27.png 110w, https:\/\/123helikoptervluchten.nl\/wp-content\/uploads\/2024\/10\/Main-logo-Transperent-600x150.png 600w\" sizes=\"(max-width: 396px) 100vw, 396px\" \/><\/p>\n<p>Si vous avez des questions, rendez-vous sur la page de contact et n'h\u00e9sitez pas \u00e0 les poser. Bonne journ\u00e9e !<\/p>\n<p>Une salutation enjou\u00e9e,<br \/>\nWilfred Boerendans - propri\u00e9taire et pilote<br \/>\n<a href=\"https:\/\/www.linkedin.com\/in\/wilfredboerendans\/\" rel=\"nofollow noopener\" target=\"_blank\"><img decoding=\"async\" class=\"alignnone wp-image-19948\" src=\"https:\/\/123helikoptervluchten.nl\/wp-content\/uploads\/2024\/12\/1656958733linkedin-logo-png-1200x302.png\" alt=\"LinkedIn Wilfred\" width=\"95\" height=\"24\" title=\"\" srcset=\"https:\/\/123helikoptervluchten.nl\/wp-content\/uploads\/2024\/12\/1656958733linkedin-logo-png-1200x302.png 1200w, https:\/\/123helikoptervluchten.nl\/wp-content\/uploads\/2024\/12\/1656958733linkedin-logo-png-300x76.png 300w, https:\/\/123helikoptervluchten.nl\/wp-content\/uploads\/2024\/12\/1656958733linkedin-logo-png-768x194.png 768w, https:\/\/123helikoptervluchten.nl\/wp-content\/uploads\/2024\/12\/1656958733linkedin-logo-png-1536x387.png 1536w, https:\/\/123helikoptervluchten.nl\/wp-content\/uploads\/2024\/12\/1656958733linkedin-logo-png-18x5.png 18w, https:\/\/123helikoptervluchten.nl\/wp-content\/uploads\/2024\/12\/1656958733linkedin-logo-png-60x15.png 60w, https:\/\/123helikoptervluchten.nl\/wp-content\/uploads\/2024\/12\/1656958733linkedin-logo-png-110x28.png 110w, https:\/\/123helikoptervluchten.nl\/wp-content\/uploads\/2024\/12\/1656958733linkedin-logo-png-600x151.png 600w, https:\/\/123helikoptervluchten.nl\/wp-content\/uploads\/2024\/12\/1656958733linkedin-logo-png.png 2000w\" sizes=\"(max-width: 95px) 100vw, 95px\" \/><\/a><\/p>\n<p><img decoding=\"async\" class=\"alignnone size-full wp-image-18983\" src=\"https:\/\/123helikoptervluchten.nl\/wp-content\/uploads\/2023\/09\/1630346833762.jpeg\" alt=\"pilote d&#039;h\u00e9licopt\u00e8re\" width=\"150\" height=\"150\" title=\"\" srcset=\"https:\/\/123helikoptervluchten.nl\/wp-content\/uploads\/2023\/09\/1630346833762.jpeg 150w, https:\/\/123helikoptervluchten.nl\/wp-content\/uploads\/2023\/09\/1630346833762-60x60.jpeg 60w, https:\/\/123helikoptervluchten.nl\/wp-content\/uploads\/2023\/09\/1630346833762-110x110.jpeg 110w\" sizes=\"(max-width: 150px) 100vw, 150px\" \/><\/p>\n<\/div>\n<div class=\"col-xl-4 col-sm-12\"><img decoding=\"async\" class=\"wp-image-287 alignleft\" src=\"https:\/\/123helikoptervluchten.nl\/wp-content\/uploads\/2021\/04\/05-600x600@2x-300x300.jpg\" alt=\"\" width=\"678\" height=\"678\" title=\"\" srcset=\"https:\/\/123helikoptervluchten.nl\/wp-content\/uploads\/2021\/04\/05-600x600@2x-300x300.jpg 300w, https:\/\/123helikoptervluchten.nl\/wp-content\/uploads\/2021\/04\/05-600x600@2x-600x600.jpg 600w, https:\/\/123helikoptervluchten.nl\/wp-content\/uploads\/2021\/04\/05-600x600@2x-1024x1024.jpg 1024w, https:\/\/123helikoptervluchten.nl\/wp-content\/uploads\/2021\/04\/05-600x600@2x-150x150.jpg 150w, https:\/\/123helikoptervluchten.nl\/wp-content\/uploads\/2021\/04\/05-600x600@2x-768x768.jpg 768w, https:\/\/123helikoptervluchten.nl\/wp-content\/uploads\/2021\/04\/05-600x600@2x.jpg 1200w\" sizes=\"(max-width: 678px) 100vw, 678px\" \/><\/div>\n<\/div>","protected":false},"excerpt":{"rendered":"<p>\u201cWhen you make a commitment, you build hope. When you keep it, you build trust.\u201d Bekijk onze bedrijfsvideo Op 123Helikoptervluchten vind je alle helikoptervluchten van alle locaties gebundeld. Eenvoudig kijken en vergelijken, 1 website. Dus niet meer zoeken als een speld in een hooiberg, het hoeft allemaal niet zo moeilijk. Staat jouw locatie en oplossing [&hellip;]<\/p>","protected":false},"author":10,"featured_media":0,"parent":0,"menu_order":0,"comment_status":"closed","ping_status":"closed","template":"","meta":{"_acf_changed":false,"footnotes":""},"class_list":["post-17","page","type-page","status-publish","hentry"],"acf":[],"_links":{"self":[{"href":"https:\/\/123helikoptervluchten.nl\/fr\/wp-json\/wp\/v2\/pages\/17","targetHints":{"allow":["GET"]}}],"collection":[{"href":"https:\/\/123helikoptervluchten.nl\/fr\/wp-json\/wp\/v2\/pages"}],"about":[{"href":"https:\/\/123helikoptervluchten.nl\/fr\/wp-json\/wp\/v2\/types\/page"}],"author":[{"embeddable":true,"href":"https:\/\/123helikoptervluchten.nl\/fr\/wp-json\/wp\/v2\/users\/10"}],"replies":[{"embeddable":true,"href":"https:\/\/123helikoptervluchten.nl\/fr\/wp-json\/wp\/v2\/comments?post=17"}],"version-history":[{"count":0,"href":"https:\/\/123helikoptervluchten.nl\/fr\/wp-json\/wp\/v2\/pages\/17\/revisions"}],"wp:attachment":[{"href":"https:\/\/123helikoptervluchten.nl\/fr\/wp-json\/wp\/v2\/media?parent=17"}],"curies":[{"name":"wp","href":"https:\/\/api.w.org\/{rel}","templated":true}]}}