{"id":6814,"date":"2017-06-15T16:05:23","date_gmt":"2017-06-15T15:05:23","guid":{"rendered":"https:\/\/123helikoptervluchten.nl\/product\/helikoptervlucht-leeuwarden\/"},"modified":"2023-09-27T15:25:58","modified_gmt":"2023-09-27T13:25:58","slug":"vuelo-en-helicoptero-lisse-noordwijk","status":"publish","type":"product","link":"https:\/\/123helikoptervluchten.nl\/es\/vuelo-en-helicoptero-3\/lisse-noordwijk\/","title":{"rendered":"Vuelo en helic\u00f3ptero Lisse"},"excerpt":{"rendered":"<p>Hacer un <strong>vuelo en helic\u00f3ptero Lisse<\/strong> para 1-6 personas. No hay ning\u00fan helic\u00f3ptero comercial para vuelos tur\u00edsticos en la zona de Lisse. De ah\u00ed que el lugar de embarque <strong>Aeropuerto de Hilversum<\/strong> es, volar desde all\u00ed hasta este lugar con un bonito vuelo tur\u00edstico y alrededores, y volver.<\/p>","protected":false},"featured_media":17582,"template":"","meta":{"_acf_changed":false},"product_brand":[],"product_cat":[28],"product_tag":[],"class_list":{"0":"post-6814","1":"product","2":"type-product","3":"status-publish","4":"has-post-thumbnail","6":"product_cat-helikoptervlucht","7":"tm-no-options","9":"first","10":"instock","11":"virtual","12":"taxable","13":"purchasable","14":"product-type-simple"},"acf":[],"gallery_images":[],"_links":{"self":[{"href":"https:\/\/123helikoptervluchten.nl\/es\/wp-json\/wp\/v2\/product\/6814","targetHints":{"allow":["GET"]}}],"collection":[{"href":"https:\/\/123helikoptervluchten.nl\/es\/wp-json\/wp\/v2\/product"}],"about":[{"href":"https:\/\/123helikoptervluchten.nl\/es\/wp-json\/wp\/v2\/types\/product"}],"wp:featuredmedia":[{"embeddable":true,"href":"https:\/\/123helikoptervluchten.nl\/es\/wp-json\/wp\/v2\/media\/17582"}],"wp:attachment":[{"href":"https:\/\/123helikoptervluchten.nl\/es\/wp-json\/wp\/v2\/media?parent=6814"}],"wp:term":[{"taxonomy":"product_brand","embeddable":true,"href":"https:\/\/123helikoptervluchten.nl\/es\/wp-json\/wp\/v2\/product_brand?post=6814"},{"taxonomy":"product_cat","embeddable":true,"href":"https:\/\/123helikoptervluchten.nl\/es\/wp-json\/wp\/v2\/product_cat?post=6814"},{"taxonomy":"product_tag","embeddable":true,"href":"https:\/\/123helikoptervluchten.nl\/es\/wp-json\/wp\/v2\/product_tag?post=6814"}],"curies":[{"name":"wp","href":"https:\/\/api.w.org\/{rel}","templated":true}]}}