{"id":6275,"date":"2017-02-27T12:15:27","date_gmt":"2017-02-27T11:15:27","guid":{"rendered":"https:\/\/123helikoptervluchten.nl\/product\/helikoptervlucht-breda\/"},"modified":"2025-08-19T16:36:37","modified_gmt":"2025-08-19T14:36:37","slug":"vuelo-en-helicoptero-breda","status":"publish","type":"product","link":"https:\/\/123helikoptervluchten.nl\/es\/vuelo-en-helicoptero-3\/breda\/","title":{"rendered":"Vuelo en helic\u00f3ptero Breda"},"excerpt":{"rendered":"<p>\u00bfDesea sobrevolar Breda y sus alrededores en helic\u00f3ptero? Esto es posible para 4 personas a partir de un vuelo tur\u00edstico de 10 minutos. Se trata de un vuelo privado y no embarcar\u00e1n otras personas. Los vuelos tienen lugar en fechas fijas.<\/p>","protected":false},"featured_media":14758,"template":"","meta":{"_acf_changed":false},"product_brand":[],"product_cat":[28],"product_tag":[],"class_list":{"0":"post-6275","1":"product","2":"type-product","3":"status-publish","4":"has-post-thumbnail","6":"product_cat-helikoptervlucht","7":"tm-no-options","9":"first","10":"instock","11":"virtual","12":"taxable","13":"purchasable","14":"product-type-simple"},"acf":[],"gallery_images":[],"_links":{"self":[{"href":"https:\/\/123helikoptervluchten.nl\/es\/wp-json\/wp\/v2\/product\/6275","targetHints":{"allow":["GET"]}}],"collection":[{"href":"https:\/\/123helikoptervluchten.nl\/es\/wp-json\/wp\/v2\/product"}],"about":[{"href":"https:\/\/123helikoptervluchten.nl\/es\/wp-json\/wp\/v2\/types\/product"}],"wp:featuredmedia":[{"embeddable":true,"href":"https:\/\/123helikoptervluchten.nl\/es\/wp-json\/wp\/v2\/media\/14758"}],"wp:attachment":[{"href":"https:\/\/123helikoptervluchten.nl\/es\/wp-json\/wp\/v2\/media?parent=6275"}],"wp:term":[{"taxonomy":"product_brand","embeddable":true,"href":"https:\/\/123helikoptervluchten.nl\/es\/wp-json\/wp\/v2\/product_brand?post=6275"},{"taxonomy":"product_cat","embeddable":true,"href":"https:\/\/123helikoptervluchten.nl\/es\/wp-json\/wp\/v2\/product_cat?post=6275"},{"taxonomy":"product_tag","embeddable":true,"href":"https:\/\/123helikoptervluchten.nl\/es\/wp-json\/wp\/v2\/product_tag?post=6275"}],"curies":[{"name":"wp","href":"https:\/\/api.w.org\/{rel}","templated":true}]}}