{"id":6043,"date":"2017-02-09T20:50:09","date_gmt":"2017-02-09T19:50:09","guid":{"rendered":"https:\/\/123helikoptervluchten.nl\/product\/helikoptervlucht-rotterdam\/"},"modified":"2025-06-10T15:59:04","modified_gmt":"2025-06-10T13:59:04","slug":"vuelo-en-helicoptero-rotterdam","status":"publish","type":"product","link":"https:\/\/123helikoptervluchten.nl\/es\/vuelo-en-helicoptero-3\/rotterdam\/","title":{"rendered":"Vuelo en helic\u00f3ptero Rotterdam"},"excerpt":{"rendered":"<p>Descubra <strong>Rotterdam<\/strong> desde el aire con un <strong>vuelo en helic\u00f3ptero<\/strong>\u00a1! Ideal para 1 a 6 personas. Como no hay helic\u00f3pteros comerciales disponibles para vuelos tur\u00edsticos por Rotterdam, le invitamos al aeropuerto de Hilversum. Desde all\u00ed, realizaremos un impresionante recorrido sobre la hermosa ciudad de Rotterdam y sus alrededores, antes de regresar a Hilversum.<\/p>","protected":false},"featured_media":17582,"template":"","meta":{"_acf_changed":false},"product_brand":[],"product_cat":[28,18],"product_tag":[],"class_list":{"0":"post-6043","1":"product","2":"type-product","3":"status-publish","4":"has-post-thumbnail","6":"product_cat-helikoptervlucht","7":"product_cat-geen-categorie","8":"tm-no-options","10":"first","11":"instock","12":"virtual","13":"taxable","14":"purchasable","15":"product-type-simple"},"acf":[],"gallery_images":[],"_links":{"self":[{"href":"https:\/\/123helikoptervluchten.nl\/es\/wp-json\/wp\/v2\/product\/6043","targetHints":{"allow":["GET"]}}],"collection":[{"href":"https:\/\/123helikoptervluchten.nl\/es\/wp-json\/wp\/v2\/product"}],"about":[{"href":"https:\/\/123helikoptervluchten.nl\/es\/wp-json\/wp\/v2\/types\/product"}],"wp:featuredmedia":[{"embeddable":true,"href":"https:\/\/123helikoptervluchten.nl\/es\/wp-json\/wp\/v2\/media\/17582"}],"wp:attachment":[{"href":"https:\/\/123helikoptervluchten.nl\/es\/wp-json\/wp\/v2\/media?parent=6043"}],"wp:term":[{"taxonomy":"product_brand","embeddable":true,"href":"https:\/\/123helikoptervluchten.nl\/es\/wp-json\/wp\/v2\/product_brand?post=6043"},{"taxonomy":"product_cat","embeddable":true,"href":"https:\/\/123helikoptervluchten.nl\/es\/wp-json\/wp\/v2\/product_cat?post=6043"},{"taxonomy":"product_tag","embeddable":true,"href":"https:\/\/123helikoptervluchten.nl\/es\/wp-json\/wp\/v2\/product_tag?post=6043"}],"curies":[{"name":"wp","href":"https:\/\/api.w.org\/{rel}","templated":true}]}}