{"id":19125,"date":"2023-12-13T12:27:54","date_gmt":"2023-12-13T11:27:54","guid":{"rendered":"https:\/\/123helikoptervluchten.nl\/?post_type=product&#038;p=19125"},"modified":"2025-02-24T12:23:08","modified_gmt":"2025-02-24T11:23:08","slug":"annuleringsverzekering","status":"publish","type":"product","link":"https:\/\/123helikoptervluchten.nl\/es\/annuleringsverzekering\/","title":{"rendered":"Seguro de anulaci\u00f3n"},"excerpt":{"rendered":"<h3><strong>\u00bfA\u00fan no ha contratado el seguro de anulaci\u00f3n? <span class=\"blink\" style=\"color: #2644a1;\">\u00a1\u00daltima oportunidad!<\/span><\/strong><\/h3>\n<p>&nbsp;<\/p>\n<p><strong>Sea flexible, \u00a1reserve la seguridad!<\/strong><br \/>\nA\u00f1ada ahora su seguro de anulaci\u00f3n por s\u00f3lo <strong>\u20ac25,-<\/strong> (de <strong>\u20ac35,-<\/strong>) y aseg\u00farese de que puede hacer cambios hasta 48 horas antes de su vuelo.<\/p>\n<p><strong>\u00bfVales reservados?<\/strong> Con el seguro de cancelaci\u00f3n, no s\u00f3lo se hace un regalo, sino que se ofrece seguridad y flexibilidad al destinatario. Sin seguro, el vuelo no puede reprogramarse en caso de que el destinatario no se presente, por lo que el regalo no podr\u00e1 utilizarse.<\/p>","protected":false},"featured_media":19127,"template":"","meta":{"_acf_changed":false},"product_brand":[],"product_cat":[50],"product_tag":[],"class_list":{"0":"post-19125","1":"product","2":"type-product","3":"status-publish","4":"has-post-thumbnail","6":"product_cat-verzekering","7":"tm-has-options","9":"first","10":"instock","11":"virtual","12":"sold-individually","13":"taxable","14":"purchasable","15":"product-type-simple"},"acf":[],"gallery_images":[],"_links":{"self":[{"href":"https:\/\/123helikoptervluchten.nl\/es\/wp-json\/wp\/v2\/product\/19125","targetHints":{"allow":["GET"]}}],"collection":[{"href":"https:\/\/123helikoptervluchten.nl\/es\/wp-json\/wp\/v2\/product"}],"about":[{"href":"https:\/\/123helikoptervluchten.nl\/es\/wp-json\/wp\/v2\/types\/product"}],"wp:featuredmedia":[{"embeddable":true,"href":"https:\/\/123helikoptervluchten.nl\/es\/wp-json\/wp\/v2\/media\/19127"}],"wp:attachment":[{"href":"https:\/\/123helikoptervluchten.nl\/es\/wp-json\/wp\/v2\/media?parent=19125"}],"wp:term":[{"taxonomy":"product_brand","embeddable":true,"href":"https:\/\/123helikoptervluchten.nl\/es\/wp-json\/wp\/v2\/product_brand?post=19125"},{"taxonomy":"product_cat","embeddable":true,"href":"https:\/\/123helikoptervluchten.nl\/es\/wp-json\/wp\/v2\/product_cat?post=19125"},{"taxonomy":"product_tag","embeddable":true,"href":"https:\/\/123helikoptervluchten.nl\/es\/wp-json\/wp\/v2\/product_tag?post=19125"}],"curies":[{"name":"wp","href":"https:\/\/api.w.org\/{rel}","templated":true}]}}