{"id":18895,"date":"2023-09-13T13:34:26","date_gmt":"2023-09-13T11:34:26","guid":{"rendered":"https:\/\/123helikoptervluchten.nl\/?post_type=product&#038;p=18895"},"modified":"2025-05-02T00:11:26","modified_gmt":"2025-05-01T22:11:26","slug":"waardebon-bepaal-zelf-het-bedrag","status":"publish","type":"product","link":"https:\/\/123helikoptervluchten.nl\/es\/vales\/elija-su-importe\/","title":{"rendered":"Vale \ud83c\udf89 - Defina usted mismo el importe"},"excerpt":{"rendered":"<p>Elija a continuaci\u00f3n el valor del vale. Despu\u00e9s de la compra, recibir\u00e1 un bonito vale con su valor, con un c\u00f3digo de descuento e instrucciones. A continuaci\u00f3n, podr\u00e1 imprimirlo, escribir un mensaje personal si lo desea y quedar\u00e1 muy bien decorado con varias fotos de helic\u00f3pteros. Un vale es v\u00e1lido durante 1 a\u00f1o y puede gastarse en nuestra tienda web para comprar un vuelo en helic\u00f3ptero o una clase de helic\u00f3ptero.<\/p>","protected":false},"featured_media":18625,"template":"","meta":{"_acf_changed":false},"product_brand":[],"product_cat":[34],"product_tag":[],"class_list":{"0":"post-18895","1":"product","2":"type-product","3":"status-publish","4":"has-post-thumbnail","6":"product_cat-waardebonnen","7":"tm-no-options","9":"first","10":"instock","11":"virtual","12":"sold-individually","13":"taxable","14":"purchasable","15":"product-type-simple"},"acf":[],"gallery_images":[],"_links":{"self":[{"href":"https:\/\/123helikoptervluchten.nl\/es\/wp-json\/wp\/v2\/product\/18895","targetHints":{"allow":["GET"]}}],"collection":[{"href":"https:\/\/123helikoptervluchten.nl\/es\/wp-json\/wp\/v2\/product"}],"about":[{"href":"https:\/\/123helikoptervluchten.nl\/es\/wp-json\/wp\/v2\/types\/product"}],"wp:featuredmedia":[{"embeddable":true,"href":"https:\/\/123helikoptervluchten.nl\/es\/wp-json\/wp\/v2\/media\/18625"}],"wp:attachment":[{"href":"https:\/\/123helikoptervluchten.nl\/es\/wp-json\/wp\/v2\/media?parent=18895"}],"wp:term":[{"taxonomy":"product_brand","embeddable":true,"href":"https:\/\/123helikoptervluchten.nl\/es\/wp-json\/wp\/v2\/product_brand?post=18895"},{"taxonomy":"product_cat","embeddable":true,"href":"https:\/\/123helikoptervluchten.nl\/es\/wp-json\/wp\/v2\/product_cat?post=18895"},{"taxonomy":"product_tag","embeddable":true,"href":"https:\/\/123helikoptervluchten.nl\/es\/wp-json\/wp\/v2\/product_tag?post=18895"}],"curies":[{"name":"wp","href":"https:\/\/api.w.org\/{rel}","templated":true}]}}