{"id":18155,"date":"2022-11-01T09:42:22","date_gmt":"2022-11-01T08:42:22","guid":{"rendered":"https:\/\/123helikoptervluchten.nl\/?post_type=product&#038;p=18155"},"modified":"2024-05-05T18:28:28","modified_gmt":"2024-05-05T16:28:28","slug":"helikoptervlucht-new-york","status":"publish","type":"product","link":"https:\/\/123helikoptervluchten.nl\/es\/vuelo-en-helicoptero-3\/nueva-york\/","title":{"rendered":"Vuelo en helic\u00f3ptero Nueva York"},"excerpt":{"rendered":"<p>Reserve su vuelo en helic\u00f3ptero Nueva York incluso antes de la salida para asegurarse la plaza y ahorrar tiempo en sus vacaciones. Consulte r\u00e1pidamente las opciones y reserve en l\u00ednea con total seguridad.<\/p>\n<p>Pasan todos los objetos famosos, desde el Empire State, la Estatua de la Libertad, Central Park hasta el estadio de los Yankees.<\/p>\n<ul class=\"ul_green\">\n<li>Seguridad<\/li>\n<li>Ahorrar tiempo<\/li>\n<li>Socio fiable<\/li>\n<li>Tambi\u00e9n se lanzar\u00e1 desde Nueva Jersey<\/li>\n<\/ul>","protected":false},"featured_media":18156,"template":"","meta":{"_acf_changed":false},"product_brand":[],"product_cat":[28],"product_tag":[],"class_list":{"0":"post-18155","1":"product","2":"type-product","3":"status-publish","4":"has-post-thumbnail","6":"product_cat-helikoptervlucht","7":"tm-no-options","9":"first","10":"instock","11":"taxable","12":"shipping-taxable","13":"product-type-external"},"acf":[],"gallery_images":[18158,18165,18159,18160,18157],"_links":{"self":[{"href":"https:\/\/123helikoptervluchten.nl\/es\/wp-json\/wp\/v2\/product\/18155","targetHints":{"allow":["GET"]}}],"collection":[{"href":"https:\/\/123helikoptervluchten.nl\/es\/wp-json\/wp\/v2\/product"}],"about":[{"href":"https:\/\/123helikoptervluchten.nl\/es\/wp-json\/wp\/v2\/types\/product"}],"wp:featuredmedia":[{"embeddable":true,"href":"https:\/\/123helikoptervluchten.nl\/es\/wp-json\/wp\/v2\/media\/18156"}],"wp:attachment":[{"href":"https:\/\/123helikoptervluchten.nl\/es\/wp-json\/wp\/v2\/media?parent=18155"}],"wp:term":[{"taxonomy":"product_brand","embeddable":true,"href":"https:\/\/123helikoptervluchten.nl\/es\/wp-json\/wp\/v2\/product_brand?post=18155"},{"taxonomy":"product_cat","embeddable":true,"href":"https:\/\/123helikoptervluchten.nl\/es\/wp-json\/wp\/v2\/product_cat?post=18155"},{"taxonomy":"product_tag","embeddable":true,"href":"https:\/\/123helikoptervluchten.nl\/es\/wp-json\/wp\/v2\/product_tag?post=18155"}],"curies":[{"name":"wp","href":"https:\/\/api.w.org\/{rel}","templated":true}]}}