{"id":17958,"date":"2022-08-13T15:14:37","date_gmt":"2022-08-13T13:14:37","guid":{"rendered":"https:\/\/123helikoptervluchten.nl\/?post_type=product&#038;p=17958"},"modified":"2023-11-28T15:39:44","modified_gmt":"2023-11-28T14:39:44","slug":"vuelo-en-helicoptero-gran-canon","status":"publish","type":"product","link":"https:\/\/123helikoptervluchten.nl\/es\/visita\/gran-canon\/","title":{"rendered":"Vuelo en helic\u00f3ptero Gran Ca\u00f1\u00f3n"},"excerpt":{"rendered":"<p>Reserve su <strong>vuelo en helic\u00f3ptero Gran Ca\u00f1\u00f3n<\/strong> ya antes de la salida para asegurarse la plaza y ahorrar tiempo en sus vacaciones. Consulte r\u00e1pidamente las opciones y reserve online con seguridad.<\/p>\n<ul class=\"ul_green\">\n<li>Seguridad<\/li>\n<li>Ahorrar tiempo<\/li>\n<li>Socio fiable - Papillon<\/li>\n<li>Tambi\u00e9n se lanzar\u00e1 desde Las Vegas<\/li>\n<\/ul>","protected":false},"featured_media":17960,"template":"","meta":{"_acf_changed":false},"product_brand":[],"product_cat":[43],"product_tag":[],"class_list":{"0":"post-17958","1":"product","2":"type-product","3":"status-publish","4":"has-post-thumbnail","6":"product_cat-tour","7":"tm-no-options","9":"first","10":"instock","11":"taxable","12":"shipping-taxable","13":"product-type-external"},"acf":[],"gallery_images":[17961,17977,17978],"_links":{"self":[{"href":"https:\/\/123helikoptervluchten.nl\/es\/wp-json\/wp\/v2\/product\/17958","targetHints":{"allow":["GET"]}}],"collection":[{"href":"https:\/\/123helikoptervluchten.nl\/es\/wp-json\/wp\/v2\/product"}],"about":[{"href":"https:\/\/123helikoptervluchten.nl\/es\/wp-json\/wp\/v2\/types\/product"}],"wp:featuredmedia":[{"embeddable":true,"href":"https:\/\/123helikoptervluchten.nl\/es\/wp-json\/wp\/v2\/media\/17960"}],"wp:attachment":[{"href":"https:\/\/123helikoptervluchten.nl\/es\/wp-json\/wp\/v2\/media?parent=17958"}],"wp:term":[{"taxonomy":"product_brand","embeddable":true,"href":"https:\/\/123helikoptervluchten.nl\/es\/wp-json\/wp\/v2\/product_brand?post=17958"},{"taxonomy":"product_cat","embeddable":true,"href":"https:\/\/123helikoptervluchten.nl\/es\/wp-json\/wp\/v2\/product_cat?post=17958"},{"taxonomy":"product_tag","embeddable":true,"href":"https:\/\/123helikoptervluchten.nl\/es\/wp-json\/wp\/v2\/product_tag?post=17958"}],"curies":[{"name":"wp","href":"https:\/\/api.w.org\/{rel}","templated":true}]}}