{"id":17906,"date":"2022-07-04T13:58:36","date_gmt":"2022-07-04T11:58:36","guid":{"rendered":"https:\/\/123helikoptervluchten.nl\/?post_type=product&#038;p=17906"},"modified":"2025-06-10T18:45:06","modified_gmt":"2025-06-10T16:45:06","slug":"formula-1-sandvoort","status":"publish","type":"product","link":"https:\/\/123helikoptervluchten.nl\/es\/evento\/formula-1zandvoort-en-helicoptero\/","title":{"rendered":"F\u00f3rmula 1 Zandvoort en helic\u00f3ptero | GP de Holanda"},"excerpt":{"rendered":"<p>Vuele con estilo como VIP a la F\u00f3rmula 1 en Zandvoort en helic\u00f3ptero. Volar\u00e1 desde el helipuerto de \u00c1msterdam y le dejar\u00e1n en el circuito de carreras de Zandvoort. Reserve ya su plaza en un lujoso helic\u00f3ptero compartido. Volar\u00e1 por la ma\u00f1ana y regresar\u00e1 por la tarde.<\/p>","protected":false},"featured_media":17904,"template":"","meta":{"_acf_changed":false},"product_brand":[],"product_cat":[45],"product_tag":[],"class_list":{"0":"post-17906","1":"product","2":"type-product","3":"status-publish","4":"has-post-thumbnail","6":"product_cat-evenement","7":"tm-has-options","9":"first","10":"instock","11":"virtual","12":"taxable","13":"purchasable","14":"product-type-simple"},"acf":[],"gallery_images":[],"_links":{"self":[{"href":"https:\/\/123helikoptervluchten.nl\/es\/wp-json\/wp\/v2\/product\/17906","targetHints":{"allow":["GET"]}}],"collection":[{"href":"https:\/\/123helikoptervluchten.nl\/es\/wp-json\/wp\/v2\/product"}],"about":[{"href":"https:\/\/123helikoptervluchten.nl\/es\/wp-json\/wp\/v2\/types\/product"}],"wp:featuredmedia":[{"embeddable":true,"href":"https:\/\/123helikoptervluchten.nl\/es\/wp-json\/wp\/v2\/media\/17904"}],"wp:attachment":[{"href":"https:\/\/123helikoptervluchten.nl\/es\/wp-json\/wp\/v2\/media?parent=17906"}],"wp:term":[{"taxonomy":"product_brand","embeddable":true,"href":"https:\/\/123helikoptervluchten.nl\/es\/wp-json\/wp\/v2\/product_brand?post=17906"},{"taxonomy":"product_cat","embeddable":true,"href":"https:\/\/123helikoptervluchten.nl\/es\/wp-json\/wp\/v2\/product_cat?post=17906"},{"taxonomy":"product_tag","embeddable":true,"href":"https:\/\/123helikoptervluchten.nl\/es\/wp-json\/wp\/v2\/product_tag?post=17906"}],"curies":[{"name":"wp","href":"https:\/\/api.w.org\/{rel}","templated":true}]}}