{"id":16990,"date":"2022-02-04T18:34:48","date_gmt":"2022-02-04T17:34:48","guid":{"rendered":"https:\/\/123helikoptervluchten.nl\/product\/niet-gecategoriseerd\/helikoptervlucht-utrecht-2\/"},"modified":"2025-05-01T18:49:17","modified_gmt":"2025-05-01T16:49:17","slug":"vuelo-en-helicoptero-utrecht-2","status":"publish","type":"product","link":"https:\/\/123helikoptervluchten.nl\/es\/vuelo-en-helicoptero-3\/utrecht\/","title":{"rendered":"Vuelo en helic\u00f3ptero Utrecht"},"excerpt":{"rendered":"<p>\u00bfTomar un vuelo en helic\u00f3ptero Utrecht para 1-6 personas desde el aeropuerto de Hilversum? Es posible <strong>7 d\u00edas<\/strong> durante la semana. Su ubicaci\u00f3n es c\u00e9ntrica, <strong>m\u00e1s vendidos,<\/strong>\u00a0m\u00e1s econ\u00f3mico y flexible. Se trata de un <strong>vuelo privado. <\/strong>Desde Hilversum, vuele a Utrecht en un vuelo tur\u00edstico, y de vuelta.<\/p>","protected":false},"featured_media":17504,"template":"","meta":{"_acf_changed":false},"product_brand":[],"product_cat":[28],"product_tag":[],"class_list":{"0":"post-16990","1":"product","2":"type-product","3":"status-publish","4":"has-post-thumbnail","6":"product_cat-helikoptervlucht","7":"tm-no-options","9":"first","10":"instock","11":"virtual","12":"taxable","13":"purchasable","14":"product-type-simple"},"acf":[],"gallery_images":[],"_links":{"self":[{"href":"https:\/\/123helikoptervluchten.nl\/es\/wp-json\/wp\/v2\/product\/16990","targetHints":{"allow":["GET"]}}],"collection":[{"href":"https:\/\/123helikoptervluchten.nl\/es\/wp-json\/wp\/v2\/product"}],"about":[{"href":"https:\/\/123helikoptervluchten.nl\/es\/wp-json\/wp\/v2\/types\/product"}],"wp:featuredmedia":[{"embeddable":true,"href":"https:\/\/123helikoptervluchten.nl\/es\/wp-json\/wp\/v2\/media\/17504"}],"wp:attachment":[{"href":"https:\/\/123helikoptervluchten.nl\/es\/wp-json\/wp\/v2\/media?parent=16990"}],"wp:term":[{"taxonomy":"product_brand","embeddable":true,"href":"https:\/\/123helikoptervluchten.nl\/es\/wp-json\/wp\/v2\/product_brand?post=16990"},{"taxonomy":"product_cat","embeddable":true,"href":"https:\/\/123helikoptervluchten.nl\/es\/wp-json\/wp\/v2\/product_cat?post=16990"},{"taxonomy":"product_tag","embeddable":true,"href":"https:\/\/123helikoptervluchten.nl\/es\/wp-json\/wp\/v2\/product_tag?post=16990"}],"curies":[{"name":"wp","href":"https:\/\/api.w.org\/{rel}","templated":true}]}}