{"id":16148,"date":"2022-02-04T17:39:58","date_gmt":"2022-02-04T16:39:58","guid":{"rendered":"https:\/\/123helikoptervluchten.nl\/product\/niet-gecategoriseerd\/helikoptervlucht-maastricht-airport\/"},"modified":"2025-08-05T13:23:25","modified_gmt":"2025-08-05T11:23:25","slug":"vuelo-en-helicoptero-en-el-aeropuerto-de-maastricht","status":"publish","type":"product","link":"https:\/\/123helikoptervluchten.nl\/es\/vuelo-en-helicoptero-3\/aeropuerto-de-maastricht\/","title":{"rendered":"Vuelo en helic\u00f3ptero Maastricht-Aeropuerto"},"excerpt":{"rendered":"<p>\u00bfVuelo en helic\u00f3ptero sobre o cerca del Aeropuerto de Maastricht para 1-5 personas? Puede hacerlo desde el aeropuerto de Maastricht,\u00a0<strong>7 d\u00edas<\/strong> en la semana. El aeropuerto de Maastricht est\u00e1 en Limburgo. Tambi\u00e9n es f\u00e1cil volar a B\u00e9lgica.<span style=\"color: #ff0000;\"><strong> No es posible hasta nuevo aviso.<\/strong><\/span><\/p>","protected":false},"featured_media":14708,"template":"","meta":{"_acf_changed":false},"product_brand":[],"product_cat":[28],"product_tag":[],"class_list":{"0":"post-16148","1":"product","2":"type-product","3":"status-publish","4":"has-post-thumbnail","6":"product_cat-helikoptervlucht","7":"tm-no-options","9":"first","10":"instock","11":"virtual","12":"taxable","13":"purchasable","14":"product-type-simple"},"acf":[],"gallery_images":[],"_links":{"self":[{"href":"https:\/\/123helikoptervluchten.nl\/es\/wp-json\/wp\/v2\/product\/16148","targetHints":{"allow":["GET"]}}],"collection":[{"href":"https:\/\/123helikoptervluchten.nl\/es\/wp-json\/wp\/v2\/product"}],"about":[{"href":"https:\/\/123helikoptervluchten.nl\/es\/wp-json\/wp\/v2\/types\/product"}],"wp:featuredmedia":[{"embeddable":true,"href":"https:\/\/123helikoptervluchten.nl\/es\/wp-json\/wp\/v2\/media\/14708"}],"wp:attachment":[{"href":"https:\/\/123helikoptervluchten.nl\/es\/wp-json\/wp\/v2\/media?parent=16148"}],"wp:term":[{"taxonomy":"product_brand","embeddable":true,"href":"https:\/\/123helikoptervluchten.nl\/es\/wp-json\/wp\/v2\/product_brand?post=16148"},{"taxonomy":"product_cat","embeddable":true,"href":"https:\/\/123helikoptervluchten.nl\/es\/wp-json\/wp\/v2\/product_cat?post=16148"},{"taxonomy":"product_tag","embeddable":true,"href":"https:\/\/123helikoptervluchten.nl\/es\/wp-json\/wp\/v2\/product_tag?post=16148"}],"curies":[{"name":"wp","href":"https:\/\/api.w.org\/{rel}","templated":true}]}}