{"id":14011,"date":"2021-11-10T15:03:20","date_gmt":"2021-11-10T14:03:20","guid":{"rendered":"https:\/\/dev.surv.nl\/123h\/?post_type=product&#038;p=14011"},"modified":"2025-12-01T16:38:42","modified_gmt":"2025-12-01T15:38:42","slug":"cadeau-geven","status":"publish","type":"product","link":"https:\/\/123helikoptervluchten.nl\/es\/regalo\/cadeau-geven\/","title":{"rendered":"Regalos"},"excerpt":{"rendered":"<p>\u00bfBusca una experiencia extraordinaria y <strong>regalo aventurero<\/strong> \u00bfQuiere sorprender de verdad a alguien? No busque m\u00e1s. Un vuelo en helic\u00f3ptero es el regalo perfecto para los amantes de la emoci\u00f3n, la aventura y las experiencias \u00fanicas. Voucher interior <strong>24 horas<\/strong> \u00a1en su buz\u00f3n! (no disponemos de paquete de regalo f\u00edsico por correo)<\/p>\n<p>Elija una <strong>lecci\u00f3n de helic\u00f3ptero<\/strong> o <strong>vuelo en helic\u00f3ptero<\/strong> y qu\u00e9 ubicaci\u00f3n o a <strong>vale<\/strong>.<\/p>","protected":false},"featured_media":18610,"template":"","meta":{"_acf_changed":false},"product_brand":[],"product_cat":[40],"product_tag":[],"class_list":{"0":"post-14011","1":"product","2":"type-product","3":"status-publish","4":"has-post-thumbnail","6":"product_cat-cadeau","7":"tm-has-options","9":"first","10":"instock","11":"virtual","12":"taxable","13":"purchasable","14":"product-type-simple"},"acf":[],"gallery_images":[17504,17583,17582,17578,17445,13789,17505,18495,14710,14758,18496],"_links":{"self":[{"href":"https:\/\/123helikoptervluchten.nl\/es\/wp-json\/wp\/v2\/product\/14011","targetHints":{"allow":["GET"]}}],"collection":[{"href":"https:\/\/123helikoptervluchten.nl\/es\/wp-json\/wp\/v2\/product"}],"about":[{"href":"https:\/\/123helikoptervluchten.nl\/es\/wp-json\/wp\/v2\/types\/product"}],"wp:featuredmedia":[{"embeddable":true,"href":"https:\/\/123helikoptervluchten.nl\/es\/wp-json\/wp\/v2\/media\/18610"}],"wp:attachment":[{"href":"https:\/\/123helikoptervluchten.nl\/es\/wp-json\/wp\/v2\/media?parent=14011"}],"wp:term":[{"taxonomy":"product_brand","embeddable":true,"href":"https:\/\/123helikoptervluchten.nl\/es\/wp-json\/wp\/v2\/product_brand?post=14011"},{"taxonomy":"product_cat","embeddable":true,"href":"https:\/\/123helikoptervluchten.nl\/es\/wp-json\/wp\/v2\/product_cat?post=14011"},{"taxonomy":"product_tag","embeddable":true,"href":"https:\/\/123helikoptervluchten.nl\/es\/wp-json\/wp\/v2\/product_tag?post=14011"}],"curies":[{"name":"wp","href":"https:\/\/api.w.org\/{rel}","templated":true}]}}