{"id":9,"date":"2021-04-14T12:46:09","date_gmt":"2021-04-14T12:46:09","guid":{"rendered":"https:\/\/dev.surv.nl\/123h\/?page_id=9"},"modified":"2026-03-30T13:05:26","modified_gmt":"2026-03-30T11:05:26","slug":"home","status":"publish","type":"page","link":"https:\/\/123helikoptervluchten.nl\/es\/","title":{"rendered":"Inicio"},"content":{"rendered":"<h2>Excursi\u00f3n en helic\u00f3ptero<\/h2>\n<div class=\"row\">\n<div class=\"col-md-8\">\n<p>Reserve un vuelo en helic\u00f3ptero. Por supuesto, tambi\u00e9n ofrecemos servicios personalizados. Contamos con m\u00e1s de 13 a\u00f1os de experiencia en este sector, y tambi\u00e9n realizamos vuelos tur\u00edsticos por toda Holanda. Cons\u00faltenos las posibilidades de un viaje en helic\u00f3ptero o elija un helic\u00f3ptero para <a href=\"https:\/\/123helikoptervluchten.nl\/es\/blog\/helikopter-huren\/\">contratar<\/a>.<\/p>\n<p>\u00bfBusca una excursi\u00f3n original durante eventos, ferias, fiestas de empresa o d\u00edas de empresa? Entonces considere los vuelos tur\u00edsticos en helic\u00f3ptero, por ejemplo de 6 o 10 minutos. Tambi\u00e9n ofrecemos vuelos VIP personalizados con helic\u00f3pteros de 2 motores. Se trata del mismo tipo que el conocido helic\u00f3ptero holand\u00e9s ANWB trauma.<\/p>\n<p>Tambi\u00e9n puede ponerse en contacto con nosotros para encargos personalizados, como un vuelo a la <a href=\"https:\/\/123helikoptervluchten.nl\/es\/evento\/formula-1zandvoort-en-helicoptero\/\" target=\"_blank\" rel=\"noopener noreferrer nofollow\"><u>Circuito de Zandvoort<\/u><\/a> donde cada a\u00f1o desciende el circo de la F\u00f3rmula 1. Cuando se trata de vuelos en helic\u00f3ptero in situ, tambi\u00e9n est\u00e1 en el lugar adecuado.<\/p>\n<\/div>\n<div class=\"col-md-4\"><img decoding=\"async\" class=\"alignnone wp-image-14686 size-full\" src=\"https:\/\/123helikoptervluchten.nl\/wp-content\/uploads\/2021\/12\/helikoptervlucht-boeken.jpg\" alt=\"Reserva de vuelos en helic\u00f3ptero\" width=\"400\" height=\"226\" title=\"\" srcset=\"https:\/\/123helikoptervluchten.nl\/wp-content\/uploads\/2021\/12\/helikoptervlucht-boeken.jpg 400w, https:\/\/123helikoptervluchten.nl\/wp-content\/uploads\/2021\/12\/helikoptervlucht-boeken-300x170.jpg 300w, https:\/\/123helikoptervluchten.nl\/wp-content\/uploads\/2021\/12\/helikoptervlucht-boeken-60x34.jpg 60w, https:\/\/123helikoptervluchten.nl\/wp-content\/uploads\/2021\/12\/helikoptervlucht-boeken-110x62.jpg 110w\" sizes=\"(max-width: 400px) 100vw, 400px\" \/><\/div>\n<\/div>\n<h2>Regalo de vuelo en helic\u00f3ptero<\/h2>\n<p>\u00a1Descubra una nueva dimensi\u00f3n con un impresionante vuelo en helic\u00f3ptero! Reg\u00e1lese a s\u00ed mismo o a sus seres queridos el regalo definitivo y reg\u00e1leles una emocionante <strong>vuelo en helic\u00f3ptero como regalo<\/strong> que les acelere el coraz\u00f3n. Este a\u00f1o, sorprenda a sus amigos y familiares con esta experiencia \u00fanica en helic\u00f3ptero como regalo que le garantiza generar un gran entusiasmo. Lo m\u00e1s vendido en cuanto a vuelo en helic\u00f3ptero es un vuelo de 45 minutos. Pida r\u00e1pidamente su vuelo en helic\u00f3ptero de regalo y salga a volar en helic\u00f3ptero. Elija volar en helic\u00f3ptero como regalo y tendr\u00e1 garantizada una buena impresi\u00f3n.<\/p>\n<h2>Helic\u00f3ptero sobrevolando los Pa\u00edses Bajos<\/h2>\n<p>Tanto si quiere disfrutar de las impresionantes vistas a\u00e9reas de su ciudad favorita, como si quiere descubrir si tiene lo que hay que tener para ser piloto de helic\u00f3ptero, este asombroso vuelo en helic\u00f3ptero sobre los Pa\u00edses Bajos le ofrece oportunidades espectaculares. Desde famosos monumentos hasta coloridos campos de tulipanes en primavera, tome fotos inolvidables mientras surca los cielos. Los vuelos m\u00e1s vendidos se regalan. Regale ahora un vuelo en helic\u00f3ptero \u00fanico. Volar en helic\u00f3ptero es una experiencia que nunca olvidar\u00e1. A <a title=\"Vuelo en helic\u00f3ptero 2 personas\" href=\"https:\/\/123helikoptervluchten.nl\/es\/vuelo-en-helicoptero-3\/2-personas\/\" target=\"_blank\" rel=\"noopener\">vuelo en helic\u00f3ptero para 2 personas<\/a> es uno de nuestros vuelos en helic\u00f3ptero m\u00e1s reservados. Reserve hoy mismo su excursi\u00f3n en helic\u00f3ptero por los Pa\u00edses Bajos.<\/p>","protected":false},"excerpt":{"rendered":"<p>Excursi\u00f3n en helic\u00f3ptero Reserve un vuelo en helic\u00f3ptero. Naturalmente, tambi\u00e9n ofrecemos servicios personalizados. Contamos con m\u00e1s de 13 a\u00f1os de experiencia en este sector, y tambi\u00e9n realizamos vuelos tur\u00edsticos por toda Holanda. Comente con nosotros las opciones para un paseo en helic\u00f3ptero u opte por alquilar un helic\u00f3ptero. Busca una excursi\u00f3n original durante eventos, ferias, fiestas de empresa [...].<\/p>","protected":false},"author":10,"featured_media":0,"parent":0,"menu_order":0,"comment_status":"closed","ping_status":"closed","template":"template-homepage.php","meta":{"_acf_changed":false,"footnotes":""},"class_list":["post-9","page","type-page","status-publish","hentry"],"acf":[],"_links":{"self":[{"href":"https:\/\/123helikoptervluchten.nl\/es\/wp-json\/wp\/v2\/pages\/9","targetHints":{"allow":["GET"]}}],"collection":[{"href":"https:\/\/123helikoptervluchten.nl\/es\/wp-json\/wp\/v2\/pages"}],"about":[{"href":"https:\/\/123helikoptervluchten.nl\/es\/wp-json\/wp\/v2\/types\/page"}],"author":[{"embeddable":true,"href":"https:\/\/123helikoptervluchten.nl\/es\/wp-json\/wp\/v2\/users\/10"}],"replies":[{"embeddable":true,"href":"https:\/\/123helikoptervluchten.nl\/es\/wp-json\/wp\/v2\/comments?post=9"}],"version-history":[{"count":0,"href":"https:\/\/123helikoptervluchten.nl\/es\/wp-json\/wp\/v2\/pages\/9\/revisions"}],"wp:attachment":[{"href":"https:\/\/123helikoptervluchten.nl\/es\/wp-json\/wp\/v2\/media?parent=9"}],"curies":[{"name":"wp","href":"https:\/\/api.w.org\/{rel}","templated":true}]}}