{"id":3,"date":"2021-04-12T10:08:40","date_gmt":"2021-04-12T10:08:40","guid":{"rendered":"https:\/\/dev.surv.nl\/123h\/?page_id=3"},"modified":"2024-10-10T11:15:43","modified_gmt":"2024-10-10T09:15:43","slug":"privacy-policy","status":"publish","type":"page","link":"https:\/\/123helikoptervluchten.nl\/es\/privacy-policy\/","title":{"rendered":"Pol\u00edtica de privacidad"},"content":{"rendered":"<div class=\"gap\">\n<h3>Pol\u00edtica de privacidad<\/h3>\n<p>HeliQopter Services, con domicilio en Vliersingel 30, 8082 CH Elburg Pa\u00edses Bajos, es responsable del tratamiento de los datos personales reflejados en la presente declaraci\u00f3n de privacidad.<\/p>\n<p>Datos de contacto:<br \/>\nServicios de helic\u00f3ptero<br \/>\nwww.123helikoptervluchten.nl<br \/>\nOder 20 - Apartado de correos E7710<br \/>\n2491 DC La Haya<br \/>\nPa\u00edses Bajos<br \/>\n+31707007878<\/p>\n<p>W. Boerendans es el Responsable de Protecci\u00f3n de Datos de HeliQopter Services. Puede ponerse en contacto con \u00e9l en info@123helikoptervluchten.nl.<\/p>\n<p><strong>Datos personales que tratamos<\/strong><br \/>\nHeliQopter Services trata sus datos personales porque usted utiliza nuestros servicios y\/o porque usted mismo nos los facilita.<\/p>\n<p>A continuaci\u00f3n encontrar\u00e1 un resumen de los datos personales que procesamos:<br \/>\n- Nombre y apellidos<br \/>\n- G\u00e9nero<br \/>\n- Fecha de nacimiento<br \/>\n- Lugar de nacimiento<br \/>\n- Direcci\u00f3n<br \/>\n- N\u00famero de tel\u00e9fono<br \/>\n- Direcci\u00f3n de correo electr\u00f3nico<br \/>\n- Direcci\u00f3n IP<br \/>\n- Otros datos personales que usted facilite activamente, por ejemplo, al crear un perfil en este sitio web, en la correspondencia y por tel\u00e9fono.<br \/>\n- Detalles de la ubicaci\u00f3n<br \/>\n- Datos sobre sus actividades en nuestro sitio web<br \/>\n- Datos sobre su comportamiento de navegaci\u00f3n en diferentes sitios web (por ejemplo, porque esta empresa forma parte de una red publicitaria)<br \/>\n- Lista de datos de contacto de clientes a trav\u00e9s de una app<br \/>\n- Navegador de Internet y tipo de dispositivo<br \/>\n- N\u00famero de cuenta bancaria<\/p>\n<p><strong>Datos personales especiales y\/o sensibles que tratamos<\/strong><br \/>\nHeliQopter Services trata los siguientes datos personales especiales y\/o sensibles sobre usted:<br \/>\n- datos de menores de 16 a\u00f1os cuando hacen una reserva o se ponen en contacto con nosotros por tel\u00e9fono, correo electr\u00f3nico o chat.<\/p>\n<p>Nuestro sitio web y\/o servicio no pretende recoger datos de visitantes del sitio web menores de 16 a\u00f1os. A menos que cuenten con el consentimiento de sus padres o tutores. Sin embargo, no podemos verificar si un visitante es mayor de 16 a\u00f1os. Por lo tanto, aconsejamos a los padres que se impliquen en las actividades en l\u00ednea de sus hijos para evitar la recogida de datos de menores sin el consentimiento paterno. Si est\u00e1 convencido de que hemos recopilado datos personales de un menor sin dicho consentimiento, p\u00f3ngase en contacto con nosotros en info@123helikoptervluchten.nl y eliminaremos esta informaci\u00f3n.<\/p>\n<p><strong>Con qu\u00e9 fin y sobre qu\u00e9 base tratamos los datos personales<\/strong><br \/>\nHeliQopter Services procesa sus datos personales para los siguientes fines:<br \/>\n- Gesti\u00f3n de su pago<br \/>\n- Env\u00edo de nuestro bolet\u00edn y\/o folleto publicitario<br \/>\n- Llamarle o enviarle un correo electr\u00f3nico si es necesario para llevar a cabo nuestros servicios<br \/>\n- Informarle de cambios en nuestros servicios y productos<br \/>\n- Permitirle crear una cuenta<br \/>\n- Para suministrarle bienes y servicios<br \/>\n- HeliQopter Services analiza su comportamiento en la p\u00e1gina web para mejorarla y adaptar la oferta de productos y servicios a sus preferencias.<br \/>\n- HeliQopter Services tambi\u00e9n procesa datos personales si estamos legalmente obligados a hacerlo, como los datos que necesitamos para nuestra declaraci\u00f3n de impuestos.<\/p>\n<p><strong>Cu\u00e1nto tiempo conservamos los datos personales<br \/>\n<\/strong>HeliQopter Services no conserva sus datos personales durante m\u00e1s tiempo del estrictamente necesario para cumplir los fines para los que se recogieron. Utilizamos los siguientes periodos de conservaci\u00f3n para las siguientes (categor\u00edas de) datos personales:<\/p>\n<p>Datos personales &gt; 7 a\u00f1os &gt; obligatorio para Hacienda<br \/>\nDatos del pedido &gt; 7 a\u00f1os &gt; obligatorio para Hacienda<br \/>\nChats &gt; 3 a\u00f1os &gt; Para servirle bien seg\u00fan conversaciones anteriores<br \/>\nN\u00fameros de tel\u00e9fono &gt; 3 a\u00f1os &gt; Para ofrecerle un buen servicio basado en conversaciones anteriores. Las conversaciones telef\u00f3nicas no se graban.<br \/>\nCorreos electr\u00f3nicos &gt; 3 a\u00f1os &gt; Para atenderle bien en funci\u00f3n de conversaciones anteriores<\/p>\n<p><strong>Compartir datos personales con terceros<\/strong><br \/>\nHeliQopter Services comparte sus datos personales con varios terceros seg\u00fan sea necesario para la ejecuci\u00f3n del acuerdo y para cumplir con cualquier obligaci\u00f3n legal. Con las empresas que procesan sus datos en nuestro nombre, celebramos un acuerdo de procesamiento para garantizar el mismo nivel de seguridad y confidencialidad de sus datos. HeliQopter Services sigue siendo responsable de este procesamiento. Adem\u00e1s, HeliQopter Services proporciona sus datos personales a terceros. S\u00f3lo lo hacemos con su consentimiento expl\u00edcito.<\/p>\n<p>Livechat &gt; Utilizamos su herramienta para chatear con usted en nuestro sitio web. Hemos firmado un acuerdo de procesamiento con Livechat. \u00c9ste contiene acuerdos estrictos sobre lo que se les permite rastrear.<br \/>\nGoogle Analytics &gt; Utilizamos Google Analytics para hacer un seguimiento del uso que hacen los visitantes de nuestro sitio web. Hemos firmado un acuerdo de procesamiento con Google. \u00c9ste contiene acuerdos estrictos sobre lo que se les permite rastrear.<br \/>\nMicrosoft Clarity &gt; Utilizamos Microsoft Clarity para hacer un seguimiento del uso que hacen los visitantes de nuestro sitio web. Tenemos un acuerdo de procesamiento con Microsoft Clarity. \u00c9ste contiene acuerdos estrictos sobre lo que se les permite rastrear.<\/p>\n<p><strong>Cookies, o t\u00e9cnicas similares, que utilizamos<\/strong><\/p>\n<p>HeliQopter Services utiliza cookies funcionales, anal\u00edticas y de seguimiento. Una cookie es un peque\u00f1o archivo de texto que se almacena en el navegador de su ordenador, tableta o smartphone la primera vez que visita este sitio web. HeliQopter Services utiliza cookies con una funcionalidad puramente t\u00e9cnica. \u00c9stas garantizan que el sitio web funcione correctamente y que, por ejemplo, se recuerden sus preferencias. Estas cookies tambi\u00e9n se utilizan para que el sitio web funcione correctamente y para optimizarlo. Adem\u00e1s, colocamos cookies que rastrean su comportamiento de navegaci\u00f3n para poder ofrecerle contenidos y anuncios personalizados.<\/p>\n<p>En su primera visita a nuestro sitio web, ya le hemos informado sobre estas cookies y le hemos pedido permiso para instalarlas.<\/p>\n<p><a href=\"#\" data-cc=\"c-settings\">Ver sus preferencias de cookies<\/a><\/p>\n<p>Puede desactivar las cookies configurando su navegador de Internet para que deje de almacenarlas. Adem\u00e1s, tambi\u00e9n puede eliminar cualquier informaci\u00f3n almacenada previamente a trav\u00e9s de la configuraci\u00f3n de su navegador.<\/p>\n<p><strong>En este sitio web tambi\u00e9n se instalan cookies de terceros. Entre ellos se incluyen, por ejemplo, los anunciantes y\/o las empresas de medios sociales. A continuaci\u00f3n se ofrece una visi\u00f3n general:<br \/>\n<\/strong>Nuestro sitio web utiliza cookies. Las cookies son peque\u00f1os archivos en los que podemos almacenar informaci\u00f3n para que no tenga que rellenarla cada vez. Pero tambi\u00e9n nos permiten saber que vuelve a visitarnos. Cuando visita nuestro sitio web por primera vez, le mostramos un mensaje explicativo sobre las cookies. Si contin\u00faa utilizando nuestro sitio web, asumiremos que no se opone a las cookies. Puede desactivar las cookies a trav\u00e9s de su navegador, pero algunas funciones de nuestro sitio web dejar\u00e1n de funcionar correctamente. Hemos llegado a acuerdos con otras empresas que colocan cookies. Sin embargo, no tenemos pleno control sobre lo que ellas mismas hacen con las cookies. Por lo tanto, lea tambi\u00e9n sus declaraciones de privacidad.<\/p>\n<p><strong>Ver, modificar o eliminar datos<\/strong><br \/>\nTiene derecho a acceder a sus datos personales, rectificarlos o suprimirlos. Tambi\u00e9n tiene derecho a retirar su posible consentimiento para el tratamiento de datos u oponerse al tratamiento de sus datos personales por parte de HeliQopter Services, y tiene derecho a la portabilidad de los datos. Esto significa que puede solicitarnos que le enviemos los datos personales que tenemos sobre usted en un archivo inform\u00e1tico a usted o a otra organizaci\u00f3n nombrada por usted.<\/p>\n<p>Puede enviar una solicitud de acceso, rectificaci\u00f3n, supresi\u00f3n, transferencia de sus datos personales o solicitar la revocaci\u00f3n de su consentimiento u oposici\u00f3n al tratamiento de sus datos personales a info@123helikoptervluchten.nl.<\/p>\n<p>Para asegurarnos de que la solicitud de inspecci\u00f3n ha sido presentada por usted, le rogamos que env\u00ede junto con la solicitud una copia de su documento de identidad. En esta copia, tache la foto de su pasaporte, la MRZ (zona legible por m\u00e1quina, la franja de n\u00fameros situada en la parte inferior del pasaporte), el n\u00famero de pasaporte y el N\u00famero de Atenci\u00f3n al Ciudadano (BSN). Esto es para proteger su intimidad. Responderemos a su solicitud lo antes posible, pero en un plazo m\u00e1ximo de cuatro semanas.<\/p>\n<p>HeliQopter Services tambi\u00e9n desea informarle de que tiene la posibilidad de presentar una reclamaci\u00f3n ante la autoridad nacional de control, la Autoridad de Datos Personales. Puede hacerlo a trav\u00e9s del siguiente enlace: https:\/\/autoriteitpersoonsgegevens.nl\/nl\/contact-met-de-autoriteit-persoonsgegevens\/tip-ons<\/p>\n<p><strong>C\u00f3mo protegemos los datos personales<\/strong><br \/>\nHeliQopter Services se toma muy en serio la protecci\u00f3n de sus datos y adopta las medidas adecuadas para evitar el uso indebido, la p\u00e9rdida, el acceso no autorizado, la divulgaci\u00f3n no deseada y la modificaci\u00f3n no autorizada. Si tiene la impresi\u00f3n de que sus datos no est\u00e1n debidamente protegidos o existen indicios de uso indebido, p\u00f3ngase en contacto con nuestro servicio de atenci\u00f3n al cliente o a trav\u00e9s de info@123helikoptervluchten.nl.<\/p>\n<\/div>\n<div class=\"gap\"><\/div>","protected":false},"excerpt":{"rendered":"<p>Privacy Policy HeliQopter Services, gevestigd aan Vliersingel 30, 8082 CH Elburg The Netherlands, is verantwoordelijk voor de verwerking van persoonsgegevens zoals weergegeven in deze privacyverklaring. Contactgegevens: HeliQopter Services www.123helikoptervluchten.nl Oder 20 &#8211; Postbus E7710 2491 DC Den Haag The Netherlands +31707007878 W. Boerendans is de Functionaris Gegevensbescherming van HeliQopter Services hij is te bereiken via [&hellip;]<\/p>","protected":false},"author":10,"featured_media":0,"parent":0,"menu_order":0,"comment_status":"closed","ping_status":"closed","template":"","meta":{"_acf_changed":false,"footnotes":""},"class_list":["post-3","page","type-page","status-publish","hentry"],"acf":[],"_links":{"self":[{"href":"https:\/\/123helikoptervluchten.nl\/es\/wp-json\/wp\/v2\/pages\/3","targetHints":{"allow":["GET"]}}],"collection":[{"href":"https:\/\/123helikoptervluchten.nl\/es\/wp-json\/wp\/v2\/pages"}],"about":[{"href":"https:\/\/123helikoptervluchten.nl\/es\/wp-json\/wp\/v2\/types\/page"}],"author":[{"embeddable":true,"href":"https:\/\/123helikoptervluchten.nl\/es\/wp-json\/wp\/v2\/users\/10"}],"replies":[{"embeddable":true,"href":"https:\/\/123helikoptervluchten.nl\/es\/wp-json\/wp\/v2\/comments?post=3"}],"version-history":[{"count":0,"href":"https:\/\/123helikoptervluchten.nl\/es\/wp-json\/wp\/v2\/pages\/3\/revisions"}],"wp:attachment":[{"href":"https:\/\/123helikoptervluchten.nl\/es\/wp-json\/wp\/v2\/media?parent=3"}],"curies":[{"name":"wp","href":"https:\/\/api.w.org\/{rel}","templated":true}]}}