{"id":20374,"date":"2025-05-28T18:34:20","date_gmt":"2025-05-28T16:34:20","guid":{"rendered":"https:\/\/123helikoptervluchten.nl\/?page_id=20374"},"modified":"2025-10-15T14:43:07","modified_gmt":"2025-10-15T12:43:07","slug":"oferta-de-vuelo-en-helicoptero","status":"publish","type":"page","link":"https:\/\/123helikoptervluchten.nl\/es\/oferta-de-vuelo-en-helicoptero\/","title":{"rendered":"Oferta de vuelo en helic\u00f3ptero"},"content":{"rendered":"<p><strong>\u00a1Viva la aventura de su vida con 15 euros en un vuelo en helic\u00f3ptero! Aproveche hoy mismo esta oferta de vuelo en helic\u00f3ptero.<\/strong><\/p>\n<p>Haga clic en el bot\u00f3n de abajo y el c\u00f3digo de descuento se activar\u00e1 inmediatamente en su cesta de la compra.<\/p>\n<p class=\"mb-3\"><a class=\"blog-cta\" href=\"https:\/\/123helikoptervluchten.nl\/es\/?coupon=fuuftieneuro\">\u2728 Utiliza el c\u00f3digo de descuento<\/a><\/p>\n<p><em>El c\u00f3digo se activa autom\u00e1ticamente al pagar<\/em><\/p>\n<p>\u00bfSiempre ha querido saber qu\u00e9 se siente al sobrevolar el paisaje como un p\u00e1jaro? Pues ahora es el momento de hacer realidad ese sue\u00f1o. En 123helicopterflights, benef\u00edciese ahora temporalmente de un descuento de en un inolvidable vuelo en helic\u00f3ptero.<\/p>\n<p>Imagine el zumbido del rotor, la adrenalina recorriendo su cuerpo y, despu\u00e9s, las vistas. Tanto si elige sobrevolar la ciudad, la playa o el campo, todo parece m\u00e1s impresionante desde el aire. Esta experiencia no s\u00f3lo es perfecta como regalo para uno mismo, sino tambi\u00e9n como regalo original para un cumplea\u00f1os, un aniversario o el D\u00eda del Padre.<\/p>\n<p>123helicopter Flights es conocida por sus pilotos profesionales, sus modernas aeronaves y su excelente servicio. La seguridad y la experiencia son siempre lo primero. Gracias a la promoci\u00f3n actual, ahora puedes disfrutar de esta experiencia \u00fanica por un precio extra barato.<\/p>\n<h2>Vuelos en helic\u00f3ptero con descuento<\/h2>\n<p>Dese prisa, ya que esta promoci\u00f3n s\u00f3lo es v\u00e1lida durante un tiempo limitado. Reserve su vuelo hoy mismo a trav\u00e9s de <u><a href=\"https:\/\/123helikoptervluchten.nl\/es\/?coupon=fuuftieneuro\">este enlace<\/a><\/u> y el descuento se aplicar\u00e1 autom\u00e1ticamente a su vuelo durante el pago o utilice el c\u00f3digo de descuento '<strong>FUUFTIENEURO<\/strong>'. (Wilfred es del Veluwe \ud83d\ude09 ) As\u00ed te aseguras un sitio en el cielo, \u00a1con 15 euros de descuento!<\/p>\n<p>\u00bfSe atreve a ver los Pa\u00edses Bajos desde una perspectiva diferente? Aprovecha esta oportunidad y vive una aventura que te acompa\u00f1ar\u00e1 durante mucho tiempo.<br \/>\n123helicopter Flights - \u00a1tu billete a los cielos! \u2708\ufe0f\ud83d\ude81<\/p>\n<p>Tenga en cuenta que el descuento es v\u00e1lido en vuelos seleccionados y hasta agotar existencias.<\/p>\n<h2>Preguntas frecuentes sobre el descuento en vuelos en helic\u00f3ptero<\/h2>\n<div id=\"rank-math-rich-snippet-wrapper\"><div id=\"rank-math-faq\" class=\"rank-math-block\">\n<div class=\"rank-math-list\">\n<div id=\"faq-1\" class=\"rank-math-list-item\">\n<h3 class=\"rank-math-question\">\u00bfDurante cu\u00e1nto tiempo es v\u00e1lido un c\u00f3digo de descuento o vale?<\/h3>\n<div class=\"rank-math-answer\">\n\n<p>La mayor\u00eda de los vales y certificados de regalo de 123Helicopter Flights son v\u00e1lidos durante 1 a\u00f1o despu\u00e9s de la compra. Esto ofrece flexibilidad para planificar una fecha adecuada o regalar el vale sin limitaciones de tiempo inmediatas. El periodo de validez exacto se menciona en el bono. O elija directamente la fecha en la que desea volar.<\/p>\n\n<\/div>\n<\/div>\n<div id=\"faq-2\" class=\"rank-math-list-item\">\n<h3 class=\"rank-math-question\">\u00bfTiene siempre ofertas de vuelos en helic\u00f3ptero?<\/h3>\n<div class=\"rank-math-answer\">\n\n<p>No, tenemos ofertas temporales. \u00c9stas se muestran en nuestra p\u00e1gina de ofertas. As\u00ed podr\u00e1 beneficiarse regularmente de grandes descuentos en vuelos en helic\u00f3ptero. Mant\u00e9ngase atento a la p\u00e1gina, ya que las acciones son limitadas y se han ido = \u00a1se han ido!<\/p>\n\n<\/div>\n<\/div>\n<div id=\"faq-3\" class=\"rank-math-list-item\">\n<h3 class=\"rank-math-question\">\u00bfPuedo embarcar en cualquier lugar con una oferta de vuelo en helic\u00f3ptero?<\/h3>\n<div class=\"rank-math-answer\">\n\n<p>S\u00ed, tenemos muchos puntos de embarque y usted elige d\u00f3nde quiere embarcar. Los puntos de salida m\u00e1s populares son Hilversum, Harskamp (Veluwe), Lelystad y Emmen (norte del pa\u00eds).<\/p>\n\n<\/div>\n<\/div>\n<\/div>\n<\/div><\/div>","protected":false},"excerpt":{"rendered":"<p>Beleef het avontuur van je leven met 15 euro op een helikoptervlucht! Profiteer vandaag nog van deze helikoptervlucht aanbieding. Klik op de onderstaande button en de kortingscode is direct actief in je winkelmandje. \u2728 Gebruik kortingscode De code is automatisch actief bij het afrekenen Altijd al eens willen weten hoe het voelt om als een [&hellip;]<\/p>","protected":false},"author":4,"featured_media":0,"parent":0,"menu_order":0,"comment_status":"closed","ping_status":"closed","template":"","meta":{"_acf_changed":false,"footnotes":""},"class_list":["post-20374","page","type-page","status-publish","hentry"],"acf":[],"_links":{"self":[{"href":"https:\/\/123helikoptervluchten.nl\/es\/wp-json\/wp\/v2\/pages\/20374","targetHints":{"allow":["GET"]}}],"collection":[{"href":"https:\/\/123helikoptervluchten.nl\/es\/wp-json\/wp\/v2\/pages"}],"about":[{"href":"https:\/\/123helikoptervluchten.nl\/es\/wp-json\/wp\/v2\/types\/page"}],"author":[{"embeddable":true,"href":"https:\/\/123helikoptervluchten.nl\/es\/wp-json\/wp\/v2\/users\/4"}],"replies":[{"embeddable":true,"href":"https:\/\/123helikoptervluchten.nl\/es\/wp-json\/wp\/v2\/comments?post=20374"}],"version-history":[{"count":0,"href":"https:\/\/123helikoptervluchten.nl\/es\/wp-json\/wp\/v2\/pages\/20374\/revisions"}],"wp:attachment":[{"href":"https:\/\/123helikoptervluchten.nl\/es\/wp-json\/wp\/v2\/media?parent=20374"}],"curies":[{"name":"wp","href":"https:\/\/api.w.org\/{rel}","templated":true}]}}