{"id":19962,"date":"2024-12-22T17:53:30","date_gmt":"2024-12-22T16:53:30","guid":{"rendered":"https:\/\/123helikoptervluchten.nl\/?page_id=19962"},"modified":"2024-12-22T17:53:30","modified_gmt":"2024-12-22T16:53:30","slug":"error-del-vale","status":"publish","type":"page","link":"https:\/\/123helikoptervluchten.nl\/es\/error-del-vale\/","title":{"rendered":"Error de comprobante"},"content":{"rendered":"<p><strong>\u00a1Uy, algo sali\u00f3 mal!<\/strong><br \/>\nParece que el env\u00edo de los datos de su vale no ha ido bien. No se preocupe, puede intentarlo de nuevo o ponerse en contacto con nosotros a trav\u00e9s de nuestro <a href=\"\/es\/contact\/\">p\u00e1gina de contacto<\/a>.<\/p>\n<p>Para poder ayudarle lo antes posible, le pedimos que nos facilite los siguientes datos:<\/p>\n<ul>\n<li>Su <strong>nombre completo<\/strong><\/li>\n<li>Su <strong>direcci\u00f3n de correo electr\u00f3nico<\/strong><\/li>\n<li><strong>N\u00famero de tel\u00e9fono m\u00f3vil<\/strong> (accesible el mismo d\u00eda del vuelo)<\/li>\n<li>En <strong>n\u00famero de pedido<\/strong> en el vale<\/li>\n<li>En <strong>c\u00f3digo del billete<\/strong> en el vale<\/li>\n<li>Dos posibles <strong>fechas preferidas<\/strong> en el que desea volar<\/li>\n<\/ul>\n<p>Estamos listos para ayudarle y asegurarnos de que se ponga en marcha r\u00e1pidamente.<\/p>","protected":false},"excerpt":{"rendered":"<p>Vaya, \u00a1algo ha ido mal! Parece que el env\u00edo de los datos de tu vale no ha ido bien. No se preocupe, puede volver a intentarlo o ponerse en contacto con nosotros a trav\u00e9s de nuestra p\u00e1gina de contacto. Para poder ayudarle lo antes posible, facil\u00edtenos los siguientes datos: Tu nombre y apellidos Tu [...]<\/p>","protected":false},"author":3,"featured_media":0,"parent":0,"menu_order":0,"comment_status":"closed","ping_status":"closed","template":"","meta":{"_acf_changed":false,"footnotes":""},"class_list":["post-19962","page","type-page","status-publish","hentry"],"acf":[],"_links":{"self":[{"href":"https:\/\/123helikoptervluchten.nl\/es\/wp-json\/wp\/v2\/pages\/19962","targetHints":{"allow":["GET"]}}],"collection":[{"href":"https:\/\/123helikoptervluchten.nl\/es\/wp-json\/wp\/v2\/pages"}],"about":[{"href":"https:\/\/123helikoptervluchten.nl\/es\/wp-json\/wp\/v2\/types\/page"}],"author":[{"embeddable":true,"href":"https:\/\/123helikoptervluchten.nl\/es\/wp-json\/wp\/v2\/users\/3"}],"replies":[{"embeddable":true,"href":"https:\/\/123helikoptervluchten.nl\/es\/wp-json\/wp\/v2\/comments?post=19962"}],"version-history":[{"count":0,"href":"https:\/\/123helikoptervluchten.nl\/es\/wp-json\/wp\/v2\/pages\/19962\/revisions"}],"wp:attachment":[{"href":"https:\/\/123helikoptervluchten.nl\/es\/wp-json\/wp\/v2\/media?parent=19962"}],"curies":[{"name":"wp","href":"https:\/\/api.w.org\/{rel}","templated":true}]}}