{"id":19958,"date":"2024-12-22T17:45:28","date_gmt":"2024-12-22T16:45:28","guid":{"rendered":"https:\/\/123helikoptervluchten.nl\/?page_id=19958"},"modified":"2025-08-01T16:53:23","modified_gmt":"2025-08-01T14:53:23","slug":"vale-gracias","status":"publish","type":"page","link":"https:\/\/123helikoptervluchten.nl\/es\/vale-gracias\/","title":{"rendered":"Gracias."},"content":{"rendered":"<p><strong>Gracias por enviarnos los datos de tu vale.<\/strong><br \/>\nNos pondremos en contacto con usted por correo electr\u00f3nico en un plazo de 24 horas. Por favor, eche un vistazo a su carpeta de correo no deseado durante las pr\u00f3ximas 24 horas. Es posible que nuestra respuesta acabe all\u00ed.<\/p>\n<p>\ud83d\udca1 <strong>\u00bfTodav\u00eda puede cambiar algo despu\u00e9s de enviar este vale?<\/strong><br \/>\nAseg\u00farese de no quedarse bloqueado si sus planes cambian inesperadamente. Con el seguro de cancelaci\u00f3n, puedes cambiar el vuelo gratuitamente hasta 48 horas antes.<\/p>\n<div class=\"col-12 d-flex justify-content-center justify-content-xl-start mt-3\">\n  <a class=\"order px-4 py-3 d-inline-flex align-items-center\"\n     href=\"https:\/\/123helikoptervluchten.nl\/es\/annuleringsverzekering\/\"\n     target=\"_blank\" rel=\"noopener\"\n     style=\"min-width: 320px; text-decoration: none;\"><br \/>\n    <span class=\"me-3 wobble-icon\" style=\"font-size: 1.2rem;\">\ud83d\ude81<\/span><br \/>\n    <span style=\"font-weight: 600;\">A\u00f1ada ahora un seguro de anulaci\u00f3n<\/span><br \/>\n  <\/a>\n<\/div>\n<div style=\"margin-top: 2rem;\"><\/div>\n<p>Le deseamos un <em>heli<\/em> \u00a1que tengan un buen d\u00eda! \ud83d\ude81<\/p>","protected":false},"excerpt":{"rendered":"<p>Gracias por enviarnos los datos de su vale. Nos pondremos en contacto con usted por correo electr\u00f3nico en un plazo de 24 horas. Por favor, eche un vistazo a su carpeta de correo no deseado en las pr\u00f3ximas 24 horas. Nuestra respuesta puede acabar all\u00ed. \ud83d\udca1 \u00bfTodav\u00eda quieres cambiar algo despu\u00e9s de enviar este vale? Aseg\u00farate de [...]<\/p>","protected":false},"author":3,"featured_media":0,"parent":0,"menu_order":0,"comment_status":"closed","ping_status":"closed","template":"","meta":{"_acf_changed":false,"footnotes":""},"class_list":["post-19958","page","type-page","status-publish","hentry"],"acf":[],"_links":{"self":[{"href":"https:\/\/123helikoptervluchten.nl\/es\/wp-json\/wp\/v2\/pages\/19958","targetHints":{"allow":["GET"]}}],"collection":[{"href":"https:\/\/123helikoptervluchten.nl\/es\/wp-json\/wp\/v2\/pages"}],"about":[{"href":"https:\/\/123helikoptervluchten.nl\/es\/wp-json\/wp\/v2\/types\/page"}],"author":[{"embeddable":true,"href":"https:\/\/123helikoptervluchten.nl\/es\/wp-json\/wp\/v2\/users\/3"}],"replies":[{"embeddable":true,"href":"https:\/\/123helikoptervluchten.nl\/es\/wp-json\/wp\/v2\/comments?post=19958"}],"version-history":[{"count":0,"href":"https:\/\/123helikoptervluchten.nl\/es\/wp-json\/wp\/v2\/pages\/19958\/revisions"}],"wp:attachment":[{"href":"https:\/\/123helikoptervluchten.nl\/es\/wp-json\/wp\/v2\/media?parent=19958"}],"curies":[{"name":"wp","href":"https:\/\/api.w.org\/{rel}","templated":true}]}}