{"id":19240,"date":"2024-02-22T22:50:29","date_gmt":"2024-02-22T21:50:29","guid":{"rendered":"https:\/\/123helikoptervluchten.nl\/privacyverklaring-eu\/"},"modified":"2024-02-22T22:50:29","modified_gmt":"2024-02-22T21:50:29","slug":"privacyverklaring-eu","status":"publish","type":"page","link":"https:\/\/123helikoptervluchten.nl\/es\/privacyverklaring-eu\/","title":{"rendered":"Declaraci\u00f3n de confidencialidad (UE)"},"content":{"rendered":"<!-- Legal document generated by Complianz | GDPR\/CCPA Cookie Consent https:\/\/wordpress.org\/plugins\/complianz-gdpr -->\n<div id=\"cmplz-document\" class=\"cmplz-document privacy-statement cmplz-document-eu\"><p><i>Esta declaraci\u00f3n de privacidad se actualiz\u00f3 por \u00faltima vez el 8 diciembre 2025 y se aplica a los ciudadanos y residentes legales permanentes del Espacio Econ\u00f3mico Europeo y Suiza.<\/i><br \/><br \/><\/p><p><p>En esta declaraci\u00f3n de privacidad, explicamos lo que hacemos con los datos que obtenemos sobre usted a trav\u00e9s de <a href=\"https:\/\/123helikoptervluchten.nl\/es\">https:\/\/123helikoptervluchten.nl\/es<\/a>. Le recomendamos que lea atentamente esta declaraci\u00f3n. En nuestro tratamiento cumplimos con los requisitos de la legislaci\u00f3n sobre privacidad. Esto significa, entre otras cosas, que:<\/p><ul>\n                <li>indicamos claramente los fines para los que procesamos los datos personales. Hacemos esto mediante esta declaraci\u00f3n de privacidad.<\/li>\n                <li>nos proponemos limitar nuestra recopilaci\u00f3n de datos personales a los datos personales necesarios para fines leg\u00edtimos;<\/li>\n                <li>en primer lugar, solicitamos su consentimiento expl\u00edcito para el tratamiento de sus datos personales en los casos en que sea necesario.<\/li>\n                <li>tomamos las medidas de seguridad adecuadas para proteger sus datos personales y tambi\u00e9n lo exigimos a las partes que procesan datos personales en nuestro nombre;<\/li>\n                <li>respetamos su derecho a acceder, rectificar o cancelar sus datos personales previa solicitud.<\/li>\n            <\/ul><p>Si tiene alguna pregunta o quiere saber exactamente qu\u00e9 datos guardamos de usted, p\u00f3ngase en contacto con nosotros.<\/p><\/p><h2>1. Prop\u00f3sito, datos y periodo de retenci\u00f3n<\/h2>Podemos recopilar o recibir informaci\u00f3n personal para un n\u00famero de prop\u00f3sitos relacionados con nuestras operaciones comerciales, que pueden incluir lo siguiente: (haga clic para expandir) <details class=\"cmplz-dropdown dropdown-privacy-statement\"><summary><div><h3>1.1 Contacto - Por tel\u00e9fono, correo, correo electr\u00f3nico y\/o formularios en el sitio web<\/h3><\/div><\/summary><p class=\"cmplz-subtitle\">Para ello utilizamos los siguientes datos:<\/p><p><ul><li>Un nombre y apellido<\/li><li>Una direcci\u00f3n de correo electr\u00f3nico<\/li><li>Un n\u00famero de tel\u00e9fono<\/li><li>Direcci\u00f3n IP<\/li><\/ul><\/p><p class=\"cmplz-subtitle\">La base sobre la que podemos procesar estos datos es:<\/p><p><a target=\"_blank\" rel=\"noopener noreferrer nofollow\" href=\"https:\/\/cookiedatabase.org\/legal-bases\/#consent\">Tras la prestaci\u00f3n del consentimiento. <\/a><\/p><p class=\"cmplz-subtitle\">Per\u00edodo de retenci\u00f3n<\/p><p>Determinamos el per\u00edodo de retenci\u00f3n de acuerdo con criterios objetivos fijos: De wettelijke maximum<\/p><\/details><details class=\"cmplz-dropdown dropdown-privacy-statement\"><summary><div><h3>1.2 Pagos<\/h3><\/div><\/summary><p class=\"cmplz-subtitle\">Para ello utilizamos los siguientes datos:<\/p><p><ul><li>Un nombre y apellido<\/li><li>Una direcci\u00f3n de casa u otra direcci\u00f3n f\u00edsica, incluyendo el nombre de la calle y el nombre de una ciudad o pueblo<\/li><li>Una direcci\u00f3n de correo electr\u00f3nico<\/li><li>Un n\u00famero de tel\u00e9fono<\/li><li>Direcci\u00f3n IP<\/li><li>Informaci\u00f3n sobre la actividad en internet, incluyendo, pero sin limitarse a, el historial de navegaci\u00f3n, el historial de b\u00fasqueda y la informaci\u00f3n relacionada con la interacci\u00f3n de un consumidor con una web, aplicaci\u00f3n o anuncio en internet<\/li><\/ul><\/p><p class=\"cmplz-subtitle\">La base sobre la que podemos procesar estos datos es:<\/p><p><a target=\"_blank\" rel=\"noopener noreferrer nofollow\" href=\"https:\/\/cookiedatabase.org\/legal-bases\/#agreement\">Es necesario para la ejecuci\u00f3n de un contrato o de procedimientos preliminares relacionados con un contrato en el que el interesado es parte. <\/a><\/p><p class=\"cmplz-subtitle\">Per\u00edodo de retenci\u00f3n<\/p><p>Determinamos el per\u00edodo de retenci\u00f3n de acuerdo con criterios objetivos fijos: De wettelijke maximum<\/p><\/details><details class=\"cmplz-dropdown dropdown-privacy-statement\"><summary><div><h3>1.3 Registrar una cuenta<\/h3><\/div><\/summary><p class=\"cmplz-subtitle\">Para ello utilizamos los siguientes datos:<\/p><p><ul><li>Un nombre y apellido<\/li><li>Una direcci\u00f3n de correo electr\u00f3nico<\/li><li>Direcci\u00f3n IP<\/li><\/ul><\/p><p class=\"cmplz-subtitle\">La base sobre la que podemos procesar estos datos es:<\/p><p><a target=\"_blank\" rel=\"noopener noreferrer nofollow\" href=\"https:\/\/cookiedatabase.org\/legal-bases\/#agreement\">Es necesario para la ejecuci\u00f3n de un contrato o de procedimientos preliminares relacionados con un contrato en el que el interesado es parte. <\/a><\/p><p class=\"cmplz-subtitle\">Per\u00edodo de retenci\u00f3n<\/p><p>Determinamos el per\u00edodo de retenci\u00f3n de acuerdo con criterios objetivos fijos: De wettelijke maximum<\/p><\/details><details class=\"cmplz-dropdown dropdown-privacy-statement\"><summary><div><h3>1.4 Para dar soporte a servicios o productos que un cliente quiere comprar o ha comprado<\/h3><\/div><\/summary><p class=\"cmplz-subtitle\">Para ello utilizamos los siguientes datos:<\/p><p><ul><li>Un nombre y apellido<\/li><li>Una direcci\u00f3n de correo electr\u00f3nico<\/li><li>Direcci\u00f3n IP<\/li><li>Informaci\u00f3n sobre la actividad en internet, incluyendo, pero sin limitarse a, el historial de navegaci\u00f3n, el historial de b\u00fasqueda y la informaci\u00f3n relacionada con la interacci\u00f3n de un consumidor con una web, aplicaci\u00f3n o anuncio en internet<\/li><\/ul><\/p><p class=\"cmplz-subtitle\">La base sobre la que podemos procesar estos datos es:<\/p><p><a target=\"_blank\" rel=\"noopener noreferrer nofollow\" href=\"https:\/\/cookiedatabase.org\/legal-bases\/#agreement\">Es necesario para la ejecuci\u00f3n de un contrato o de procedimientos preliminares relacionados con un contrato en el que el interesado es parte. <\/a><\/p><p class=\"cmplz-subtitle\">Per\u00edodo de retenci\u00f3n<\/p><p>Determinamos el per\u00edodo de retenci\u00f3n de acuerdo con criterios objetivos fijos: De wettelijke maximum<\/p><\/details><details class=\"cmplz-dropdown dropdown-privacy-statement\"><summary><div><h3>1.5 Para poder cumplir con las obligaciones legales<\/h3><\/div><\/summary><p class=\"cmplz-subtitle\">Para ello utilizamos los siguientes datos:<\/p><p><ul><li>Un nombre y apellido<\/li><li>Una direcci\u00f3n de correo electr\u00f3nico<\/li><li>Direcci\u00f3n IP<\/li><\/ul><\/p><p class=\"cmplz-subtitle\">La base sobre la que podemos procesar estos datos es:<\/p><p><a target=\"_blank\" rel=\"noopener noreferrer nofollow\" href=\"https:\/\/cookiedatabase.org\/legal-bases\/#consent\">Tras la prestaci\u00f3n del consentimiento. <\/a><\/p><p class=\"cmplz-subtitle\">Per\u00edodo de retenci\u00f3n<\/p><p>Determinamos el per\u00edodo de retenci\u00f3n de acuerdo con criterios objetivos fijos: De wettelijke maximum<\/p><\/details><details class=\"cmplz-dropdown dropdown-privacy-statement\"><summary><div><h3>1.6 Recopilaci\u00f3n y an\u00e1lisis de estad\u00edsticas para la mejora de la web.<\/h3><\/div><\/summary><p class=\"cmplz-subtitle\">Para ello utilizamos los siguientes datos:<\/p><p><ul><li>Informaci\u00f3n sobre la actividad en internet, incluyendo, pero sin limitarse a, el historial de navegaci\u00f3n, el historial de b\u00fasqueda y la informaci\u00f3n relacionada con la interacci\u00f3n de un consumidor con una web, aplicaci\u00f3n o anuncio en internet<\/li><li>Direcci\u00f3n IP<\/li><\/ul><\/p><p class=\"cmplz-subtitle\">La base sobre la que podemos procesar estos datos es:<\/p><p><a target=\"_blank\" rel=\"noopener noreferrer nofollow\" href=\"https:\/\/cookiedatabase.org\/legal-bases\/#agreement\">Es necesario para la ejecuci\u00f3n de un contrato o de procedimientos preliminares relacionados con un contrato en el que el interesado es parte. <\/a><\/p><p class=\"cmplz-subtitle\">Per\u00edodo de retenci\u00f3n<\/p><p>Determinamos el per\u00edodo de retenci\u00f3n de acuerdo con criterios objetivos fijos: De wettelijke maximum<\/p><\/details><details class=\"cmplz-dropdown dropdown-privacy-statement\"><summary><div><h3>1.7 Para poder ofrecer productos y servicios personalizados.<\/h3><\/div><\/summary><p class=\"cmplz-subtitle\">Para ello utilizamos los siguientes datos:<\/p><p><ul><li>Un nombre y apellido<\/li><li>Una direcci\u00f3n de correo electr\u00f3nico<\/li><li>Direcci\u00f3n IP<\/li><li>Informaci\u00f3n sobre la actividad en internet, incluyendo, pero sin limitarse a, el historial de navegaci\u00f3n, el historial de b\u00fasqueda y la informaci\u00f3n relacionada con la interacci\u00f3n de un consumidor con una web, aplicaci\u00f3n o anuncio en internet<\/li><\/ul><\/p><p class=\"cmplz-subtitle\">La base sobre la que podemos procesar estos datos es:<\/p><p><a target=\"_blank\" rel=\"noopener noreferrer nofollow\" href=\"https:\/\/cookiedatabase.org\/legal-bases\/#agreement\">Es necesario para la ejecuci\u00f3n de un contrato o de procedimientos preliminares relacionados con un contrato en el que el interesado es parte. <\/a><\/p><p class=\"cmplz-subtitle\">Per\u00edodo de retenci\u00f3n<\/p><p>Determinamos el per\u00edodo de retenci\u00f3n de acuerdo con criterios objetivos fijos: De wettelijke maximum<\/p><\/details><details class=\"cmplz-dropdown dropdown-privacy-statement\"><summary><div><h3>1,8 Entregas<\/h3><\/div><\/summary><p class=\"cmplz-subtitle\">Para ello utilizamos los siguientes datos:<\/p><p><ul><li>Un nombre y apellido<\/li><li>Una direcci\u00f3n de casa u otra direcci\u00f3n f\u00edsica, incluyendo el nombre de la calle y el nombre de una ciudad o pueblo<\/li><li>Una direcci\u00f3n de correo electr\u00f3nico<\/li><\/ul><\/p><p class=\"cmplz-subtitle\">La base sobre la que podemos procesar estos datos es:<\/p><p><a target=\"_blank\" rel=\"noopener noreferrer nofollow\" href=\"https:\/\/cookiedatabase.org\/legal-bases\/#consent\">Tras la prestaci\u00f3n del consentimiento. <\/a><\/p><p class=\"cmplz-subtitle\">Per\u00edodo de retenci\u00f3n<\/p><p>Determinamos el per\u00edodo de retenci\u00f3n de acuerdo con criterios objetivos fijos: De wettelijke maximum<\/p><\/details><h2>2. Compartir con otras partes<\/h2><p>S\u00f3lo compartimos estos datos con encargados del tratamiento de datos y con otros terceros para los que hay que obtener el consentimiento.<\/p><p class=\"cmplz-subtitle\">Encargados del tratamiento de datos<\/p><p><b>Nombre:<\/b>&nbsp;Google Analytics<br \/>\n            <b>Pa\u00eds:<\/b>&nbsp;<br \/>\n            <b>Prop\u00f3sito:<\/b>&nbsp;<br \/>\n            <b>Nombre:<\/b>&nbsp;Google Tag Manager<br \/>\n            <b>Pa\u00eds:<\/b>&nbsp;<br \/>\n            <b>Prop\u00f3sito:<\/b>&nbsp;<br \/>\n            <\/p><p class=\"cmplz-subtitle\">Terceros<\/p><p>\n                <b>Nombre:<\/b>&nbsp;Trengo<br \/>\n                <b>Pa\u00eds:<\/b>&nbsp;[pa\u00eds]<br \/>\n                <b>Prop\u00f3sito:<\/b>&nbsp;<br \/>\n                <b>Datos:<\/b>&nbsp;[fechas]\n            <\/p><h2>3. Cookies<\/h2><p>Nuestra web utiliza cookies. Para m\u00e1s informaci\u00f3n acerca de las cookies, por favor consulte nuestra <a href=\"https:\/\/123helikoptervluchten.nl\/es\/cookiebeleid-eu\/\">Pol\u00edtica de cookies<\/a>.&nbsp;<\/p><h2>4. Pr\u00e1cticas de divulgaci\u00f3n<\/h2><p><p>Divulgamos informaci\u00f3n personal si nos lo exige la ley o una orden judicial, en respuesta a un organismo encargado de hacer cumplir la ley, en la medida en que lo permitan otras disposiciones legales, para proporcionar informaci\u00f3n o para una investigaci\u00f3n sobre un asunto relacionado con la seguridad p\u00fablica.<\/p><p>Si nuestro sitio web o nuestra organizaci\u00f3n son adquiridos, vendidos o participan en una fusi\u00f3n o adquisici\u00f3n, sus datos podr\u00e1n ser revelados a nuestros asesores y a los posibles compradores, y se transmitir\u00e1n a los nuevos propietarios.<\/p><\/p><p>Tenemos un Acuerdo de procesamiento de datos con Google.<\/p><p>Google no puede utilizar los datos para otros servicios de Google.<\/p><p>La inclusi\u00f3n de direcciones IP completas est\u00e1 bloqueada por nosotros.<\/p><h2>5. Seguridad<\/h2><p>Estamos comprometidos con la seguridad de los datos personales. Tomamos las medidas de seguridad adecuadas para limitar el abuso y el acceso no autorizado a los datos personales. Esto asegura que s\u00f3lo las personas necesarias tengan acceso a sus datos, que el acceso a los datos est\u00e9 protegido y que nuestras medidas de seguridad sean revisadas regularmente.<\/p><h2>6. Webs de terceros<\/h2><p>Esta declaraci\u00f3n de privacidad no se aplica a las webs de terceros conectadas mediante enlaces en nuestra web. No podemos garantizar que estas terceras partes manejen sus datos personales de forma fiable o segura. Le recomendamos que lea las declaraciones de privacidad de estas webs antes de utilizarlas.<\/p><h2>7. Modificaciones de esta declaraci\u00f3n de privacidad<\/h2><p>Nos reservamos el derecho de hacer enmiendas a esta declaraci\u00f3n de privacidad. Se recomienda que consulte esta declaraci\u00f3n de privacidad regularmente para estar al tanto de cualquier cambio. Adem\u00e1s, le informaremos activamente siempre que sea posible.<\/p><h2>8. Acceso y modificaci\u00f3n de sus datos<\/h2><p>Si tiene alguna pregunta o desea saber qu\u00e9 datos personales tenemos sobre usted, p\u00f3ngase en contacto con nosotros. Puede ponerse en contacto con nosotros utilizando la siguiente informaci\u00f3n. Usted tiene los siguientes derechos:<\/p><ul>\n                <li>Usted tiene derecho a saber por qu\u00e9 se necesitan sus datos personales, qu\u00e9 pasar\u00e1 con ellos y durante cu\u00e1nto tiempo se conservar\u00e1n.<\/li>\n                <li>Derecho de acceso: Tiene derecho a acceder a los datos personales que conocemos sobre usted.<\/li>\n                <li>Derecho de rectificaci\u00f3n: tiene derecho a completar, rectificar, borrar o bloquear sus datos personales cuando lo desee.<\/li>\n                <li>Si usted nos da su consentimiento para procesar sus datos, tiene derecho a revocar dicho consentimiento y a que se eliminen sus datos personales.<\/li>\n                <li>Derecho de cesi\u00f3n de sus datos: tiene derecho a solicitar todos sus datos personales al responsable y a transferirlos \u00edntegramente a otro responsable del tratamiento de datos.<\/li>\n                <li>Derecho de oposici\u00f3n: usted puede oponerse al tratamiento de sus datos. Nosotros cumplimos con esto, a menos que existan motivos justificados para el tratamiento.<\/li>\n            <\/ul><p>Por favor, aseg\u00farese de indicar siempre claramente qui\u00e9n es usted, para que podamos estar seguros de que no modificamos o eliminamos ning\u00fan dato de la persona equivocada.<\/p><h2>9. Enviar una reclamaci\u00f3n<\/h2><p>Si no est\u00e1 satisfecho con la forma en que tratamos o procesamos sus datos personales, tiene derecho a presentar una queja a la Autoridad de protecci\u00f3n de datos.<\/p><h2>10. Datos de contacto<\/h2><p>123Helikoptervluchten<br \/>\n        Oder 20<br \/>\n        Pa\u00edses Bajos<br \/>\n        Web: <a href=\"https:\/\/123helikoptervluchten.nl\/es\">https:\/\/123helikoptervluchten.nl\/es<\/a> <br \/>\n        Correo electr\u00f3nico: <span class=\"cmplz-obfuscate\">info@<span class=\"cmplz-fmail-domain\">ex.com<\/span>12&#051;&#104;e&#108;i&#107;&#111;p&#116;e&#114;&#118;&#108;u&#099;ht&#101;&#110;&#046;&#110;l<\/span> <br \/>\n        N\u00famero de tel\u00e9fono: 070-7007878<\/p><h2>Anexo<\/h2><p><h2>WooCommerce<\/h2><p>Este texto de ejemplo contiene informaci\u00f3n b\u00e1sica sobre qu\u00e9 datos personales puede recopilar, almacenar y compartir su tienda, as\u00ed como qui\u00e9n puede tener acceso a estos datos. Dependiendo de los ajustes que est\u00e9n activados y de los plugins adicionales que se utilicen, la informaci\u00f3n espec\u00edfica que comparta su tienda puede variar. Le recomendamos que pida consejo a un profesional del derecho a la hora de decidir qu\u00e9 informaci\u00f3n incluir en su pol\u00edtica de privacidad.<\/p><p>Recopilamos informaci\u00f3n sobre usted durante el proceso de pago en nuestra tienda.<\/p><h2>Qu\u00e9 recopilamos y almacenamos<\/h2><p>Cuando visita nuestro sitio, recogemos los siguientes datos:<\/p><ul><li>Productos que ha visto: por ejemplo, utilizamos estos datos para mostrarle los productos que ha visto recientemente.<\/li><li>Ubicaci\u00f3n, direcci\u00f3n IP y tipo de navegador: utilizamos estos datos para calcular los recargos fiscales y los gastos de env\u00edo.<\/li><li>Direcci\u00f3n de env\u00edo: le pedimos que introduzca esta informaci\u00f3n para que podamos, por ejemplo, calcular los gastos de env\u00edo antes de que haga un pedido y luego envi\u00e1rselo.<\/li><\/ul><p>Tambi\u00e9n utilizamos cookies para almacenar productos en su cesta de la compra mientras navega por nuestro sitio.<\/p><p>Nota: Puede detallar su pol\u00edtica de cookies y a\u00f1adir un enlace a esa secci\u00f3n aqu\u00ed.<\/p><p>Cuando nos compra productos, le pedimos que nos facilite informaci\u00f3n como su nombre, direcci\u00f3n de facturaci\u00f3n, direcci\u00f3n de env\u00edo, direcci\u00f3n de correo electr\u00f3nico, n\u00famero de tel\u00e9fono, datos de la tarjeta de cr\u00e9dito\/pago e informaci\u00f3n opcional sobre la cuenta, como un nombre de usuario y una contrase\u00f1a. Utilizamos esta informaci\u00f3n para los siguientes fines:<\/p><ul><li>Para enviarle informaci\u00f3n sobre su cuenta y su pedido<\/li><li>Para responder a sus solicitudes, incluidas devoluciones y reclamaciones<\/li><li>Procesar pagos y evitar fraudes<\/li><li>Para crear una cuenta en nuestra tienda<\/li><li>Cumplir cualquier obligaci\u00f3n legal que tengamos, como el c\u00e1lculo de impuestos<\/li><li>Mejorar nuestra oferta comercial<\/li><li>Para enviarle mensajes de marketing, si as\u00ed lo desea.<\/li><\/ul><p>Si crea una cuenta, su nombre, direcci\u00f3n, direcci\u00f3n de correo electr\u00f3nico y n\u00famero de tel\u00e9fono se utilizar\u00e1n para rellenar autom\u00e1ticamente los datos de pago de futuros pedidos.<\/p><p>En general, guardamos la informaci\u00f3n sobre usted mientras la necesitamos para los fines para los que la recopilamos y utilizamos. No estamos legalmente obligados a conservarla. Por ejemplo, conservamos la informaci\u00f3n de los pedidos durante XXX a\u00f1os a efectos fiscales y contables. Esta informaci\u00f3n incluye su nombre, direcci\u00f3n de correo electr\u00f3nico y direcci\u00f3n de facturaci\u00f3n y env\u00edo.<\/p><p>Tambi\u00e9n guardaremos comentarios o rese\u00f1as, si los deja.<\/p><h2>Qui\u00e9n de nuestro equipo tiene acceso<\/h2><p>Los miembros de nuestro equipo tienen acceso a la informaci\u00f3n que nos ha enviado. Por ejemplo, tanto los administradores como los directores de tienda tienen acceso a:<\/p><ul><li>Informaci\u00f3n sobre el pedido, como los productos adquiridos, la fecha de compra y la direcci\u00f3n de entrega, y<\/li><li>Informaci\u00f3n del cliente, como su nombre, direcci\u00f3n de correo electr\u00f3nico e informaci\u00f3n de env\u00edo y pago.<\/li><\/ul><p>Los miembros de nuestro equipo tienen acceso a esta informaci\u00f3n para completar pedidos, procesar pedidos, emitir reembolsos y proporcionarle asistencia.<\/p><h2>Lo que compartimos con los dem\u00e1s<\/h2><p>Los datos que compartimos son con Google Analytics, Google Tag Manager, Mollie como pasarela de pagos, Stripe para pagos con Apple Pay y Trengo para comunicaciones por chat y CRM.&nbsp;<\/p><h3>Pagos<\/h3><p>Aceptamos pagos a trav\u00e9s de iDEAL, Creditcard y Klarna. Al procesar los pagos, se transfieren algunos datos a iDEAL, Creditcard o Klarna. Esto incluye la informaci\u00f3n necesaria para procesar o apoyar el pago, como el importe total de la compra y los detalles de la factura.<\/p><p>&nbsp;<\/p><h2>Seguridad s\u00f3lida<\/h2><h2>Qu\u00e9 datos personales recogemos y por qu\u00e9 los recogemos<\/h2><h3>Cookies<\/h3><p><strong>Texto sugerido: <\/strong>Se crea una cookie denominada \"itsec_interstitial_browser\" para rastrear el proceso de inicio de sesi\u00f3n de un usuario e implementar funciones de seguridad mejoradas.<\/p><h3>Registros de seguridad<\/h3><p><strong>Texto sugerido: <\/strong>La direcci\u00f3n IP de los visitantes, el ID de usuario de los usuarios que inician sesi\u00f3n y el nombre de usuario de los intentos de inicio de sesi\u00f3n se registran condicionalmente para comprobar si hay actividad maliciosa y proteger el sitio de determinados tipos de ataques. Algunos ejemplos de condiciones en las que se produce el registro son los intentos de inicio de sesi\u00f3n, las solicitudes de cierre de sesi\u00f3n, las solicitudes de URL sospechosas, los cambios en el contenido del sitio y las actualizaciones de contrase\u00f1as. Esta informaci\u00f3n se conserva durante 15 d\u00edas.<\/p><h2>Con qui\u00e9n compartimos sus datos<\/h2><p>Al ejecutar la Comprobaci\u00f3n de seguridad, se contactar\u00e1 con solidwp.com como parte de un proceso para determinar si el sitio admite solicitudes TLS\/SSL. No se env\u00eda ning\u00fan dato personal a solidwp.com como parte de este proceso. Las solicitudes a solidwp.com incluyen la URL del sitio. Para m\u00e1s detalles sobre la pol\u00edtica de privacidad de solidwp.com, consulte la p\u00e1gina <a href=\"https:\/\/go.solidwp.com\/solid-privacy-policy\" rel=\"nofollow noopener\" target=\"_blank\">Pol\u00edtica de privacidad de SolidWP<\/a>.<\/p><p><strong>Texto sugerido: <\/strong>Este sitio es escaneado en busca de malware y vulnerabilidades potenciales por el esc\u00e1ner de sitios SolidWP. No enviamos informaci\u00f3n personal al esc\u00e1ner; sin embargo, el esc\u00e1ner podr\u00eda encontrar informaci\u00f3n personal publicada p\u00fablicamente (como en comentarios) durante el escaneo.<\/p><p>Para garantizar la integridad de los archivos, Solid Security extrae datos de wordpress.org, solidwp.com, ithemes.com y amazonaws.com. No se env\u00eda ning\u00fan dato personal a estos sitios. Las solicitudes a wordpress.org incluyen la versi\u00f3n de WordPress, la configuraci\u00f3n regional del sitio, una lista de los plugins instalados y una lista de la versi\u00f3n de cada plugin. Las solicitudes a solidwp.com y amazonaws.com incluyen los productos SolidWP instalados y sus versiones. Para obtener m\u00e1s informaci\u00f3n sobre la pol\u00edtica de privacidad de wordpress.org, consulte la p\u00e1gina <a href=\"https:\/\/wordpress.org\/about\/privacy\/\" rel=\"nofollow noopener\" target=\"_blank\">Pol\u00edtica de privacidad de WordPress<\/a>. Para m\u00e1s detalles sobre la pol\u00edtica de privacidad de solidwp.com, consulte la p\u00e1gina <a href=\"https:\/\/go.solidwp.com\/solid-privacy-policy\" rel=\"nofollow noopener\" target=\"_blank\">Pol\u00edtica de privacidad de SolidWP<\/a>. Las solicitudes a amazonaws.com se realizan para recuperar contenido a\u00f1adido y gestionado por SolidWP, que est\u00e1 cubierto por la Pol\u00edtica de privacidad. <a href=\"https:\/\/aws.amazon.com\/compliance\/data-privacy-faq\/\" rel=\"nofollow noopener\" target=\"_blank\">Pol\u00edtica de privacidad de datos de Amazon Web Services<\/a>.<\/p><h2>Cu\u00e1nto tiempo conservamos sus datos<\/h2><p><strong>Texto sugerido: <\/strong>Los registros de seguridad se conservan durante 15 d\u00edas.<\/p><h2>D\u00f3nde enviamos sus datos<\/h2><p><strong>Texto sugerido: <\/strong>Este sitio forma parte de una red de sitios que protegen contra los ataques de fuerza bruta distribuidos. Para permitir esta protecci\u00f3n, la direcci\u00f3n IP de los visitantes que intentan acceder al sitio se comparte con un servicio proporcionado por solidwp.com. Para m\u00e1s detalles sobre la pol\u00edtica de privacidad, consulte la p\u00e1gina <a href=\"https:\/\/go.solidwp.com\/solid-privacy-policy\" rel=\"nofollow noopener\" target=\"_blank\">Pol\u00edtica de privacidad de SolidWP<\/a>.<\/p><\/p><\/div>","protected":false},"excerpt":{"rendered":"","protected":false},"author":3,"featured_media":0,"parent":0,"menu_order":0,"comment_status":"closed","ping_status":"closed","template":"","meta":{"_acf_changed":false,"footnotes":""},"class_list":["post-19240","page","type-page","status-publish","hentry"],"acf":[],"_links":{"self":[{"href":"https:\/\/123helikoptervluchten.nl\/es\/wp-json\/wp\/v2\/pages\/19240","targetHints":{"allow":["GET"]}}],"collection":[{"href":"https:\/\/123helikoptervluchten.nl\/es\/wp-json\/wp\/v2\/pages"}],"about":[{"href":"https:\/\/123helikoptervluchten.nl\/es\/wp-json\/wp\/v2\/types\/page"}],"author":[{"embeddable":true,"href":"https:\/\/123helikoptervluchten.nl\/es\/wp-json\/wp\/v2\/users\/3"}],"replies":[{"embeddable":true,"href":"https:\/\/123helikoptervluchten.nl\/es\/wp-json\/wp\/v2\/comments?post=19240"}],"version-history":[{"count":0,"href":"https:\/\/123helikoptervluchten.nl\/es\/wp-json\/wp\/v2\/pages\/19240\/revisions"}],"wp:attachment":[{"href":"https:\/\/123helikoptervluchten.nl\/es\/wp-json\/wp\/v2\/media?parent=19240"}],"curies":[{"name":"wp","href":"https:\/\/api.w.org\/{rel}","templated":true}]}}