{"id":18902,"date":"2023-09-14T19:39:11","date_gmt":"2023-09-14T17:39:11","guid":{"rendered":"https:\/\/123helikoptervluchten.nl\/?page_id=18902"},"modified":"2025-05-01T17:04:23","modified_gmt":"2025-05-01T15:04:23","slug":"ervaringen","status":"publish","type":"page","link":"https:\/\/123helikoptervluchten.nl\/es\/ervaringen\/","title":{"rendered":"Experiencias de los clientes"},"content":{"rendered":"<section class=\"container-fluid comments\">\n<div class=\"row\">\n<div class=\"d-flex flex-column flex-lg-row justify-content-between align-items-center max-content title-section px-4\">\n<h2>Experiencias de los clientes<\/h2>\n<p><a class=\"leavereview\" href=\"https:\/\/g.page\/helikoptervlucht\/review?rc\" target=\"_blank\" rel=\"noopener nofollow\"><br \/>\n<img decoding=\"async\" src=\"https:\/\/123helikoptervluchten.nl\/wp-content\/themes\/123h\/img\/button-arrow-orange.svg\" alt=\"Flecha\" width=\"16\" height=\"17\" title=\"\"><span class=\"ms-2\">Deje tambi\u00e9n una rese\u00f1a<\/span><br \/>\n<\/a><\/p>\n<\/div>\n<div class=\"row max-content\">Damos la bienvenida a nuestros clientes. Despu\u00e9s de una experiencia especial de un vuelo en helic\u00f3ptero o una clase de prueba de helic\u00f3ptero, les pedimos a nuestros clientes si pueden dedicar 1 minuto a enviar una rese\u00f1a sobre su experiencia \u00fanica. A continuaci\u00f3n encontrar\u00e1 las 30 experiencias y recomendaciones m\u00e1s recientes para hacerse una idea. A menudo los clientes tambi\u00e9n a\u00f1aden fotos y v\u00eddeos, que se pueden encontrar si nos busca en Google Maps.<\/div>\n<\/div>\n<\/section>\n<p>&nbsp;<\/p>\n<div data-src=\"https:\/\/cdn.trustindex.io\/loader.js?94d21111999f829bf186b15d76c\"><\/div>","protected":false},"excerpt":{"rendered":"<p>Experiencias de los clientes Deje tambi\u00e9n su opini\u00f3n Damos la bienvenida a nuestros clientes. Despu\u00e9s de una experiencia especial de un vuelo en helic\u00f3ptero o una clase de prueba de helic\u00f3ptero, les pedimos a nuestros clientes que dediquen 1 minuto a enviar una rese\u00f1a sobre su experiencia \u00fanica. A continuaci\u00f3n encontrar\u00e1 las 30 experiencias m\u00e1s recientes y recomendaciones para [...]<\/p>","protected":false},"author":3,"featured_media":0,"parent":0,"menu_order":0,"comment_status":"closed","ping_status":"closed","template":"","meta":{"_acf_changed":false,"footnotes":""},"class_list":["post-18902","page","type-page","status-publish","hentry"],"acf":[],"_links":{"self":[{"href":"https:\/\/123helikoptervluchten.nl\/es\/wp-json\/wp\/v2\/pages\/18902","targetHints":{"allow":["GET"]}}],"collection":[{"href":"https:\/\/123helikoptervluchten.nl\/es\/wp-json\/wp\/v2\/pages"}],"about":[{"href":"https:\/\/123helikoptervluchten.nl\/es\/wp-json\/wp\/v2\/types\/page"}],"author":[{"embeddable":true,"href":"https:\/\/123helikoptervluchten.nl\/es\/wp-json\/wp\/v2\/users\/3"}],"replies":[{"embeddable":true,"href":"https:\/\/123helikoptervluchten.nl\/es\/wp-json\/wp\/v2\/comments?post=18902"}],"version-history":[{"count":0,"href":"https:\/\/123helikoptervluchten.nl\/es\/wp-json\/wp\/v2\/pages\/18902\/revisions"}],"wp:attachment":[{"href":"https:\/\/123helikoptervluchten.nl\/es\/wp-json\/wp\/v2\/media?parent=18902"}],"curies":[{"name":"wp","href":"https:\/\/api.w.org\/{rel}","templated":true}]}}