{"id":17912,"date":"2022-11-01T14:46:07","date_gmt":"2022-11-01T13:46:07","guid":{"rendered":"https:\/\/123helikoptervluchten.nl\/?page_id=17912"},"modified":"2022-12-09T13:42:15","modified_gmt":"2022-12-09T12:42:15","slug":"helikopter-tours","status":"publish","type":"page","link":"https:\/\/123helikoptervluchten.nl\/es\/visita\/","title":{"rendered":"Recorridos en helic\u00f3ptero"},"content":{"rendered":"<h2>Sorprenda a sus amigos o socios con una excursi\u00f3n en helic\u00f3ptero<\/h2>\n<p>\u00bfQuiere darle un toque especial a su escapada urbana en familia o con amigos? Reserve un vuelo en helic\u00f3ptero. Puede hacerlo desde los Pa\u00edses Bajos. Recibir\u00e1 la confirmaci\u00f3n del vuelo mucho antes de la salida. Por supuesto, s\u00f3lo volamos si las condiciones meteorol\u00f3gicas lo permiten, la seguridad es siempre lo primero. Volar\u00e1 con un piloto experimentado y tendr\u00e1 muchas oportunidades de ver el lugar desde todos los \u00e1ngulos.<\/p>\n<h2>Espectaculares vuelos tur\u00edsticos en los lugares m\u00e1s bellos<\/h2>\n<p>\u00bfLe gustar\u00eda que su visita, por ejemplo <a href=\"https:\/\/123helikoptervluchten.nl\/es\/visita\/nueva-york\/\">Nueva York<\/a> o <a title=\"Vuelo en helic\u00f3ptero Gran Ca\u00f1\u00f3n\" href=\"https:\/\/123helikoptervluchten.nl\/es\/visita\/gran-canon\/\">El Gran Ca\u00f1\u00f3n<\/a> en Estados Unidos? Entonces reserve un vuelo en helic\u00f3ptero. Contemple Nueva York desde un \u00e1ngulo completamente distinto al terrestre. Ver\u00e1 la Estatua de la Libertad y el emplazamiento de las Torres Gemelas que fueron destruidas por los rumoreados atentados del 11 de septiembre de 2001. Ahora se ha construido en este lugar un monumento conmemorativo con dos focos luminosos. Tambi\u00e9n es posible visitar el Gran Ca\u00f1\u00f3n, en Arizona. Durante el vuelo, podr\u00e1 ver tanto el North Rim como el South Rim, con impresionantes vistas del Ca\u00f1\u00f3n de cientos de metros de profundidad. Incluso es posible volar a trav\u00e9s del Gran Ca\u00f1\u00f3n.<\/p>\n<h2>Reserve una excursi\u00f3n en helic\u00f3ptero<\/h2>\n<p>Aqu\u00ed encontrar\u00e1 un resumen completo de las opciones para un viaje en helic\u00f3ptero. Tanto si quiere ver los Pa\u00edses Bajos desde arriba como si busca un vuelo en un lugar del extranjero. Tambi\u00e9n puede preguntar por vuelos a medida si el lugar de su elecci\u00f3n no figura en el sitio web. Tambi\u00e9n es posible reservar transporte adicional de ida y vuelta al aeropuerto.<\/p>","protected":false},"excerpt":{"rendered":"<p>Sorprenda a sus amigos o socios con una excursi\u00f3n en helic\u00f3ptero \u00bfQuiere darle un toque especial a su escapada urbana con la familia o a una salida con amigos? Reserve un vuelo en helic\u00f3ptero. Puede hacerlo desde Holanda. Recibir\u00e1 la confirmaci\u00f3n del vuelo mucho antes de la salida. Por supuesto, s\u00f3lo volaremos si las condiciones meteorol\u00f3gicas lo permiten, [...]<\/p>","protected":false},"author":8,"featured_media":0,"parent":0,"menu_order":0,"comment_status":"closed","ping_status":"closed","template":"template-tours.php","meta":{"_acf_changed":false,"footnotes":""},"class_list":["post-17912","page","type-page","status-publish","hentry"],"acf":[],"_links":{"self":[{"href":"https:\/\/123helikoptervluchten.nl\/es\/wp-json\/wp\/v2\/pages\/17912","targetHints":{"allow":["GET"]}}],"collection":[{"href":"https:\/\/123helikoptervluchten.nl\/es\/wp-json\/wp\/v2\/pages"}],"about":[{"href":"https:\/\/123helikoptervluchten.nl\/es\/wp-json\/wp\/v2\/types\/page"}],"author":[{"embeddable":true,"href":"https:\/\/123helikoptervluchten.nl\/es\/wp-json\/wp\/v2\/users\/8"}],"replies":[{"embeddable":true,"href":"https:\/\/123helikoptervluchten.nl\/es\/wp-json\/wp\/v2\/comments?post=17912"}],"version-history":[{"count":0,"href":"https:\/\/123helikoptervluchten.nl\/es\/wp-json\/wp\/v2\/pages\/17912\/revisions"}],"wp:attachment":[{"href":"https:\/\/123helikoptervluchten.nl\/es\/wp-json\/wp\/v2\/media?parent=17912"}],"curies":[{"name":"wp","href":"https:\/\/api.w.org\/{rel}","templated":true}]}}