{"id":17608,"date":"2022-05-16T09:11:59","date_gmt":"2022-05-16T07:11:59","guid":{"rendered":"https:\/\/123helikoptervluchten.nl\/?page_id=17608"},"modified":"2024-12-24T15:03:17","modified_gmt":"2024-12-24T14:03:17","slug":"voucher-inwisselen","status":"publish","type":"page","link":"https:\/\/123helikoptervluchten.nl\/es\/vale-antiguo\/","title":{"rendered":"Canjear vale"},"content":{"rendered":"<h2>Canjear vale \/ tarjeta regalo<\/h2>\n<div class=\"row\">\n<div class=\"col-sm-7\"><style id=\"wpforms-css-vars-17611\">\n\t\t\t\t#wpforms-17611 {\n\t\t\t\t\n\t\t\t}\n\t\t\t<\/style><div class=\"wpforms-container wpforms-container-full wpforms-render-modern\" id=\"wpforms-17611\"><form id=\"wpforms-form-17611\" class=\"wpforms-validate wpforms-form wpforms-ajax-form\" data-formid=\"17611\" method=\"post\" enctype=\"multipart\/form-data\" action=\"\/es\/wp-json\/wp\/v2\/pages\/17608\" data-token=\"1bb62ced2fe74e1425a63ff53ada31fd\" data-token-time=\"1776603744\" data-trp-original-action=\"\/es\/wp-json\/wp\/v2\/pages\/17608\"><noscript class=\"wpforms-error-noscript\">Por favor, active JavaScript en su navegador para completar este formulario.<\/noscript><div id=\"wpforms-error-noscript\" style=\"display: none;\">Por favor, active JavaScript en su navegador para completar este formulario.<\/div><div class=\"wpforms-field-container\"><div id=\"wpforms-17611-field_48-container\" class=\"wpforms-field wpforms-field-text wpforms-one-half wpforms-first\" data-field-id=\"48\"><label class=\"wpforms-field-label\" for=\"wpforms-17611-field_48\">N\u00famero de pedido <span class=\"wpforms-required-label\" aria-hidden=\"true\">*<\/span><\/label><input type=\"text\" id=\"wpforms-17611-field_48\" class=\"wpforms-field-large wpforms-field-required wpforms-masked-input\" data-rule-inputmask-incomplete=\"1\" data-inputmask-mask=\"999999999999[9]\" name=\"wpforms[fields][48]\" placeholder=\"ejemplo: 202406170955\" aria-errormessage=\"wpforms-17611-field_48-error\" aria-describedby=\"wpforms-17611-field_48-description\" required><div id=\"wpforms-17611-field_48-description\" class=\"wpforms-field-description\">Introducir s\u00f3lo n\u00fameros<\/div><\/div><div id=\"wpforms-17611-field_75-container\" class=\"wpforms-field wpforms-field-text wpforms-one-half wpforms-conditional-trigger\" data-field-id=\"75\"><label class=\"wpforms-field-label\" for=\"wpforms-17611-field_75\">C\u00f3digo del billete <span class=\"wpforms-required-label\" aria-hidden=\"true\">*<\/span><\/label><input type=\"text\" id=\"wpforms-17611-field_75\" class=\"wpforms-field-large wpforms-field-required wpforms-masked-input\" data-rule-inputmask-incomplete=\"1\" data-inputmask-mask=\"aaaaa999[9]\" name=\"wpforms[fields][75]\" placeholder=\"ejemplo: HVRVL452\" aria-errormessage=\"wpforms-17611-field_75-error\" required><\/div><div id=\"wpforms-17611-field_32-container\" class=\"wpforms-field wpforms-field-name\" data-field-id=\"32\"><fieldset><legend class=\"wpforms-field-label\">Su nombre <span class=\"wpforms-required-label\" aria-hidden=\"true\">*<\/span><\/legend><div class=\"wpforms-field-row wpforms-field-large\"><div class=\"wpforms-field-row-block wpforms-first wpforms-one-half\"><input type=\"text\" id=\"wpforms-17611-field_32\" class=\"wpforms-field-name-first wpforms-field-required\" name=\"wpforms[fields][32][first]\" aria-errormessage=\"wpforms-17611-field_32-error\" required><label for=\"wpforms-17611-field_32\" class=\"wpforms-field-sublabel after\">Nombre<\/label><\/div><div class=\"wpforms-field-row-block wpforms-one-half\"><input type=\"text\" id=\"wpforms-17611-field_32-last\" class=\"wpforms-field-name-last wpforms-field-required\" name=\"wpforms[fields][32][last]\" aria-errormessage=\"wpforms-17611-field_32-last-error\" required><label for=\"wpforms-17611-field_32-last\" class=\"wpforms-field-sublabel after\">Apellidos<\/label><\/div><\/div><\/fieldset><\/div><div id=\"wpforms-17611-field_33-container\" class=\"wpforms-field wpforms-field-email\" data-field-id=\"33\"><label class=\"wpforms-field-label\" for=\"wpforms-17611-field_33\">Tu e-mail <span class=\"wpforms-required-label\" aria-hidden=\"true\">*<\/span><\/label><input type=\"email\" id=\"wpforms-17611-field_33\" class=\"wpforms-field-large wpforms-field-required\" name=\"wpforms[fields][33]\" spellcheck=\"false\" aria-errormessage=\"wpforms-17611-field_33-error\" required><\/div><div id=\"wpforms-17611-field_64-container\" class=\"wpforms-field wpforms-field-html wpforms-conditional-field wpforms-conditional-show\" data-field-id=\"64\" style=\"display:none;\"><div id=\"wpforms-17611-field_64\" aria-errormessage=\"wpforms-17611-field_64-error\"><a href=\"https:\/\/123helikoptervluchten.nl\/es\/vuelo-en-helicoptero-3\/hilversum\/\" target=\"blank\"><b> \u00a1Lee esto primero!<\/b> En primer lugar, elija una fecha del calendario en l\u00ednea. En una p\u00e1gina posterior, elija <strong>Ahora elija una fecha<\/strong> y luego en <strong>Fecha de preferencia<\/strong> abra su calendario. Recuerda la(s) fecha(s) disponible(s) e introd\u00facela(s) a continuaci\u00f3n. <strong>Haga clic aqu\u00ed para abrir la p\u00e1gina siguiente.<\/strong><\/a><br \/><br \/>Los vuelos de 15 o 30 minutos s\u00f3lo pueden hacerse los fines de semana. Los vuelos de 45 minutos o m\u00e1s son posibles los 7 d\u00edas de la semana. \u00bfQuiere mejorar su vuelo para poder volar entre semana? Entonces rellene <strong>Comentarios<\/strong><\/div><\/div><div id=\"wpforms-17611-field_72-container\" class=\"wpforms-field wpforms-field-html wpforms-conditional-field wpforms-conditional-show\" data-field-id=\"72\" style=\"display:none;\"><div id=\"wpforms-17611-field_72\" aria-errormessage=\"wpforms-17611-field_72-error\"><a href=\"https:\/\/123helikoptervluchten.nl\/es\/vuelo-en-helicoptero-3\/emmen\/\" target=\"blank\"><b> \u00a1Lee esto primero!<\/b> En primer lugar, elija una fecha del calendario en l\u00ednea. En una p\u00e1gina posterior, elija <b>Ahora elija una fecha<\/b> y luego en <b>Seleccione la fecha<\/b> abra su calendario. Recuerda la(s) fecha(s) disponible(s) e introd\u00facela(s) a continuaci\u00f3n. <b>Haga clic aqu\u00ed para abrir la p\u00e1gina siguiente.<\/b><\/a><br \/><br \/>\u00bfActualizar su vuelo para poder volar m\u00e1s tiempo? Entonces rellene <strong>Comentarios<\/strong><\/div><\/div><div id=\"wpforms-17611-field_70-container\" class=\"wpforms-field wpforms-field-html wpforms-conditional-field wpforms-conditional-show\" data-field-id=\"70\" style=\"display:none;\"><div id=\"wpforms-17611-field_70\" aria-errormessage=\"wpforms-17611-field_70-error\"><a href=\"https:\/\/123helikoptervluchten.nl\/es\/vuelo-en-helicoptero-3\/lelystad\/\" target=\"blank\"><b> \u00a1Lee esto primero!<\/b> \u00bfVuela con 1 o 2 personas? Entonces debe elegir primero una fecha de la agenda en l\u00ednea. En esa p\u00e1gina, seleccione primero <strong>N\u00famero<\/strong> -> <strong>2 personas.<\/strong> Entonces <strong>Elija una fecha<\/strong> y luego en <strong>Seleccionar fecha<\/strong> abrir el calendario. Para 3 o 4 personas, no es necesario marcar una fecha y puede introducir las fechas directamente a continuaci\u00f3n. <b>Haga clic aqu\u00ed para acceder a esta p\u00e1gina.<\/b><\/a><br \/><br \/>\u00bfActualizar su vuelo para poder volar m\u00e1s tiempo? Entonces rellene <strong>Comentarios<\/strong><\/div><\/div><div id=\"wpforms-17611-field_77-container\" class=\"wpforms-field wpforms-field-html wpforms-conditional-field wpforms-conditional-show\" data-field-id=\"77\" style=\"display:none;\"><div id=\"wpforms-17611-field_77\" aria-errormessage=\"wpforms-17611-field_77-error\"><a href=\"https:\/\/123helikoptervluchten.nl\/es\/vuelo-en-helicoptero-3\/harskamp\/\" target=\"blank\"><b> \u00a1Lee esto primero!<\/b> En primer lugar, elija una fecha del calendario en l\u00ednea. En una p\u00e1gina posterior, elija <strong>Ahora elija una fecha<\/strong> y luego en <strong>Fecha de preferencia<\/strong> abra su calendario. Recuerda la(s) fecha(s) disponible(s) e introd\u00facela(s) a continuaci\u00f3n. <strong>Haga clic aqu\u00ed para abrir la p\u00e1gina siguiente.<\/strong><\/a><br \/><br \/>Harskamp abre seis d\u00edas a la semana, cierra los domingos.<\/div><\/div><div id=\"wpforms-17611-field_35-container\" class=\"wpforms-field wpforms-field-date-time wpforms-one-half wpforms-first\" data-field-id=\"35\"><label class=\"wpforms-field-label\" for=\"wpforms-17611-field_35\">Fecha 1\u00aa preferencia <span class=\"wpforms-required-label\" aria-hidden=\"true\">*<\/span><\/label><div class=\"wpforms-datepicker-wrap\"><input type=\"text\" id=\"wpforms-17611-field_35\" class=\"wpforms-field-date-time-date wpforms-datepicker wpforms-field-required wpforms-field-large\" data-date-format=\"d\/m\/Y\" data-disable-past-dates=\"1\" data-disable-todays-date=\"0\" data-input=\"true\" name=\"wpforms[fields][35][date]\" aria-errormessage=\"wpforms-17611-field_35-error\" required><a title=\"Borrar fecha\" data-clear role=\"button\" tabindex=\"0\" class=\"wpforms-datepicker-clear\" aria-label=\"Borrar fecha\" style=\"display:none;\"><\/a><\/div><\/div><div id=\"wpforms-17611-field_36-container\" class=\"wpforms-field wpforms-field-date-time wpforms-one-half\" data-field-id=\"36\"><label class=\"wpforms-field-label\" for=\"wpforms-17611-field_36\">Fecha 2\u00aa preferencia <span class=\"wpforms-required-label\" aria-hidden=\"true\">*<\/span><\/label><div class=\"wpforms-datepicker-wrap\"><input type=\"text\" id=\"wpforms-17611-field_36\" class=\"wpforms-field-date-time-date wpforms-datepicker wpforms-field-required wpforms-field-large\" data-date-format=\"d\/m\/Y\" data-disable-past-dates=\"1\" data-disable-todays-date=\"0\" data-input=\"true\" name=\"wpforms[fields][36][date]\" aria-errormessage=\"wpforms-17611-field_36-error\" required><a title=\"Borrar fecha\" data-clear role=\"button\" tabindex=\"0\" class=\"wpforms-datepicker-clear\" aria-label=\"Borrar fecha\" style=\"display:none;\"><\/a><\/div><\/div><div id=\"wpforms-17611-field_34-container\" class=\"wpforms-field wpforms-field-phone\" data-field-id=\"34\"><label class=\"wpforms-field-label\" for=\"wpforms-17611-field_34\">N\u00famero de tel\u00e9fono <span class=\"wpforms-required-label\" aria-hidden=\"true\">*<\/span><\/label><input type=\"tel\" id=\"wpforms-17611-field_34\" class=\"wpforms-field-large wpforms-field-required\" data-rule-int-phone-field=\"true\" name=\"wpforms[fields][34]\" placeholder=\"disponible el mismo d\u00eda del vuelo\" aria-label=\"N\u00famero de tel\u00e9fono\" aria-errormessage=\"wpforms-17611-field_34-error\" required><\/div><div id=\"wpforms-17611-field_73-container\" class=\"wpforms-field wpforms-field-textarea\" data-field-id=\"73\"><label class=\"wpforms-field-label\" for=\"wpforms-17611-field_73\">Comentarios<\/label><textarea id=\"wpforms-17611-field_73\" class=\"wpforms-field-small wpforms-limit-characters-enabled\" data-form-id=\"17611\" data-field-id=\"73\" data-text-limit=\"100\" name=\"wpforms[fields][73]\" aria-errormessage=\"wpforms-17611-field_73-error\" maxlength=\"100\" ><\/textarea><\/div><div id=\"wpforms-17611-field_55-container\" class=\"wpforms-field wpforms-field-html\" data-field-id=\"55\"><div id=\"wpforms-17611-field_55\" aria-errormessage=\"wpforms-17611-field_55-error\"><hr \/><\/div><\/div><div id=\"wpforms-17611-field_37-container\" class=\"wpforms-field wpforms-field-name wpforms-one-half wpforms-first wpforms-conditional-field wpforms-conditional-show\" data-field-id=\"37\" style=\"display:none;\"><label class=\"wpforms-field-label\" for=\"wpforms-17611-field_37\">Persona 1 <span class=\"wpforms-required-label\" aria-hidden=\"true\">*<\/span><\/label><input type=\"text\" id=\"wpforms-17611-field_37\" class=\"wpforms-field-large wpforms-field-required\" name=\"wpforms[fields][37]\" placeholder=\"Nombre y apellidos\" aria-errormessage=\"wpforms-17611-field_37-error\" required><\/div><div id=\"wpforms-17611-field_42-container\" class=\"wpforms-field wpforms-field-number-slider wpforms-one-half wpforms-conditional-field wpforms-conditional-show\" data-field-id=\"42\" style=\"display:none;\"><label class=\"wpforms-field-label\" for=\"wpforms-17611-field_42\">Peso<\/label>\n<input\n\ttype=\"range\"\n\tid=\"wpforms-17611-field_42\" class=\"wpforms-field-medium\" name=\"wpforms[fields][42]\" value=\"84\" aria-errormessage=\"wpforms-17611-field_42-error\"\t\tmin=\"15\"\n\tmax=\"130\"\n\tstep=\"2\">\n\n<div class=\"wpforms-field-number-slider-hint\"\n\tdata-hint=\"{value} kilogram\">\n\t<b>84<\/b> kilogramo<\/div>\n<\/div><div id=\"wpforms-17611-field_38-container\" class=\"wpforms-field wpforms-field-name wpforms-one-half wpforms-first wpforms-conditional-field wpforms-conditional-show\" data-field-id=\"38\" style=\"display:none;\"><label class=\"wpforms-field-label\" for=\"wpforms-17611-field_38\">Persona 2<\/label><input type=\"text\" id=\"wpforms-17611-field_38\" class=\"wpforms-field-large\" name=\"wpforms[fields][38]\" placeholder=\"Nombre y apellidos\" aria-errormessage=\"wpforms-17611-field_38-error\" ><\/div><div id=\"wpforms-17611-field_43-container\" class=\"wpforms-field wpforms-field-number-slider wpforms-one-half wpforms-conditional-field wpforms-conditional-show\" data-field-id=\"43\" style=\"display:none;\"><label class=\"wpforms-field-label\" for=\"wpforms-17611-field_43\">Peso<\/label>\n<input\n\ttype=\"range\"\n\tid=\"wpforms-17611-field_43\" class=\"wpforms-field-medium\" name=\"wpforms[fields][43]\" value=\"84\" aria-errormessage=\"wpforms-17611-field_43-error\"\t\tmin=\"15\"\n\tmax=\"130\"\n\tstep=\"2\">\n\n<div class=\"wpforms-field-number-slider-hint\"\n\tdata-hint=\"{value} kilogram\">\n\t<b>84<\/b> kilogramo<\/div>\n<\/div><div id=\"wpforms-17611-field_39-container\" class=\"wpforms-field wpforms-field-name wpforms-one-half wpforms-first wpforms-conditional-field wpforms-conditional-show\" data-field-id=\"39\" style=\"display:none;\"><label class=\"wpforms-field-label\" for=\"wpforms-17611-field_39\">Persona 3<\/label><input type=\"text\" id=\"wpforms-17611-field_39\" class=\"wpforms-field-large\" name=\"wpforms[fields][39]\" placeholder=\"Nombre y apellidos\" aria-errormessage=\"wpforms-17611-field_39-error\" ><\/div><div id=\"wpforms-17611-field_44-container\" class=\"wpforms-field wpforms-field-number-slider wpforms-one-half wpforms-conditional-field wpforms-conditional-show\" data-field-id=\"44\" style=\"display:none;\"><label class=\"wpforms-field-label\" for=\"wpforms-17611-field_44\">Peso<\/label>\n<input\n\ttype=\"range\"\n\tid=\"wpforms-17611-field_44\" class=\"wpforms-field-medium\" name=\"wpforms[fields][44]\" value=\"84\" aria-errormessage=\"wpforms-17611-field_44-error\"\t\tmin=\"15\"\n\tmax=\"130\"\n\tstep=\"2\">\n\n<div class=\"wpforms-field-number-slider-hint\"\n\tdata-hint=\"{value} kilogram\">\n\t<b>84<\/b> kilogramo<\/div>\n<\/div><div id=\"wpforms-17611-field_40-container\" class=\"wpforms-field wpforms-field-name wpforms-one-half wpforms-first wpforms-conditional-field wpforms-conditional-show\" data-field-id=\"40\" style=\"display:none;\"><label class=\"wpforms-field-label\" for=\"wpforms-17611-field_40\">Persona 4<\/label><input type=\"text\" id=\"wpforms-17611-field_40\" class=\"wpforms-field-large\" name=\"wpforms[fields][40]\" placeholder=\"Nombre y apellidos\" aria-errormessage=\"wpforms-17611-field_40-error\" ><\/div><div id=\"wpforms-17611-field_45-container\" class=\"wpforms-field wpforms-field-number-slider wpforms-one-half wpforms-conditional-field wpforms-conditional-show\" data-field-id=\"45\" style=\"display:none;\"><label class=\"wpforms-field-label\" for=\"wpforms-17611-field_45\">Peso<\/label>\n<input\n\ttype=\"range\"\n\tid=\"wpforms-17611-field_45\" class=\"wpforms-field-medium\" name=\"wpforms[fields][45]\" value=\"84\" aria-errormessage=\"wpforms-17611-field_45-error\"\t\tmin=\"15\"\n\tmax=\"130\"\n\tstep=\"2\">\n\n<div class=\"wpforms-field-number-slider-hint\"\n\tdata-hint=\"{value} kilogram\">\n\t<b>84<\/b> kilogramo<\/div>\n<\/div><div id=\"wpforms-17611-field_59-container\" class=\"wpforms-field wpforms-field-name wpforms-one-half wpforms-first wpforms-conditional-field wpforms-conditional-show\" data-field-id=\"59\" style=\"display:none;\"><label class=\"wpforms-field-label\" for=\"wpforms-17611-field_59\">Persona 5<\/label><input type=\"text\" id=\"wpforms-17611-field_59\" class=\"wpforms-field-large\" name=\"wpforms[fields][59]\" placeholder=\"Nombre y apellidos\" aria-errormessage=\"wpforms-17611-field_59-error\" ><\/div><div id=\"wpforms-17611-field_60-container\" class=\"wpforms-field wpforms-field-number-slider wpforms-one-half wpforms-conditional-field wpforms-conditional-show\" data-field-id=\"60\" style=\"display:none;\"><label class=\"wpforms-field-label\" for=\"wpforms-17611-field_60\">Peso<\/label>\n<input\n\ttype=\"range\"\n\tid=\"wpforms-17611-field_60\" class=\"wpforms-field-medium\" name=\"wpforms[fields][60]\" value=\"84\" aria-errormessage=\"wpforms-17611-field_60-error\"\t\tmin=\"15\"\n\tmax=\"130\"\n\tstep=\"2\">\n\n<div class=\"wpforms-field-number-slider-hint\"\n\tdata-hint=\"{value} kilogram\">\n\t<b>84<\/b> kilogramo<\/div>\n<\/div><div id=\"wpforms-17611-field_61-container\" class=\"wpforms-field wpforms-field-name wpforms-one-half wpforms-first wpforms-conditional-field wpforms-conditional-show\" data-field-id=\"61\" style=\"display:none;\"><label class=\"wpforms-field-label\" for=\"wpforms-17611-field_61\">Persona 6<\/label><input type=\"text\" id=\"wpforms-17611-field_61\" class=\"wpforms-field-large\" name=\"wpforms[fields][61]\" placeholder=\"Nombre y apellidos\" aria-errormessage=\"wpforms-17611-field_61-error\" ><\/div><div id=\"wpforms-17611-field_62-container\" class=\"wpforms-field wpforms-field-number-slider wpforms-one-half wpforms-conditional-field wpforms-conditional-show\" data-field-id=\"62\" style=\"display:none;\"><label class=\"wpforms-field-label\" for=\"wpforms-17611-field_62\">Peso<\/label>\n<input\n\ttype=\"range\"\n\tid=\"wpforms-17611-field_62\" class=\"wpforms-field-medium\" name=\"wpforms[fields][62]\" value=\"84\" aria-errormessage=\"wpforms-17611-field_62-error\"\t\tmin=\"15\"\n\tmax=\"130\"\n\tstep=\"2\">\n\n<div class=\"wpforms-field-number-slider-hint\"\n\tdata-hint=\"{value} kilogram\">\n\t<b>84<\/b> kilogramo<\/div>\n<\/div><div id=\"wpforms-17611-field_74-container\" class=\"wpforms-field wpforms-field-gdpr-checkbox\" data-field-id=\"74\"><label class=\"wpforms-field-label\">Declaraci\u00f3n de acuerdo <span class=\"wpforms-required-label\" aria-hidden=\"true\">*<\/span><\/label><ul id=\"wpforms-17611-field_74\" class=\"wpforms-field-required\"><li class=\"choice-1\"><input type=\"checkbox\" id=\"wpforms-17611-field_74_1\" name=\"wpforms[fields][74][]\" value=\"Ik ga akkoord met de verwerking van mijn gegevens.\" aria-errormessage=\"wpforms-17611-field_74_1-error\" required><label class=\"wpforms-field-label-inline\" for=\"wpforms-17611-field_74_1\">Acepto el tratamiento de mis datos.<\/label><\/li><\/ul><\/div><\/div><!-- .wpforms-field-container --><div class=\"wpforms-recaptcha-container wpforms-is-recaptcha wpforms-is-recaptcha-type-v2\" ><div class=\"g-recaptcha\" data-sitekey=\"6LfOE_4pAAAAAIz_jZFC0YZWDrzQspr9jbuIPAIL\"><\/div><input type=\"text\" name=\"g-recaptcha-hidden\" class=\"wpforms-recaptcha-hidden\" style=\"position:absolute!important;clip:rect(0,0,0,0)!important;height:1px!important;width:1px!important;border:0!important;overflow:hidden!important;padding:0!important;margin:0!important;\" data-rule-recaptcha=\"1\"><\/div><div class=\"wpforms-submit-container\" ><input type=\"hidden\" name=\"wpforms[id]\" value=\"17611\"><input type=\"hidden\" name=\"page_title\" value=\"\"><input type=\"hidden\" name=\"page_url\" value=\"https:\/\/123helikoptervluchten.nl\/es\/wp-json\/wp\/v2\/pages\/17608\"><input type=\"hidden\" name=\"url_referer\" value=\"\"><button type=\"submit\" name=\"wpforms[submit]\" id=\"wpforms-submit-17611\" class=\"wpforms-submit\" data-alt-text=\"Versturen..\" data-submit-text=\"Aanvraag versturen\" aria-live=\"assertive\" value=\"wpforms-submit\">Enviar solicitud<\/button><img decoding=\"async\" src=\"https:\/\/123helikoptervluchten.nl\/wp-content\/plugins\/wpforms\/assets\/images\/submit-spin.svg\" class=\"wpforms-submit-spinner\" style=\"display: none;\" width=\"26\" height=\"26\" alt=\"Cargando\" title=\"\"><\/div><input type=\"hidden\" name=\"trp-form-language\" value=\"es\"\/><\/form><\/div>  <!-- .wpforms-container --><\/div>\n<div class=\"col-sm-5\">\n<p><img decoding=\"async\" src=\"https:\/\/123helikoptervluchten.nl\/wp-content\/uploads\/2021\/12\/helikoptervlucht-maken-1.jpg\" alt=\"canjear bono de vuelo en helic\u00f3ptero\" title=\"\"><\/p>\n<p><a href=\"\/es\/regalo\/cadeau-geven\/\">\u00bfQuiere regalar un cheque regalo? Haga clic en este enlace para hacerlo.<\/a><\/p>\n<\/div>\n<\/div>","protected":false},"excerpt":{"rendered":"<p>Canje de vales \/ cheques regalo \u00bfQuiere regalar un cheque regalo? Haga clic en este enlace para hacerlo.<\/p>","protected":false},"author":3,"featured_media":0,"parent":0,"menu_order":0,"comment_status":"closed","ping_status":"closed","template":"","meta":{"_acf_changed":false,"footnotes":""},"class_list":["post-17608","page","type-page","status-publish","hentry"],"acf":[],"_links":{"self":[{"href":"https:\/\/123helikoptervluchten.nl\/es\/wp-json\/wp\/v2\/pages\/17608","targetHints":{"allow":["GET"]}}],"collection":[{"href":"https:\/\/123helikoptervluchten.nl\/es\/wp-json\/wp\/v2\/pages"}],"about":[{"href":"https:\/\/123helikoptervluchten.nl\/es\/wp-json\/wp\/v2\/types\/page"}],"author":[{"embeddable":true,"href":"https:\/\/123helikoptervluchten.nl\/es\/wp-json\/wp\/v2\/users\/3"}],"replies":[{"embeddable":true,"href":"https:\/\/123helikoptervluchten.nl\/es\/wp-json\/wp\/v2\/comments?post=17608"}],"version-history":[{"count":0,"href":"https:\/\/123helikoptervluchten.nl\/es\/wp-json\/wp\/v2\/pages\/17608\/revisions"}],"wp:attachment":[{"href":"https:\/\/123helikoptervluchten.nl\/es\/wp-json\/wp\/v2\/media?parent=17608"}],"curies":[{"name":"wp","href":"https:\/\/api.w.org\/{rel}","templated":true}]}}