{"id":17460,"date":"2022-03-12T11:20:41","date_gmt":"2022-03-12T10:20:41","guid":{"rendered":"https:\/\/123helikoptervluchten.nl\/?page_id=17460"},"modified":"2024-04-04T12:14:05","modified_gmt":"2024-04-04T10:14:05","slug":"helikoptervlucht-tulpenvelden","status":"publish","type":"page","link":"https:\/\/123helikoptervluchten.nl\/es\/vuelo-en-helicoptero-3\/campos-de-tulipanes\/","title":{"rendered":"Vuelo en helic\u00f3ptero campos de tulipanes"},"content":{"rendered":"<p>Una escapada \u00fanica para regalarse a uno mismo o a otra persona es un vuelo en helic\u00f3ptero por los campos de tulipanes. No importa la edad que tengas, un vuelo en helic\u00f3ptero es una experiencia especial para todos. Y con un vuelo en helic\u00f3ptero por los campos de tulipanes, podr\u00e1s ver un lugar especial de los Pa\u00edses Bajos desde el aire. Hay varios lugares donde se pueden hacer hermosos vuelos en helic\u00f3ptero y ver los campos de tulipanes desde arriba. Ver los tulipanes desde arriba hace que un vuelo en helic\u00f3ptero sea muy especial.<\/p>\n<h2>Lugares de recogida para el vuelo en helic\u00f3ptero sobre los campos de tulipanes<\/h2>\n<p><a href=\"https:\/\/123helikoptervluchten.nl\/es\/vuelo-en-helicoptero-3\/bollenstreek\/\"><strong>Pulse aqu\u00ed<\/strong> para opciones y precios de <strong>Aeropuerto de Hilversum<\/strong> para el <strong>campos de bulbos <\/strong>en el medio ambiente<strong> Lisse.<\/strong><\/a><\/p>\n<h2>Ver tulipanes desde arriba<\/h2>\n<p>Un vuelo en helic\u00f3ptero le da la oportunidad de ver Holanda desde arriba. Pero un vuelo en helic\u00f3ptero por los campos de tulipanes le muestra algo m\u00e1s que las calles y las aguas de nuestro pa\u00eds. Precisamente esos campos de tulipanes se ven extra bonitos desde el aire. El conjunto de colores y las hileras llenas de flores son, por supuesto, ya agradables de ver desde tierra, pero extra especiales desde el aire. Puedes ver los campos enteros de un vistazo. Una vista para recordar, puede contar con un vuelo en helic\u00f3ptero campos de tulipanes.<\/p>\n<h2>A qu\u00e9 hora<\/h2>\n<p>Los tulipanes, por supuesto, no crecen todo el a\u00f1o, al menos no en el exterior. As\u00ed que si quieres ver los campos de tulipanes en el momento \u00f3ptimo, es necesario planificar su vuelo en helic\u00f3ptero campos de tulipanes en el momento adecuado. El momento m\u00e1s id\u00f3neo es entre mediados de abril y mediados de mayo. Es entonces cuando los tulipanes est\u00e1n en plena floraci\u00f3n. Otras flores florecen ya a mediados de marzo, y podr\u00e1 seguir disfrutando de los bellos colores de todas las flores hasta el verano. Pero el mayor apogeo de la floraci\u00f3n es, por tanto, en abril y mayo, lo que hace que sea el mejor periodo para su vuelo en helic\u00f3ptero por los campos de tulipanes.<\/p>\n<h2>En varias provincias<\/h2>\n<p>Hay varias provincias donde se puede hacer un vuelo en helic\u00f3ptero campos de tulipanes. De hecho, varias provincias tienen campos de tulipanes. Quiz\u00e1 el m\u00e1s famoso sea el de Keukenhof, en <a href=\"https:\/\/123helikoptervluchten.nl\/es\/vuelo-en-helicoptero-3\/lisse-noordwijk\/\">Lisse<\/a>. Esto ocurre al mismo tiempo en la regi\u00f3n de los bulbos, una zona con muchas flores para ver entre Leiden y Haarlem. Tambi\u00e9n en Zeeuws-Vlaanderen, Flevoland y Frisia Occidental puedes ver hermosos campos de tulipanes en flor. As\u00ed que hay muchos campos de flores y tulipanes que ver en Holanda y desde el helic\u00f3ptero.<\/p>\n<h2>Para todas las edades<\/h2>\n<p>Un vuelo en helic\u00f3ptero por los campos de tulipanes es realmente divertido para todos. Incluso si usted no es un amante de los tulipanes o las flores, se puede disfrutar de unas vistas \u00fanicas desde el helic\u00f3ptero. Aquellos que son fans disfrutar\u00e1n de un vuelo en helic\u00f3ptero campos de tulipanes de todos modos. Realmente no importa la edad que tenga y si es de la regi\u00f3n o no. En cualquier caso, un vuelo en helic\u00f3ptero de este tipo es una experiencia \u00fanica que no olvidar\u00e1 pronto.<\/p>","protected":false},"excerpt":{"rendered":"<p>Una escapada \u00fanica para regalarse a uno mismo o a otra persona es un vuelo en helic\u00f3ptero por los campos de tulipanes. No importa la edad que tengas, un vuelo en helic\u00f3ptero es una experiencia especial para todos. Y con un vuelo en helic\u00f3ptero a los campos de tulipanes, podr\u00e1s ver un lugar especial de Holanda desde el aire. Hay varios lugares [...]<\/p>","protected":false},"author":8,"featured_media":0,"parent":0,"menu_order":0,"comment_status":"closed","ping_status":"closed","template":"","meta":{"_acf_changed":false,"footnotes":""},"class_list":["post-17460","page","type-page","status-publish","hentry"],"acf":[],"_links":{"self":[{"href":"https:\/\/123helikoptervluchten.nl\/es\/wp-json\/wp\/v2\/pages\/17460","targetHints":{"allow":["GET"]}}],"collection":[{"href":"https:\/\/123helikoptervluchten.nl\/es\/wp-json\/wp\/v2\/pages"}],"about":[{"href":"https:\/\/123helikoptervluchten.nl\/es\/wp-json\/wp\/v2\/types\/page"}],"author":[{"embeddable":true,"href":"https:\/\/123helikoptervluchten.nl\/es\/wp-json\/wp\/v2\/users\/8"}],"replies":[{"embeddable":true,"href":"https:\/\/123helikoptervluchten.nl\/es\/wp-json\/wp\/v2\/comments?post=17460"}],"version-history":[{"count":0,"href":"https:\/\/123helikoptervluchten.nl\/es\/wp-json\/wp\/v2\/pages\/17460\/revisions"}],"wp:attachment":[{"href":"https:\/\/123helikoptervluchten.nl\/es\/wp-json\/wp\/v2\/media?parent=17460"}],"curies":[{"name":"wp","href":"https:\/\/api.w.org\/{rel}","templated":true}]}}