{"id":17,"date":"2021-04-14T12:47:36","date_gmt":"2021-04-14T12:47:36","guid":{"rendered":"https:\/\/dev.surv.nl\/123h\/?page_id=17"},"modified":"2025-05-01T18:43:42","modified_gmt":"2025-05-01T16:43:42","slug":"over-ons","status":"publish","type":"page","link":"https:\/\/123helikoptervluchten.nl\/es\/over-ons\/","title":{"rendered":"Qui\u00e9nes somos"},"content":{"rendered":"<div class=\"row\">\n<div class=\"col-xl-8 col-sm-12\">\n<p class=\"main-text\">\"Cuando te comprometes, construyes esperanza. Cuando lo mantienes, construyes confianza\".<\/p>\n<p><a class=\"button button-orange video-btn\" href=\"#\" data-bs-toggle=\"modal\" data-src=\"https:\/\/player.vimeo.com\/video\/649600219\" data-bs-target=\"#videoModal\">Vea nuestro v\u00eddeo corporativo<\/a><\/p>\n<p>En 123Helikoptervluchten encontrar\u00e1 todos los <a title=\"vuelos en helic\u00f3ptero\" href=\"\/es\/\">vuelos en helic\u00f3ptero<\/a> de todos los lugares juntos. Basta con mirar y comparar en un solo sitio web. Se acab\u00f3 buscar como una aguja en un pajar. \u00bfSu ubicaci\u00f3n y soluci\u00f3n no aparecen en la lista? P\u00f3ngase en contacto con nosotros, tambi\u00e9n ofrecemos soluciones personalizadas.<\/p>\n<h2>Cronolog\u00eda<\/h2>\n<p><strong>2010<\/strong><br \/>\nEste es el a\u00f1o en que decid\u00ed sacarme la licencia de helic\u00f3ptero. Como comercial, para convertirlo en un trabajo a tiempo completo. Antes de eso, llevaba m\u00e1s de 10 a\u00f1os en el mundo de la ingenier\u00eda, como mec\u00e1nico supervisor en instalaciones de baja tensi\u00f3n, audio y telecomunicaciones.<\/p>\n<p><strong>2012<\/strong><br \/>\nAqu\u00ed es donde empec\u00e9 RondvluchtHelikopter.nl, para proporcionar a las personas con informaci\u00f3n y la capacidad de reservar vuelos en l\u00ednea. \ud83c\udf89<\/p>\n<p><strong>2014<\/strong><br \/>\nMi primer trabajo a tiempo completo en Tailandia, sobrevolando maravillosamente Bangkok y sus alrededores.<\/p>\n<p><strong>2016<\/strong><br \/>\nEl siguiente reto fue en Alemania, donde pilot\u00e9 el helic\u00f3ptero EC135 en el sector de los parques e\u00f3licos en alta mar.<\/p>\n<p><strong>2017<\/strong><br \/>\nEste a\u00f1o, 123Helikoptervluchten vio la luz al encontrarse RondvluchtHelikopter.nl con limitaciones. La oferta creci\u00f3, y las ventas crecieron con ella. \ud83c\udf89<\/p>\n<p><strong>2019<\/strong><br \/>\nA mediados de este a\u00f1o, empec\u00e9 a volar desde Inglaterra en el AW139, a las plataformas petrol\u00edferas. M\u00e1s tarde, ese mismo a\u00f1o, empec\u00e9 a volar desde \u00c1frica Occidental, tambi\u00e9n a las plataformas petrol\u00edferas. Mientras tanto, dondequiera que me siente, con una conexi\u00f3n a Internet y un ordenador port\u00e1til, dirijo 123Helikoptervluchten \ud83d\ude42 .<\/p>\n<p><strong>2021<\/strong><br \/>\nExpansi\u00f3n: un desarrollador web y un comercializador online se han unido a 123Helikoptervluchten. A principios de 2022 esperamos lanzar un nuevo sitio web para 123Helikoptervluchten. Despu\u00e9s de eso, esperamos lanzar otros negocios en l\u00ednea, \u00a1est\u00e9n atentos!<\/p>\n<p><strong>2022<br \/>\n<\/strong>Sigo trabajando en \u00c1frica Occidental. 4 semanas all\u00ed y luego 4 semanas libres en Holanda, en casa con mi familia.<\/p>\n<p style=\"margin-bottom: 0px; padding-bottom: 0px;\"><strong>Objetivos futuros<\/strong><\/p>\n<ul style=\"font-size: 18px; font-weight: 500;\">\n<li>Pasar m\u00e1s tiempo con mi mujer y mis hijos, despu\u00e9s de 3 varones, \u00a1ahora hay una hija en camino! \ud83e\udd73<\/li>\n<li>volar a la luna, preferiblemente con pernocta \ud83d\ude80.<\/li>\n<li>perder peso (peso) y un paquete de seis (Heineken) \ud83d\udcaa<\/li>\n<li>Empezar otras plataformas online como emprendedor, y mi objetivo como piloto que a\u00fan mantengo en secreto \ud83d\ude09<\/li>\n<\/ul>\n<p><strong>2023<\/strong><br \/>\nSeptiembre: nos encaminamos a un crecimiento de ventas &gt;60% respecto al a\u00f1o pasado. En parte porque el sitio web renovado lleva ya casi 2 a\u00f1os como una casa. Estamos muy contentos. Pero a\u00fan no hemos llegado a ese punto. Sigo viendo oportunidades y \u00e1reas de mejora por todas partes, y paso a paso las estamos implementando. Todo sea por una experiencia mejor.<\/p>\n<p><strong>2024<\/strong><br \/>\nOctubre: ya hemos superado el volumen de negocio de todo el a\u00f1o pasado, por lo que el crecimiento sigue siendo agradable. Este mes tambi\u00e9n hemos presentado nuestro nuevo logotipo. El antiguo logotipo se centraba principalmente en el mercado privado. Pero en los \u00faltimos a\u00f1os se han ido a\u00f1adiendo cada vez m\u00e1s encargos empresariales, as\u00ed que ahora tenemos un logotipo que atrae tanto al mercado privado como al empresarial. Esperamos que os guste el logotipo \ud83d\ude42 .<\/p>\n<p>Viejo:<br \/>\n<img decoding=\"async\" class=\"alignnone wp-image-19458\" src=\"https:\/\/123helikoptervluchten.nl\/wp-content\/uploads\/2024\/05\/logo-1200x328.jpg\" alt=\"Logotipo de 123Helicopter flights\" width=\"391\" height=\"107\" title=\"\" srcset=\"https:\/\/123helikoptervluchten.nl\/wp-content\/uploads\/2024\/05\/logo-1200x328.jpg 1200w, https:\/\/123helikoptervluchten.nl\/wp-content\/uploads\/2024\/05\/logo-scaled-600x164.jpg 600w, https:\/\/123helikoptervluchten.nl\/wp-content\/uploads\/2024\/05\/logo-300x82.jpg 300w, https:\/\/123helikoptervluchten.nl\/wp-content\/uploads\/2024\/05\/logo-768x210.jpg 768w, https:\/\/123helikoptervluchten.nl\/wp-content\/uploads\/2024\/05\/logo-1536x419.jpg 1536w, https:\/\/123helikoptervluchten.nl\/wp-content\/uploads\/2024\/05\/logo-2048x559.jpg 2048w, https:\/\/123helikoptervluchten.nl\/wp-content\/uploads\/2024\/05\/logo-18x5.jpg 18w, https:\/\/123helikoptervluchten.nl\/wp-content\/uploads\/2024\/05\/logo-60x16.jpg 60w, https:\/\/123helikoptervluchten.nl\/wp-content\/uploads\/2024\/05\/logo-110x30.jpg 110w\" sizes=\"(max-width: 391px) 100vw, 391px\" \/><\/p>\n<p>Novedad:<br \/>\n<img decoding=\"async\" class=\"alignnone wp-image-19822\" src=\"https:\/\/123helikoptervluchten.nl\/wp-content\/uploads\/2024\/10\/Main-logo-Transperent.png\" alt=\"Nuevo logotipo 123Helicopterflights\" width=\"396\" height=\"98\" title=\"\" srcset=\"https:\/\/123helikoptervluchten.nl\/wp-content\/uploads\/2024\/10\/Main-logo-Transperent.png 869w, https:\/\/123helikoptervluchten.nl\/wp-content\/uploads\/2024\/10\/Main-logo-Transperent-300x75.png 300w, https:\/\/123helikoptervluchten.nl\/wp-content\/uploads\/2024\/10\/Main-logo-Transperent-768x192.png 768w, https:\/\/123helikoptervluchten.nl\/wp-content\/uploads\/2024\/10\/Main-logo-Transperent-18x4.png 18w, https:\/\/123helikoptervluchten.nl\/wp-content\/uploads\/2024\/10\/Main-logo-Transperent-60x15.png 60w, https:\/\/123helikoptervluchten.nl\/wp-content\/uploads\/2024\/10\/Main-logo-Transperent-110x27.png 110w, https:\/\/123helikoptervluchten.nl\/wp-content\/uploads\/2024\/10\/Main-logo-Transperent-600x150.png 600w\" sizes=\"(max-width: 396px) 100vw, 396px\" \/><\/p>\n<p>Si tienes alguna pregunta, dir\u00edgete a la p\u00e1gina de contacto y no dudes en preguntar. \u00a1Que tenga un buen d\u00eda!<\/p>\n<p>Un saludo desenfadado,<br \/>\nWilfred Boerendans - propietario y piloto<br \/>\n<a href=\"https:\/\/www.linkedin.com\/in\/wilfredboerendans\/\" rel=\"nofollow noopener\" target=\"_blank\"><img decoding=\"async\" class=\"alignnone wp-image-19948\" src=\"https:\/\/123helikoptervluchten.nl\/wp-content\/uploads\/2024\/12\/1656958733linkedin-logo-png-1200x302.png\" alt=\"LinkedIn Wilfred\" width=\"95\" height=\"24\" title=\"\" srcset=\"https:\/\/123helikoptervluchten.nl\/wp-content\/uploads\/2024\/12\/1656958733linkedin-logo-png-1200x302.png 1200w, https:\/\/123helikoptervluchten.nl\/wp-content\/uploads\/2024\/12\/1656958733linkedin-logo-png-300x76.png 300w, https:\/\/123helikoptervluchten.nl\/wp-content\/uploads\/2024\/12\/1656958733linkedin-logo-png-768x194.png 768w, https:\/\/123helikoptervluchten.nl\/wp-content\/uploads\/2024\/12\/1656958733linkedin-logo-png-1536x387.png 1536w, https:\/\/123helikoptervluchten.nl\/wp-content\/uploads\/2024\/12\/1656958733linkedin-logo-png-18x5.png 18w, https:\/\/123helikoptervluchten.nl\/wp-content\/uploads\/2024\/12\/1656958733linkedin-logo-png-60x15.png 60w, https:\/\/123helikoptervluchten.nl\/wp-content\/uploads\/2024\/12\/1656958733linkedin-logo-png-110x28.png 110w, https:\/\/123helikoptervluchten.nl\/wp-content\/uploads\/2024\/12\/1656958733linkedin-logo-png-600x151.png 600w, https:\/\/123helikoptervluchten.nl\/wp-content\/uploads\/2024\/12\/1656958733linkedin-logo-png.png 2000w\" sizes=\"(max-width: 95px) 100vw, 95px\" \/><\/a><\/p>\n<p><img decoding=\"async\" class=\"alignnone size-full wp-image-18983\" src=\"https:\/\/123helikoptervluchten.nl\/wp-content\/uploads\/2023\/09\/1630346833762.jpeg\" alt=\"piloto de helic\u00f3ptero\" width=\"150\" height=\"150\" title=\"\" srcset=\"https:\/\/123helikoptervluchten.nl\/wp-content\/uploads\/2023\/09\/1630346833762.jpeg 150w, https:\/\/123helikoptervluchten.nl\/wp-content\/uploads\/2023\/09\/1630346833762-60x60.jpeg 60w, https:\/\/123helikoptervluchten.nl\/wp-content\/uploads\/2023\/09\/1630346833762-110x110.jpeg 110w\" sizes=\"(max-width: 150px) 100vw, 150px\" \/><\/p>\n<\/div>\n<div class=\"col-xl-4 col-sm-12\"><img decoding=\"async\" class=\"wp-image-287 alignleft\" src=\"https:\/\/123helikoptervluchten.nl\/wp-content\/uploads\/2021\/04\/05-600x600@2x-300x300.jpg\" alt=\"\" width=\"678\" height=\"678\" title=\"\" srcset=\"https:\/\/123helikoptervluchten.nl\/wp-content\/uploads\/2021\/04\/05-600x600@2x-300x300.jpg 300w, https:\/\/123helikoptervluchten.nl\/wp-content\/uploads\/2021\/04\/05-600x600@2x-600x600.jpg 600w, https:\/\/123helikoptervluchten.nl\/wp-content\/uploads\/2021\/04\/05-600x600@2x-1024x1024.jpg 1024w, https:\/\/123helikoptervluchten.nl\/wp-content\/uploads\/2021\/04\/05-600x600@2x-150x150.jpg 150w, https:\/\/123helikoptervluchten.nl\/wp-content\/uploads\/2021\/04\/05-600x600@2x-768x768.jpg 768w, https:\/\/123helikoptervluchten.nl\/wp-content\/uploads\/2021\/04\/05-600x600@2x.jpg 1200w\" sizes=\"(max-width: 678px) 100vw, 678px\" \/><\/div>\n<\/div>","protected":false},"excerpt":{"rendered":"<p>\"Cuando te comprometes, construyes esperanza. Cuando lo mantienes, construyes confianza\". Vea el v\u00eddeo de nuestra empresa En 123Helikopterflights encontrar\u00e1 todos los vuelos en helic\u00f3ptero desde todos los lugares agrupados. F\u00e1cil de buscar y comparar, 1 sitio web. As\u00ed que se acab\u00f3 el buscar como una aguja en un pajar, no tiene por qu\u00e9 ser tan dif\u00edcil. \u00bfEs su ubicaci\u00f3n y la soluci\u00f3n [...]<\/p>","protected":false},"author":10,"featured_media":0,"parent":0,"menu_order":0,"comment_status":"closed","ping_status":"closed","template":"","meta":{"_acf_changed":false,"footnotes":""},"class_list":["post-17","page","type-page","status-publish","hentry"],"acf":[],"_links":{"self":[{"href":"https:\/\/123helikoptervluchten.nl\/es\/wp-json\/wp\/v2\/pages\/17","targetHints":{"allow":["GET"]}}],"collection":[{"href":"https:\/\/123helikoptervluchten.nl\/es\/wp-json\/wp\/v2\/pages"}],"about":[{"href":"https:\/\/123helikoptervluchten.nl\/es\/wp-json\/wp\/v2\/types\/page"}],"author":[{"embeddable":true,"href":"https:\/\/123helikoptervluchten.nl\/es\/wp-json\/wp\/v2\/users\/10"}],"replies":[{"embeddable":true,"href":"https:\/\/123helikoptervluchten.nl\/es\/wp-json\/wp\/v2\/comments?post=17"}],"version-history":[{"count":0,"href":"https:\/\/123helikoptervluchten.nl\/es\/wp-json\/wp\/v2\/pages\/17\/revisions"}],"wp:attachment":[{"href":"https:\/\/123helikoptervluchten.nl\/es\/wp-json\/wp\/v2\/media?parent=17"}],"curies":[{"name":"wp","href":"https:\/\/api.w.org\/{rel}","templated":true}]}}