{"id":9893,"date":"2018-12-13T20:06:14","date_gmt":"2018-12-13T19:06:14","guid":{"rendered":"https:\/\/123helikoptervluchten.nl\/product\/cadeaubon-helikopter\/"},"modified":"2025-05-02T00:14:55","modified_gmt":"2025-05-01T22:14:55","slug":"geschenkgutschein-hubschrauber","status":"publish","type":"product","link":"https:\/\/123helikoptervluchten.nl\/de\/gutscheine\/gutscheinhubschrauber\/","title":{"rendered":"Gutschein \ud83c\udf89."},"excerpt":{"rendered":"<p>W\u00e4hlen Sie unten, wie hoch der Wert des Gutscheins sein darf. Sie k\u00f6nnen sich diesen Betrag selbst ausdenken. Nach dem Kauf erhalten Sie einen sch\u00f6nen Gutschein mit Ihrem Wert, mit einem Rabattcode und einer Anleitung. Sie k\u00f6nnen ihn dann ausdrucken, eine pers\u00f6nliche Nachricht schreiben, wenn Sie m\u00f6chten, und er wird mit einer Reihe von Hubschrauberfotos h\u00fcbsch verziert. Ein Gutschein ist 1 Jahr lang g\u00fcltig und kann in unserem Webshop f\u00fcr einen Hubschrauberflug oder eine Hubschrauberstunde eingel\u00f6st werden.<\/p>","protected":false},"featured_media":18625,"template":"","meta":{"_acf_changed":false},"product_brand":[],"product_cat":[34],"product_tag":[],"class_list":{"0":"post-9893","1":"product","2":"type-product","3":"status-publish","4":"has-post-thumbnail","6":"product_cat-waardebonnen","7":"tm-no-options","9":"first","10":"instock","11":"virtual","12":"sold-individually","13":"taxable","14":"purchasable","15":"product-type-simple"},"acf":[],"gallery_images":[],"_links":{"self":[{"href":"https:\/\/123helikoptervluchten.nl\/de\/wp-json\/wp\/v2\/product\/9893","targetHints":{"allow":["GET"]}}],"collection":[{"href":"https:\/\/123helikoptervluchten.nl\/de\/wp-json\/wp\/v2\/product"}],"about":[{"href":"https:\/\/123helikoptervluchten.nl\/de\/wp-json\/wp\/v2\/types\/product"}],"wp:featuredmedia":[{"embeddable":true,"href":"https:\/\/123helikoptervluchten.nl\/de\/wp-json\/wp\/v2\/media\/18625"}],"wp:attachment":[{"href":"https:\/\/123helikoptervluchten.nl\/de\/wp-json\/wp\/v2\/media?parent=9893"}],"wp:term":[{"taxonomy":"product_brand","embeddable":true,"href":"https:\/\/123helikoptervluchten.nl\/de\/wp-json\/wp\/v2\/product_brand?post=9893"},{"taxonomy":"product_cat","embeddable":true,"href":"https:\/\/123helikoptervluchten.nl\/de\/wp-json\/wp\/v2\/product_cat?post=9893"},{"taxonomy":"product_tag","embeddable":true,"href":"https:\/\/123helikoptervluchten.nl\/de\/wp-json\/wp\/v2\/product_tag?post=9893"}],"curies":[{"name":"wp","href":"https:\/\/api.w.org\/{rel}","templated":true}]}}