{"id":8257,"date":"2018-05-02T13:35:28","date_gmt":"2018-05-02T12:35:28","guid":{"rendered":"https:\/\/123helikoptervluchten.nl\/product\/helikoptervlucht-purmerend\/"},"modified":"2023-06-26T21:59:10","modified_gmt":"2023-06-26T19:59:10","slug":"purmerend","status":"publish","type":"product","link":"https:\/\/123helikoptervluchten.nl\/de\/hubschrauberflug\/purmerend\/","title":{"rendered":"Hubschrauberflug Purmerend"},"excerpt":{"rendered":"<p>Machen Sie eine <strong>Hubschrauberflug Purmerend<\/strong> f\u00fcr 1-6 Personen. Es gibt keinen kommerziellen Hubschrauber f\u00fcr Rundfl\u00fcge in der Umgebung von Purmerend. Daher der Einstiegsort <strong>Hilversum Flughafen<\/strong> ist, von dort zu diesem Ort zu fliegen, mit einem sch\u00f6nen Rundflug und Umgebung, und wieder zur\u00fcck.<\/p>","protected":false},"featured_media":17582,"template":"","meta":{"_acf_changed":false},"product_brand":[],"product_cat":[28],"product_tag":[],"class_list":{"0":"post-8257","1":"product","2":"type-product","3":"status-publish","4":"has-post-thumbnail","6":"product_cat-helikoptervlucht","7":"tm-no-options","9":"first","10":"instock","11":"virtual","12":"taxable","13":"purchasable","14":"product-type-simple"},"acf":[],"gallery_images":[],"_links":{"self":[{"href":"https:\/\/123helikoptervluchten.nl\/de\/wp-json\/wp\/v2\/product\/8257","targetHints":{"allow":["GET"]}}],"collection":[{"href":"https:\/\/123helikoptervluchten.nl\/de\/wp-json\/wp\/v2\/product"}],"about":[{"href":"https:\/\/123helikoptervluchten.nl\/de\/wp-json\/wp\/v2\/types\/product"}],"wp:featuredmedia":[{"embeddable":true,"href":"https:\/\/123helikoptervluchten.nl\/de\/wp-json\/wp\/v2\/media\/17582"}],"wp:attachment":[{"href":"https:\/\/123helikoptervluchten.nl\/de\/wp-json\/wp\/v2\/media?parent=8257"}],"wp:term":[{"taxonomy":"product_brand","embeddable":true,"href":"https:\/\/123helikoptervluchten.nl\/de\/wp-json\/wp\/v2\/product_brand?post=8257"},{"taxonomy":"product_cat","embeddable":true,"href":"https:\/\/123helikoptervluchten.nl\/de\/wp-json\/wp\/v2\/product_cat?post=8257"},{"taxonomy":"product_tag","embeddable":true,"href":"https:\/\/123helikoptervluchten.nl\/de\/wp-json\/wp\/v2\/product_tag?post=8257"}],"curies":[{"name":"wp","href":"https:\/\/api.w.org\/{rel}","templated":true}]}}