{"id":6438,"date":"2017-03-30T09:43:44","date_gmt":"2017-03-30T07:43:44","guid":{"rendered":"https:\/\/123helikoptervluchten.nl\/product\/helikoptervlucht-tilburg\/"},"modified":"2024-05-03T18:23:00","modified_gmt":"2024-05-03T16:23:00","slug":"hubschrauberflug-tilburg","status":"publish","type":"product","link":"https:\/\/123helikoptervluchten.nl\/de\/hubschrauberflug\/tilburg\/","title":{"rendered":"Hubschrauberflug Tilburg"},"excerpt":{"rendered":"<p>Buchen Sie einen Hubschrauberflug Tilburg und sehen Sie die Umgebung von Tilburg? Dies ist m\u00f6glich f\u00fcr 4 Personen von einem 10-min\u00fctigen Hubschrauber-Rundflug. Dies ist ein privater Flug und es werden keine anderen Personen mitfliegen. Die Fl\u00fcge finden zu festen Terminen statt.<\/p>","protected":false},"featured_media":14758,"template":"","meta":{"_acf_changed":false},"product_brand":[],"product_cat":[28,18],"product_tag":[],"class_list":{"0":"post-6438","1":"product","2":"type-product","3":"status-publish","4":"has-post-thumbnail","6":"product_cat-helikoptervlucht","7":"product_cat-geen-categorie","8":"tm-no-options","10":"first","11":"instock","12":"virtual","13":"taxable","14":"purchasable","15":"product-type-simple"},"acf":[],"gallery_images":[],"_links":{"self":[{"href":"https:\/\/123helikoptervluchten.nl\/de\/wp-json\/wp\/v2\/product\/6438","targetHints":{"allow":["GET"]}}],"collection":[{"href":"https:\/\/123helikoptervluchten.nl\/de\/wp-json\/wp\/v2\/product"}],"about":[{"href":"https:\/\/123helikoptervluchten.nl\/de\/wp-json\/wp\/v2\/types\/product"}],"wp:featuredmedia":[{"embeddable":true,"href":"https:\/\/123helikoptervluchten.nl\/de\/wp-json\/wp\/v2\/media\/14758"}],"wp:attachment":[{"href":"https:\/\/123helikoptervluchten.nl\/de\/wp-json\/wp\/v2\/media?parent=6438"}],"wp:term":[{"taxonomy":"product_brand","embeddable":true,"href":"https:\/\/123helikoptervluchten.nl\/de\/wp-json\/wp\/v2\/product_brand?post=6438"},{"taxonomy":"product_cat","embeddable":true,"href":"https:\/\/123helikoptervluchten.nl\/de\/wp-json\/wp\/v2\/product_cat?post=6438"},{"taxonomy":"product_tag","embeddable":true,"href":"https:\/\/123helikoptervluchten.nl\/de\/wp-json\/wp\/v2\/product_tag?post=6438"}],"curies":[{"name":"wp","href":"https:\/\/api.w.org\/{rel}","templated":true}]}}